{"id":732135,"date":"2024-10-16T17:09:36","date_gmt":"2024-10-16T15:09:36","guid":{"rendered":"https:\/\/streetmarkets.fr\/app\/produit\/robe-marianne-fraise\/"},"modified":"2025-01-28T01:01:36","modified_gmt":"2025-01-28T00:01:36","slug":"robe-marianne-fraise","status":"publish","type":"product","link":"https:\/\/streetmarkets.fr\/app\/produit\/robe-marianne-fraise\/","title":{"rendered":"robe MARIANNE fraise"},"content":{"rendered":"<p>jolie robe f\u00e9minine et confortable\u00a0<\/p>\n<\/p>\n<p>. d\u00e9tails : manches courtes, \u00e9vas\u00e9es et fendues . coupe large . d\u00e9collet\u00e9 V \u00e0 l&#8217;avant . cintr\u00e9e \u00e0 la taille . longue fente sur les c\u00f4t\u00e9s<\/p>\n<p>. composition : 70 % viscose . 30 % polyester\u00a0<\/p>\n<p>. conseils d&#8217;entretien : repassage \u00e0 temp\u00e9rature moyenne . lavage en machine \u00e0 30\u00b0C . programme d\u00e9licat\u00a0<\/p>\n","protected":false},"excerpt":{"rendered":"<p>jolie robe f\u00e9minine et confortable\u00a0 . d\u00e9tails : manches courtes, \u00e9vas\u00e9es et fendues . coupe large . d\u00e9collet\u00e9 V \u00e0 l&#8217;avant . cintr\u00e9e \u00e0 la taille . longue fente sur les c\u00f4t\u00e9s . composition : 70 % viscose . 30 % polyester\u00a0 . conseils d&#8217;entretien : repassage \u00e0 temp\u00e9rature moyenne . lavage en machine \u00e0 [&hellip;]<\/p>\n","protected":false},"featured_media":732136,"comment_status":"open","ping_status":"closed","template":"","meta":[],"product_brand":[],"product_cat":[1756,1762],"product_tag":[2244],"acf":[],"_links":{"self":[{"href":"https:\/\/streetmarkets.fr\/app\/wp-json\/wp\/v2\/product\/732135"}],"collection":[{"href":"https:\/\/streetmarkets.fr\/app\/wp-json\/wp\/v2\/product"}],"about":[{"href":"https:\/\/streetmarkets.fr\/app\/wp-json\/wp\/v2\/types\/product"}],"replies":[{"embeddable":true,"href":"https:\/\/streetmarkets.fr\/app\/wp-json\/wp\/v2\/comments?post=732135"}],"wp:featuredmedia":[{"embeddable":true,"href":"https:\/\/streetmarkets.fr\/app\/wp-json\/wp\/v2\/media\/732136"}],"wp:attachment":[{"href":"https:\/\/streetmarkets.fr\/app\/wp-json\/wp\/v2\/media?parent=732135"}],"wp:term":[{"taxonomy":"product_brand","embeddable":true,"href":"https:\/\/streetmarkets.fr\/app\/wp-json\/wp\/v2\/product_brand?post=732135"},{"taxonomy":"product_cat","embeddable":true,"href":"https:\/\/streetmarkets.fr\/app\/wp-json\/wp\/v2\/product_cat?post=732135"},{"taxonomy":"product_tag","embeddable":true,"href":"https:\/\/streetmarkets.fr\/app\/wp-json\/wp\/v2\/product_tag?post=732135"}],"curies":[{"name":"wp","href":"https:\/\/api.w.org\/{rel}","templated":true}]}}