{"id":732113,"date":"2024-10-16T17:09:34","date_gmt":"2024-10-16T15:09:34","guid":{"rendered":"https:\/\/streetmarkets.fr\/app\/produit\/pantalon-pietra-bleu\/"},"modified":"2025-01-28T01:01:36","modified_gmt":"2025-01-28T00:01:36","slug":"pantalon-pietra-bleu","status":"publish","type":"product","link":"https:\/\/streetmarkets.fr\/app\/produit\/pantalon-pietra-bleu\/","title":{"rendered":"pantalon PIETRA bleu"},"content":{"rendered":"<p>joli pantalon doux et ample pour un look estival d\u00e9contract\u00e9<\/p>\n<\/p>\n<p>. d\u00e9tails : coupe large . ample . large ceinture \u00e9lastiqu\u00e9e avec lien de nouage . poches italiennes\u00a0<\/p>\n<p>. composition : 100 % lyocell\u00a0<\/p>\n<p>. conseils d&#8217;entretien : lavage \u00e0 30\u00b0C . programme d\u00e9licat . laver avec des couleurs similaires\u00a0<\/p>\n","protected":false},"excerpt":{"rendered":"<p>joli pantalon doux et ample pour un look estival d\u00e9contract\u00e9 . d\u00e9tails : coupe large . ample . large ceinture \u00e9lastiqu\u00e9e avec lien de nouage . poches italiennes\u00a0 . composition : 100 % lyocell\u00a0 . conseils d&#8217;entretien : lavage \u00e0 30\u00b0C . programme d\u00e9licat . laver avec des couleurs similaires\u00a0<\/p>\n","protected":false},"featured_media":732114,"comment_status":"open","ping_status":"closed","template":"","meta":[],"product_brand":[],"product_cat":[1756,1762],"product_tag":[2244],"acf":[],"_links":{"self":[{"href":"https:\/\/streetmarkets.fr\/app\/wp-json\/wp\/v2\/product\/732113"}],"collection":[{"href":"https:\/\/streetmarkets.fr\/app\/wp-json\/wp\/v2\/product"}],"about":[{"href":"https:\/\/streetmarkets.fr\/app\/wp-json\/wp\/v2\/types\/product"}],"replies":[{"embeddable":true,"href":"https:\/\/streetmarkets.fr\/app\/wp-json\/wp\/v2\/comments?post=732113"}],"wp:featuredmedia":[{"embeddable":true,"href":"https:\/\/streetmarkets.fr\/app\/wp-json\/wp\/v2\/media\/732114"}],"wp:attachment":[{"href":"https:\/\/streetmarkets.fr\/app\/wp-json\/wp\/v2\/media?parent=732113"}],"wp:term":[{"taxonomy":"product_brand","embeddable":true,"href":"https:\/\/streetmarkets.fr\/app\/wp-json\/wp\/v2\/product_brand?post=732113"},{"taxonomy":"product_cat","embeddable":true,"href":"https:\/\/streetmarkets.fr\/app\/wp-json\/wp\/v2\/product_cat?post=732113"},{"taxonomy":"product_tag","embeddable":true,"href":"https:\/\/streetmarkets.fr\/app\/wp-json\/wp\/v2\/product_tag?post=732113"}],"curies":[{"name":"wp","href":"https:\/\/api.w.org\/{rel}","templated":true}]}}