{"id":732048,"date":"2024-10-16T17:09:25","date_gmt":"2024-10-16T15:09:25","guid":{"rendered":"https:\/\/streetmarkets.fr\/app\/produit\/top-texas-flocon\/"},"modified":"2025-01-28T01:01:35","modified_gmt":"2025-01-28T00:01:35","slug":"top-texas-flocon","status":"publish","type":"product","link":"https:\/\/streetmarkets.fr\/app\/produit\/top-texas-flocon\/","title":{"rendered":"top TEXAS flocon"},"content":{"rendered":"<p>tr\u00e8s joli top court en soie, \u00e9l\u00e9gant qui s&#8217;adapte \u00e0 chaque occasion<\/p>\n<\/p>\n<p>. d\u00e9tails : forme droite . coupe courte . encolure carr\u00e9e\u00a0<\/p>\n<p>. composition : 100% soie\u00a0<\/p>\n<p>. conseils d&#8217;entretien : lavage 30\u00b0c d\u00e9licat . pas de blanchiment . pas de s\u00e9chage en tambour . repassage \u00e0 temp\u00e9rature faible\u00a0<\/p>\n","protected":false},"excerpt":{"rendered":"<p>tr\u00e8s joli top court en soie, \u00e9l\u00e9gant qui s&#8217;adapte \u00e0 chaque occasion . d\u00e9tails : forme droite . coupe courte . encolure carr\u00e9e\u00a0 . composition : 100% soie\u00a0 . conseils d&#8217;entretien : lavage 30\u00b0c d\u00e9licat . pas de blanchiment . pas de s\u00e9chage en tambour . repassage \u00e0 temp\u00e9rature faible\u00a0<\/p>\n","protected":false},"featured_media":732049,"comment_status":"open","ping_status":"closed","template":"","meta":[],"product_brand":[],"product_cat":[1756,1762],"product_tag":[2244],"acf":[],"_links":{"self":[{"href":"https:\/\/streetmarkets.fr\/app\/wp-json\/wp\/v2\/product\/732048"}],"collection":[{"href":"https:\/\/streetmarkets.fr\/app\/wp-json\/wp\/v2\/product"}],"about":[{"href":"https:\/\/streetmarkets.fr\/app\/wp-json\/wp\/v2\/types\/product"}],"replies":[{"embeddable":true,"href":"https:\/\/streetmarkets.fr\/app\/wp-json\/wp\/v2\/comments?post=732048"}],"wp:featuredmedia":[{"embeddable":true,"href":"https:\/\/streetmarkets.fr\/app\/wp-json\/wp\/v2\/media\/732049"}],"wp:attachment":[{"href":"https:\/\/streetmarkets.fr\/app\/wp-json\/wp\/v2\/media?parent=732048"}],"wp:term":[{"taxonomy":"product_brand","embeddable":true,"href":"https:\/\/streetmarkets.fr\/app\/wp-json\/wp\/v2\/product_brand?post=732048"},{"taxonomy":"product_cat","embeddable":true,"href":"https:\/\/streetmarkets.fr\/app\/wp-json\/wp\/v2\/product_cat?post=732048"},{"taxonomy":"product_tag","embeddable":true,"href":"https:\/\/streetmarkets.fr\/app\/wp-json\/wp\/v2\/product_tag?post=732048"}],"curies":[{"name":"wp","href":"https:\/\/api.w.org\/{rel}","templated":true}]}}