{"id":732039,"date":"2024-10-16T17:09:24","date_gmt":"2024-10-16T15:09:24","guid":{"rendered":"https:\/\/streetmarkets.fr\/app\/produit\/jupe-amber-blue\/"},"modified":"2025-01-28T01:01:35","modified_gmt":"2025-01-28T00:01:35","slug":"jupe-amber-blue","status":"publish","type":"product","link":"https:\/\/streetmarkets.fr\/app\/produit\/jupe-amber-blue\/","title":{"rendered":"jupe AMBER blue"},"content":{"rendered":"<p>jolie jupe longue en jean avec fente sur\u00a0le devant\u00a0<\/p>\n<\/p>\n<p>. d\u00e9tails : poches avant . poches plaqu\u00e9es au dos . fermeture avec braguette zipp\u00e9e\u00a0<\/p>\n<p>. composition : 100% coton\u00a0<\/p>\n<p>. longueur : 93 cm pour une taille XS<\/p>\n<p>. conseil d&#8217;entretien : lavage \u00e0 30\u00b0C\u00a0<\/p>\n","protected":false},"excerpt":{"rendered":"<p>jolie jupe longue en jean avec fente sur\u00a0le devant\u00a0 . d\u00e9tails : poches avant . poches plaqu\u00e9es au dos . fermeture avec braguette zipp\u00e9e\u00a0 . composition : 100% coton\u00a0 . longueur : 93 cm pour une taille XS . conseil d&#8217;entretien : lavage \u00e0 30\u00b0C\u00a0<\/p>\n","protected":false},"featured_media":732040,"comment_status":"open","ping_status":"closed","template":"","meta":[],"product_brand":[],"product_cat":[1756,1762],"product_tag":[2244],"acf":[],"_links":{"self":[{"href":"https:\/\/streetmarkets.fr\/app\/wp-json\/wp\/v2\/product\/732039"}],"collection":[{"href":"https:\/\/streetmarkets.fr\/app\/wp-json\/wp\/v2\/product"}],"about":[{"href":"https:\/\/streetmarkets.fr\/app\/wp-json\/wp\/v2\/types\/product"}],"replies":[{"embeddable":true,"href":"https:\/\/streetmarkets.fr\/app\/wp-json\/wp\/v2\/comments?post=732039"}],"wp:featuredmedia":[{"embeddable":true,"href":"https:\/\/streetmarkets.fr\/app\/wp-json\/wp\/v2\/media\/732040"}],"wp:attachment":[{"href":"https:\/\/streetmarkets.fr\/app\/wp-json\/wp\/v2\/media?parent=732039"}],"wp:term":[{"taxonomy":"product_brand","embeddable":true,"href":"https:\/\/streetmarkets.fr\/app\/wp-json\/wp\/v2\/product_brand?post=732039"},{"taxonomy":"product_cat","embeddable":true,"href":"https:\/\/streetmarkets.fr\/app\/wp-json\/wp\/v2\/product_cat?post=732039"},{"taxonomy":"product_tag","embeddable":true,"href":"https:\/\/streetmarkets.fr\/app\/wp-json\/wp\/v2\/product_tag?post=732039"}],"curies":[{"name":"wp","href":"https:\/\/api.w.org\/{rel}","templated":true}]}}