{"id":730199,"date":"2024-10-16T16:47:33","date_gmt":"2024-10-16T14:47:33","guid":{"rendered":"https:\/\/streetmarkets.fr\/app\/produit\/parapluie-a-canne-en-bois-sigle-le-glazik\/"},"modified":"2026-05-07T00:42:46","modified_gmt":"2026-05-06T22:42:46","slug":"parapluie-a-canne-en-bois-sigle-le-glazik","status":"publish","type":"product","link":"https:\/\/streetmarkets.fr\/app\/produit\/parapluie-a-canne-en-bois-sigle-le-glazik\/","title":{"rendered":"Parapluie \u00e0 canne en bois sigl\u00e9 Le Glazik"},"content":{"rendered":"<p>Le parapluie droit indispensable pour se balader par temps couvert qui vous offre la solidit\u00e9 d&#8217;une fabrication fran\u00e7aise et les finitions haut-de-gamme d&#8217;un parapluie de luxe fabriqu\u00e9 artisanalement \u00e0 Aurillac, capitale du parapluie.<\/p>\n<p>Le Glazik propose aux d\u00e9fenseurs du made in France un parapluie premium \u00e0 canne en bois v\u00e9ritable et \u00e0 ouverture automatique.<\/p>\n<p>Le parapluie-canne sigl\u00e9 LE GLAZIK et \u00e0 <span style=\"text-decoration:underline\">ouverture automatique<\/span>, fabriqu\u00e9 en France par Piganiol.<\/p>\n<\/p>\n<p class=\"MsoNormal\">Le parapluie droit indispensable pour se balader par temps couvert qui vous offre la solidit\u00e9 d&#8217;une fabrication fran\u00e7aise et les finitions haut-de-gamme d&#8217;un parapluie de luxe fabriqu\u00e9 artisanalement \u00e0 Aurillac, capitale du parapluie.<\/p>\n<p class=\"MsoNormal\">Ce parapluie est l\u00e9ger \u00e0 tenir en main mais r\u00e9sistant aux coups de vents.<\/p>\n<p class=\"MsoNormal\">Un accessoire incontournable pour l&#8217;hiver. C&#8217;est un achat qui s&#8217;accorde bien avec un caban authentique, un kabig ou duflle coat ou encore une vareuse au printemps.<\/p>\n<\/p>\n<h3>Composition<\/h3>\n<\/p>\n<p>Canne en bois v\u00e9ritable.<\/p>\n<\/p>\n<h3>Entretien<\/h3>\n<\/p>\n<p class=\"MsoNormal\">Quelques r\u00e8gles d&#8217;or \u00e0 respecter pour conserver votre parapluie le plus longtemps possible:<\/p>\n<\/p>\n<ul style=\"list-style-type:circle\">\n<li>Toujours le <span style=\"text-decoration:underline\">laisser s\u00e9cher ouvert<\/span>.<\/li>\n<li>Le tenir \u00e9loign\u00e9 de la lumi\u00e8re du soleil (ne pas le poser sur la plage arri\u00e8re de la voiture par exemple).<\/li>\n<li>Le nettoyer avec des produits simples comme de l&#8217;eau et du savon. Avec le temps il est possible que la toile se tache, nous vous d\u00e9conseillons les produits trop agressifs, l&#8217;eau de javel et autres sont \u00e0 proscrire, car ils ab\u00eement la fibre du tissu et fragilisent la toile. Il est pr\u00e9f\u00e9rable d&#8217;utiliser du d\u00e9tachant textile ou \u00e0 d\u00e9faut de le confier \u00e0 un professionnel.<\/li>\n<li>Le replier correctement lorsque vous ne l&#8217;utilisez pas.<\/li>\n<\/ul>\n<p><!-- [if gte mso 9]&gt;--><\/p>\n<p><!-- [if gte mso 9]&gt;--><\/p>\n<p>  Normal<br \/>\n  0<\/p>\n<p>  21<\/p>\n<p>  false<br \/>\n  false<br \/>\n  false<\/p>\n<p>  FR<br \/>\n  X-NONE<br \/>\n  X-NONE<\/p>\n<p><!-- [if gte mso 9]&gt;--><\/p>\n<p><!-- [if gte mso 10]&gt;--><\/p>\n<p> \/* Style Definitions *\/<br \/>\n table.MsoNormalTable<br \/>\n\t{mso-style-name:&#8221;Tableau Normal&#8221;;<br \/>\n\tmso-tstyle-rowband-size:0;<br \/>\n\tmso-tstyle-colband-size:0;<br \/>\n\tmso-style-noshow:yes;<br \/>\n\tmso-style-priority:99;<br \/>\n\tmso-style-parent:&#8221;&#8221;;<br \/>\n\tmso-padding-alt:0cm 5.4pt 0cm 5.4pt;<br \/>\n\tmso-para-margin-top:0cm;<br \/>\n\tmso-para-margin-right:0cm;<br \/>\n\tmso-para-margin-bottom:10.0pt;<br \/>\n\tmso-para-margin-left:0cm;<br \/>\n\tline-height:115%;<br \/>\n\tmso-pagination:widow-orphan;<br \/>\n\tfont-size:11.0pt;<br \/>\n\tfont-family:&#8221;Calibri&#8221;,&#8221;sans-serif&#8221;;<br \/>\n\tmso-ascii-font-family:Calibri;<br \/>\n\tmso-ascii-theme-font:minor-latin;<br \/>\n\tmso-hansi-font-family:Calibri;<br \/>\n\tmso-hansi-theme-font:minor-latin;<br \/>\n\tmso-fareast-language:EN-US;}<\/p>\n","protected":false},"excerpt":{"rendered":"<p>Le parapluie droit indispensable pour se balader par temps couvert qui vous offre la solidit\u00e9 d&#8217;une fabrication fran\u00e7aise et les finitions haut-de-gamme d&#8217;un parapluie de luxe fabriqu\u00e9 artisanalement \u00e0 Aurillac, capitale du parapluie. Le Glazik propose aux d\u00e9fenseurs du made in France un parapluie premium \u00e0 canne en bois v\u00e9ritable et \u00e0 ouverture automatique. Le [&hellip;]<\/p>\n","protected":false},"featured_media":730200,"comment_status":"open","ping_status":"closed","template":"","meta":[],"product_brand":[],"product_cat":[1756,1764],"product_tag":[1810],"acf":[],"_links":{"self":[{"href":"https:\/\/streetmarkets.fr\/app\/wp-json\/wp\/v2\/product\/730199"}],"collection":[{"href":"https:\/\/streetmarkets.fr\/app\/wp-json\/wp\/v2\/product"}],"about":[{"href":"https:\/\/streetmarkets.fr\/app\/wp-json\/wp\/v2\/types\/product"}],"replies":[{"embeddable":true,"href":"https:\/\/streetmarkets.fr\/app\/wp-json\/wp\/v2\/comments?post=730199"}],"wp:featuredmedia":[{"embeddable":true,"href":"https:\/\/streetmarkets.fr\/app\/wp-json\/wp\/v2\/media\/730200"}],"wp:attachment":[{"href":"https:\/\/streetmarkets.fr\/app\/wp-json\/wp\/v2\/media?parent=730199"}],"wp:term":[{"taxonomy":"product_brand","embeddable":true,"href":"https:\/\/streetmarkets.fr\/app\/wp-json\/wp\/v2\/product_brand?post=730199"},{"taxonomy":"product_cat","embeddable":true,"href":"https:\/\/streetmarkets.fr\/app\/wp-json\/wp\/v2\/product_cat?post=730199"},{"taxonomy":"product_tag","embeddable":true,"href":"https:\/\/streetmarkets.fr\/app\/wp-json\/wp\/v2\/product_tag?post=730199"}],"curies":[{"name":"wp","href":"https:\/\/api.w.org\/{rel}","templated":true}]}}