{"id":730018,"date":"2024-10-16T16:47:17","date_gmt":"2024-10-16T14:47:17","guid":{"rendered":"https:\/\/streetmarkets.fr\/app\/produit\/mariniere-ecru-uni-mixte\/"},"modified":"2026-05-09T00:42:42","modified_gmt":"2026-05-08T22:42:42","slug":"mariniere-ecru-uni-mixte","status":"publish","type":"product","link":"https:\/\/streetmarkets.fr\/app\/produit\/mariniere-ecru-uni-mixte\/","title":{"rendered":"Marini\u00e8re Ecru Uni, mixte"},"content":{"rendered":"<p>V\u00e9ritable best seller, la marini\u00e8re Ecru uni est un incontournable des vestiaires quel que soit la saison. Marini\u00e8re chic, \u00e9l\u00e9gante, d\u00e9contract\u00e9e.<\/p>\n<p>La marini\u00e8re Ecru uni en coton lourd.\u00a0<\/p>\n<p>V\u00e9ritable best seller, la marini\u00e8re Ecru uni est un incontournable des vestiaires quel que soit la saison. La couleur Ecru associ\u00e9e au coton lourd iconique de la marque Orcival font de ce tshirt un v\u00eatement chic, \u00e9l\u00e9gant, qui s&#8217;associe \u00e0 toutes les situations, d\u00e9contract\u00e9es ou au contraire plus formelles.\u00a0<\/p>\n<p>Fleuron de la collection en coton lourd, cette marini\u00e8re est un intemporel. Faite pour durer comme tous les produits Orcival depuis 1939, elle sera dans votre garde robe pour de nombreuses ann\u00e9es sans se d\u00e9moder.\u00a0<\/p>\n<p>V\u00e9ritable h\u00e9ritage de la marque, elle reprend les codes historiques :\u00a0<\/p>\n<p>&#8211; L&#8217;\u00e9cusson avec l&#8217;abeille historique<\/p>\n<p>&#8211; 100% coton lourd<\/p>\n<p>&#8211; Fabrication dans notre atelier en France depuis 1939<\/p>\n<p>&#8211; Coupe droite qui ne visse pas<\/p>\n<p>&#8211; Le col bateau<\/p><\/p>\n","protected":false},"excerpt":{"rendered":"<p>V\u00e9ritable best seller, la marini\u00e8re Ecru uni est un incontournable des vestiaires quel que soit la saison. Marini\u00e8re chic, \u00e9l\u00e9gante, d\u00e9contract\u00e9e. La marini\u00e8re Ecru uni en coton lourd.\u00a0 V\u00e9ritable best seller, la marini\u00e8re Ecru uni est un incontournable des vestiaires quel que soit la saison. La couleur Ecru associ\u00e9e au coton lourd iconique de la [&hellip;]<\/p>\n","protected":false},"featured_media":730019,"comment_status":"open","ping_status":"closed","template":"","meta":[],"product_brand":[],"product_cat":[1756],"product_tag":[],"acf":[],"_links":{"self":[{"href":"https:\/\/streetmarkets.fr\/app\/wp-json\/wp\/v2\/product\/730018"}],"collection":[{"href":"https:\/\/streetmarkets.fr\/app\/wp-json\/wp\/v2\/product"}],"about":[{"href":"https:\/\/streetmarkets.fr\/app\/wp-json\/wp\/v2\/types\/product"}],"replies":[{"embeddable":true,"href":"https:\/\/streetmarkets.fr\/app\/wp-json\/wp\/v2\/comments?post=730018"}],"wp:featuredmedia":[{"embeddable":true,"href":"https:\/\/streetmarkets.fr\/app\/wp-json\/wp\/v2\/media\/730019"}],"wp:attachment":[{"href":"https:\/\/streetmarkets.fr\/app\/wp-json\/wp\/v2\/media?parent=730018"}],"wp:term":[{"taxonomy":"product_brand","embeddable":true,"href":"https:\/\/streetmarkets.fr\/app\/wp-json\/wp\/v2\/product_brand?post=730018"},{"taxonomy":"product_cat","embeddable":true,"href":"https:\/\/streetmarkets.fr\/app\/wp-json\/wp\/v2\/product_cat?post=730018"},{"taxonomy":"product_tag","embeddable":true,"href":"https:\/\/streetmarkets.fr\/app\/wp-json\/wp\/v2\/product_tag?post=730018"}],"curies":[{"name":"wp","href":"https:\/\/api.w.org\/{rel}","templated":true}]}}