{"id":729979,"date":"2024-10-16T16:47:12","date_gmt":"2024-10-16T14:47:12","guid":{"rendered":"https:\/\/streetmarkets.fr\/app\/produit\/mariniere-ecru-granite-mixte\/"},"modified":"2026-05-09T00:42:42","modified_gmt":"2026-05-08T22:42:42","slug":"mariniere-ecru-granite-mixte","status":"publish","type":"product","link":"https:\/\/streetmarkets.fr\/app\/produit\/mariniere-ecru-granite-mixte\/","title":{"rendered":"Marini\u00e8re \u00c9cru \/ Granite, mixte"},"content":{"rendered":"<p>Produit fait pour durer depuis sa cr\u00e9ation, la marini\u00e8re authentique se d\u00e9cline facilement dans de nombreux styles et couleurs pour le plus grand plaisir des fans de la rayure.<\/p>\n<p>La marini\u00e8re authentique Ecru \/ Granite en coton lourd.\u00a0<\/p>\n<p>Les marini\u00e8res Orcival font parties du patrimoine fran\u00e7ais. Produit fait pour durer depuis sa cr\u00e9ation, la marini\u00e8re authentique se d\u00e9cline facilement dans de nombreux styles et couleurs pour le plus grand plaisir des fans de la rayure.\u00a0<\/p>\n<p>Le coloris granite qui fait r\u00e9f\u00e9rence \u00e0 la pierre tr\u00e8s pr\u00e9sente dans le quotidien des fran\u00e7ais \u00e0 travers de nombreuses utilisations urbaines, ajoute \u00e0 cette marini\u00e8re une touche moderne et casual.\u00a0<\/p>\n<p>Elle respecte ses caract\u00e9ristiques immuables :<\/p>\n<p>&#8211; Le col bateau<\/p>\n<p>&#8211; L&#8217;\u00e9cusson abeille<\/p>\n<p>&#8211; 100% coton lourd<\/p>\n<p>&#8211; Fabrication fran\u00e7aise dans notre atelier<\/p>\n<p>&#8211; Coupe droite qui ne visse pas<\/p><\/p>\n","protected":false},"excerpt":{"rendered":"<p>Produit fait pour durer depuis sa cr\u00e9ation, la marini\u00e8re authentique se d\u00e9cline facilement dans de nombreux styles et couleurs pour le plus grand plaisir des fans de la rayure. La marini\u00e8re authentique Ecru \/ Granite en coton lourd.\u00a0 Les marini\u00e8res Orcival font parties du patrimoine fran\u00e7ais. Produit fait pour durer depuis sa cr\u00e9ation, la marini\u00e8re [&hellip;]<\/p>\n","protected":false},"featured_media":729980,"comment_status":"open","ping_status":"closed","template":"","meta":[],"product_brand":[],"product_cat":[1756],"product_tag":[],"acf":[],"_links":{"self":[{"href":"https:\/\/streetmarkets.fr\/app\/wp-json\/wp\/v2\/product\/729979"}],"collection":[{"href":"https:\/\/streetmarkets.fr\/app\/wp-json\/wp\/v2\/product"}],"about":[{"href":"https:\/\/streetmarkets.fr\/app\/wp-json\/wp\/v2\/types\/product"}],"replies":[{"embeddable":true,"href":"https:\/\/streetmarkets.fr\/app\/wp-json\/wp\/v2\/comments?post=729979"}],"wp:featuredmedia":[{"embeddable":true,"href":"https:\/\/streetmarkets.fr\/app\/wp-json\/wp\/v2\/media\/729980"}],"wp:attachment":[{"href":"https:\/\/streetmarkets.fr\/app\/wp-json\/wp\/v2\/media?parent=729979"}],"wp:term":[{"taxonomy":"product_brand","embeddable":true,"href":"https:\/\/streetmarkets.fr\/app\/wp-json\/wp\/v2\/product_brand?post=729979"},{"taxonomy":"product_cat","embeddable":true,"href":"https:\/\/streetmarkets.fr\/app\/wp-json\/wp\/v2\/product_cat?post=729979"},{"taxonomy":"product_tag","embeddable":true,"href":"https:\/\/streetmarkets.fr\/app\/wp-json\/wp\/v2\/product_tag?post=729979"}],"curies":[{"name":"wp","href":"https:\/\/api.w.org\/{rel}","templated":true}]}}