{"id":729949,"date":"2024-10-16T16:47:04","date_gmt":"2024-10-16T14:47:04","guid":{"rendered":"https:\/\/streetmarkets.fr\/app\/produit\/mariniere-marine-rouge-mixte\/"},"modified":"2026-04-21T00:42:37","modified_gmt":"2026-04-20T22:42:37","slug":"mariniere-marine-rouge-mixte","status":"publish","type":"product","link":"https:\/\/streetmarkets.fr\/app\/produit\/mariniere-marine-rouge-mixte\/","title":{"rendered":"Marini\u00e8re Marine \/ Rouge, mixte"},"content":{"rendered":"<p>Ce beau tshirt ray\u00e9 dans la meilleure des qualit\u00e9s apporte de la couleur \u00e0 votre vestiaire.<\/p>\n<p>La marini\u00e8re Marine \/ Rouge en coton lourd.\u00a0<\/p>\n<p>Cette marini\u00e8re en coton lourd dans les teintes vives apporte du peps \u00e0 votre garde robe. Ce beau tshirt ray\u00e9 dans la meilleure des qualit\u00e9s apporte de la couleur \u00e0 votre vestiaire. Facile \u00e0 porter pour homme et femme, cette marini\u00e8re mixte affirme votre style \u00e0 travers ces rayures historiques des marins.\u00a0<\/p>\n<p>V\u00eatement durable et fait pour durer elle sera un \u00e9l\u00e9ment classique de votre garde robe pour bien des ann\u00e9es.\u00a0<\/p>\n<\/p>\n<p>Elle respecte les codes d\u00e9finit il y a plus d&#8217;un si\u00e8cle :\u00a0<\/p>\n<p>&#8211; Col bateau<\/p>\n<p>&#8211; Fabrication fran\u00e7aise dans notre atelier<\/p>\n<p>&#8211; Coupe droite qui ne visse pas<\/p>\n<p>&#8211; Ecusson avec l&#8217;abeille<\/p>\n<p>&#8211; 100% coton lourd<\/p>\n","protected":false},"excerpt":{"rendered":"<p>Ce beau tshirt ray\u00e9 dans la meilleure des qualit\u00e9s apporte de la couleur \u00e0 votre vestiaire. La marini\u00e8re Marine \/ Rouge en coton lourd.\u00a0 Cette marini\u00e8re en coton lourd dans les teintes vives apporte du peps \u00e0 votre garde robe. Ce beau tshirt ray\u00e9 dans la meilleure des qualit\u00e9s apporte de la couleur \u00e0 votre [&hellip;]<\/p>\n","protected":false},"featured_media":729950,"comment_status":"open","ping_status":"closed","template":"","meta":[],"product_brand":[],"product_cat":[1756,1762],"product_tag":[1810,1811],"acf":[],"_links":{"self":[{"href":"https:\/\/streetmarkets.fr\/app\/wp-json\/wp\/v2\/product\/729949"}],"collection":[{"href":"https:\/\/streetmarkets.fr\/app\/wp-json\/wp\/v2\/product"}],"about":[{"href":"https:\/\/streetmarkets.fr\/app\/wp-json\/wp\/v2\/types\/product"}],"replies":[{"embeddable":true,"href":"https:\/\/streetmarkets.fr\/app\/wp-json\/wp\/v2\/comments?post=729949"}],"wp:featuredmedia":[{"embeddable":true,"href":"https:\/\/streetmarkets.fr\/app\/wp-json\/wp\/v2\/media\/729950"}],"wp:attachment":[{"href":"https:\/\/streetmarkets.fr\/app\/wp-json\/wp\/v2\/media?parent=729949"}],"wp:term":[{"taxonomy":"product_brand","embeddable":true,"href":"https:\/\/streetmarkets.fr\/app\/wp-json\/wp\/v2\/product_brand?post=729949"},{"taxonomy":"product_cat","embeddable":true,"href":"https:\/\/streetmarkets.fr\/app\/wp-json\/wp\/v2\/product_cat?post=729949"},{"taxonomy":"product_tag","embeddable":true,"href":"https:\/\/streetmarkets.fr\/app\/wp-json\/wp\/v2\/product_tag?post=729949"}],"curies":[{"name":"wp","href":"https:\/\/api.w.org\/{rel}","templated":true}]}}