{"id":729841,"date":"2024-10-16T16:46:52","date_gmt":"2024-10-16T14:46:52","guid":{"rendered":"https:\/\/streetmarkets.fr\/app\/produit\/mariniere-ecru-soleil-mixte\/"},"modified":"2026-05-02T00:42:45","modified_gmt":"2026-05-01T22:42:45","slug":"mariniere-ecru-soleil-mixte","status":"publish","type":"product","link":"https:\/\/streetmarkets.fr\/app\/produit\/mariniere-ecru-soleil-mixte\/","title":{"rendered":"Marini\u00e8re Ecru \/ Soleil, mixte"},"content":{"rendered":"<p>La marini\u00e8re Ecru \/ Soleil apporte de la lumi\u00e8re dans votre garde robe. Que ce soit homme ou femme, les couleurs vives et joyeuses de cette marini\u00e8re printani\u00e8re vous donnera le sourire toute l&#8217;ann\u00e9e.<\/p>\n<p>Marini\u00e8re authentique Ecru \/ Soleil en coton lourd.\u00a0<\/p>\n<p>La marini\u00e8re Ecru \/ Soleil apporte de la lumi\u00e8re dans votre garde robe. Que ce soit homme ou femme, les couleurs vives et joyeuses de cette marini\u00e8re printani\u00e8re vous donnera le sourire toute l&#8217;ann\u00e9e.\u00a0<\/p>\n<p>La combinaison de l&#8217;\u00e9cru avec le jaune vous donne bon teint et bonne sant\u00e9. Tr\u00e8s bord de mer c&#8217;est la marini\u00e8re \u00e0 emporter en vacances sur les cotes fran\u00e7aises.\u00a0<\/p>\n<p>Les marini\u00e8res Orcival sont fabriqu\u00e9s depuis 1939 selon les m\u00eames codes :\u00a0<\/p>\n<p>&#8211; Col bateau<\/p>\n<p>&#8211; Ecusson avec notre embl\u00e9matique abeille<\/p>\n<p>&#8211; 100% coton lourd<\/p>\n<p>&#8211; Fabrication fran\u00e7aise<\/p>\n<p>&#8211; Coupe droite qui ne visse pas<\/p><\/p>\n","protected":false},"excerpt":{"rendered":"<p>La marini\u00e8re Ecru \/ Soleil apporte de la lumi\u00e8re dans votre garde robe. Que ce soit homme ou femme, les couleurs vives et joyeuses de cette marini\u00e8re printani\u00e8re vous donnera le sourire toute l&#8217;ann\u00e9e. Marini\u00e8re authentique Ecru \/ Soleil en coton lourd.\u00a0 La marini\u00e8re Ecru \/ Soleil apporte de la lumi\u00e8re dans votre garde robe. [&hellip;]<\/p>\n","protected":false},"featured_media":729842,"comment_status":"open","ping_status":"closed","template":"","meta":[],"product_brand":[],"product_cat":[1756,1762],"product_tag":[1810,1811],"acf":[],"_links":{"self":[{"href":"https:\/\/streetmarkets.fr\/app\/wp-json\/wp\/v2\/product\/729841"}],"collection":[{"href":"https:\/\/streetmarkets.fr\/app\/wp-json\/wp\/v2\/product"}],"about":[{"href":"https:\/\/streetmarkets.fr\/app\/wp-json\/wp\/v2\/types\/product"}],"replies":[{"embeddable":true,"href":"https:\/\/streetmarkets.fr\/app\/wp-json\/wp\/v2\/comments?post=729841"}],"wp:featuredmedia":[{"embeddable":true,"href":"https:\/\/streetmarkets.fr\/app\/wp-json\/wp\/v2\/media\/729842"}],"wp:attachment":[{"href":"https:\/\/streetmarkets.fr\/app\/wp-json\/wp\/v2\/media?parent=729841"}],"wp:term":[{"taxonomy":"product_brand","embeddable":true,"href":"https:\/\/streetmarkets.fr\/app\/wp-json\/wp\/v2\/product_brand?post=729841"},{"taxonomy":"product_cat","embeddable":true,"href":"https:\/\/streetmarkets.fr\/app\/wp-json\/wp\/v2\/product_cat?post=729841"},{"taxonomy":"product_tag","embeddable":true,"href":"https:\/\/streetmarkets.fr\/app\/wp-json\/wp\/v2\/product_tag?post=729841"}],"curies":[{"name":"wp","href":"https:\/\/api.w.org\/{rel}","templated":true}]}}