{"id":729819,"date":"2024-10-16T16:46:49","date_gmt":"2024-10-16T14:46:49","guid":{"rendered":"https:\/\/streetmarkets.fr\/app\/produit\/mariniere-ecru-bleu-mixte\/"},"modified":"2026-05-02T00:42:44","modified_gmt":"2026-05-01T22:42:44","slug":"mariniere-ecru-bleu-mixte","status":"publish","type":"product","link":"https:\/\/streetmarkets.fr\/app\/produit\/mariniere-ecru-bleu-mixte\/","title":{"rendered":"Marini\u00e8re Ecru \/ Bleu, mixte"},"content":{"rendered":"<p>La belle marini\u00e8re Ecru \/ Bleu rappelle nos belles cotes fran\u00e7aises. Que ce soit la cote d&#8217;azur ou encore nos plages sur la cote atlantique, la beau bleu nous rappelle nos vacances pass\u00e9es ou \u00e0 venir.<\/p>\n<p>La marini\u00e8re authentique Ecru \/ Bleu en coton lourd.\u00a0<\/p>\n<p>La belle marini\u00e8re Ecru \/ Bleu rappelle nos belles cotes fran\u00e7aises. Que ce soit la cote d&#8217;azur ou encore nos plages sur la cote atlantique, la beau bleu nous rappelle nos vacances pass\u00e9es ou \u00e0 venir.\u00a0<\/p>\n<p>Chic et d\u00e9contract\u00e9e la marini\u00e8re historique Orcival convient \u00e0 tous, homme ou femme, petits et grands. Elle est intemporelle et moderne, on la porte toute l&#8217;ann\u00e9e avec tout notre vestiaire. C&#8217;est la pi\u00e8ce de base de toute garde robe.\u00a0<\/p>\n<p>Nos belles marini\u00e8res sont fabriqu\u00e9es \u00e0 l&#8217;identique dans notre atelier depuis 1939 :<\/p>\n<p>&#8211; Ecusson abeille<\/p>\n<p>&#8211; Coupe droite<\/p>\n<p>&#8211; 100% coton lourd<\/p>\n<p>&#8211; Fabrication fran\u00e7aise<\/p>\n<p>&#8211; Col bateau<\/p><\/p>\n","protected":false},"excerpt":{"rendered":"<p>La belle marini\u00e8re Ecru \/ Bleu rappelle nos belles cotes fran\u00e7aises. Que ce soit la cote d&#8217;azur ou encore nos plages sur la cote atlantique, la beau bleu nous rappelle nos vacances pass\u00e9es ou \u00e0 venir. La marini\u00e8re authentique Ecru \/ Bleu en coton lourd.\u00a0 La belle marini\u00e8re Ecru \/ Bleu rappelle nos belles cotes [&hellip;]<\/p>\n","protected":false},"featured_media":729820,"comment_status":"open","ping_status":"closed","template":"","meta":[],"product_brand":[],"product_cat":[1756,1762],"product_tag":[1810,1811],"acf":[],"_links":{"self":[{"href":"https:\/\/streetmarkets.fr\/app\/wp-json\/wp\/v2\/product\/729819"}],"collection":[{"href":"https:\/\/streetmarkets.fr\/app\/wp-json\/wp\/v2\/product"}],"about":[{"href":"https:\/\/streetmarkets.fr\/app\/wp-json\/wp\/v2\/types\/product"}],"replies":[{"embeddable":true,"href":"https:\/\/streetmarkets.fr\/app\/wp-json\/wp\/v2\/comments?post=729819"}],"wp:featuredmedia":[{"embeddable":true,"href":"https:\/\/streetmarkets.fr\/app\/wp-json\/wp\/v2\/media\/729820"}],"wp:attachment":[{"href":"https:\/\/streetmarkets.fr\/app\/wp-json\/wp\/v2\/media?parent=729819"}],"wp:term":[{"taxonomy":"product_brand","embeddable":true,"href":"https:\/\/streetmarkets.fr\/app\/wp-json\/wp\/v2\/product_brand?post=729819"},{"taxonomy":"product_cat","embeddable":true,"href":"https:\/\/streetmarkets.fr\/app\/wp-json\/wp\/v2\/product_cat?post=729819"},{"taxonomy":"product_tag","embeddable":true,"href":"https:\/\/streetmarkets.fr\/app\/wp-json\/wp\/v2\/product_tag?post=729819"}],"curies":[{"name":"wp","href":"https:\/\/api.w.org\/{rel}","templated":true}]}}