{"id":729797,"date":"2024-10-16T16:46:46","date_gmt":"2024-10-16T14:46:46","guid":{"rendered":"https:\/\/streetmarkets.fr\/app\/produit\/mariniere-epicea-blanc-mixte\/"},"modified":"2026-05-07T00:42:41","modified_gmt":"2026-05-06T22:42:41","slug":"mariniere-epicea-blanc-mixte","status":"publish","type":"product","link":"https:\/\/streetmarkets.fr\/app\/produit\/mariniere-epicea-blanc-mixte\/","title":{"rendered":"Marini\u00e8re Epic\u00e9a \/ Blanc, mixte"},"content":{"rendered":"<p>Beau vert qui rappelle les beaux \u00e9pic\u00e9as que l&#8217;on peut voir tout autour du petit village d&#8217;Orcival, village d&#8217;origine de notre fondateur, associ\u00e9 au blanc fait de cette marini\u00e8re un tshirt tr\u00e8s \u00e9l\u00e9gant.<\/p>\n<p>La marini\u00e8re authentique Epic\u00e9a \/ Blanc en coton lourd.<\/p>\n<p>Beau vert qui rappelle les beaux \u00e9pic\u00e9as que l&#8217;on peut voir tout autour du petit village d&#8217;Orcival, village d&#8217;origine de notre fondateur, associ\u00e9 au blanc fait de cette marini\u00e8re un tshirt tr\u00e8s \u00e9l\u00e9gant.\u00a0<\/p>\n<p>Nos marini\u00e8res sont faites pour durer, bien loin de la fast fashion depuis sa fondation par essence, notre marque essaye de participer \u00e0 la protection de son environnement \u00e0 son \u00e9chelle. Les noms de nos couleurs sont souvent inspir\u00e9s de la nature et de l&#8217;histoire de notre marque.\u00a0<\/p>\n<p>Confortable et chic, cette marini\u00e8re \u00e0 la couleur verte majoritaire, ajoutera \u00e0 votre garde robe une pointe de couleur \u00e0 travers un produit iconique.<\/p>\n<\/p>\n<p>&#8211; Col bateau<\/p>\n<p>&#8211; 100% coton lourd<\/p>\n<p>&#8211; Coupe droite<\/p>\n<p>&#8211; Ecusson abeille<\/p>\n<p>&#8211; Fabrication fran\u00e7aise<\/p><\/p>\n","protected":false},"excerpt":{"rendered":"<p>Beau vert qui rappelle les beaux \u00e9pic\u00e9as que l&#8217;on peut voir tout autour du petit village d&#8217;Orcival, village d&#8217;origine de notre fondateur, associ\u00e9 au blanc fait de cette marini\u00e8re un tshirt tr\u00e8s \u00e9l\u00e9gant. La marini\u00e8re authentique Epic\u00e9a \/ Blanc en coton lourd. Beau vert qui rappelle les beaux \u00e9pic\u00e9as que l&#8217;on peut voir tout autour [&hellip;]<\/p>\n","protected":false},"featured_media":729798,"comment_status":"open","ping_status":"closed","template":"","meta":[],"product_brand":[],"product_cat":[1756,1762],"product_tag":[1810,1811],"acf":[],"_links":{"self":[{"href":"https:\/\/streetmarkets.fr\/app\/wp-json\/wp\/v2\/product\/729797"}],"collection":[{"href":"https:\/\/streetmarkets.fr\/app\/wp-json\/wp\/v2\/product"}],"about":[{"href":"https:\/\/streetmarkets.fr\/app\/wp-json\/wp\/v2\/types\/product"}],"replies":[{"embeddable":true,"href":"https:\/\/streetmarkets.fr\/app\/wp-json\/wp\/v2\/comments?post=729797"}],"wp:featuredmedia":[{"embeddable":true,"href":"https:\/\/streetmarkets.fr\/app\/wp-json\/wp\/v2\/media\/729798"}],"wp:attachment":[{"href":"https:\/\/streetmarkets.fr\/app\/wp-json\/wp\/v2\/media?parent=729797"}],"wp:term":[{"taxonomy":"product_brand","embeddable":true,"href":"https:\/\/streetmarkets.fr\/app\/wp-json\/wp\/v2\/product_brand?post=729797"},{"taxonomy":"product_cat","embeddable":true,"href":"https:\/\/streetmarkets.fr\/app\/wp-json\/wp\/v2\/product_cat?post=729797"},{"taxonomy":"product_tag","embeddable":true,"href":"https:\/\/streetmarkets.fr\/app\/wp-json\/wp\/v2\/product_tag?post=729797"}],"curies":[{"name":"wp","href":"https:\/\/api.w.org\/{rel}","templated":true}]}}