{"id":729764,"date":"2024-10-16T16:46:42","date_gmt":"2024-10-16T14:46:42","guid":{"rendered":"https:\/\/streetmarkets.fr\/app\/produit\/mariniere-blanc-ultramarine-mixte\/"},"modified":"2026-05-09T00:42:41","modified_gmt":"2026-05-08T22:42:41","slug":"mariniere-blanc-ultramarine-mixte","status":"publish","type":"product","link":"https:\/\/streetmarkets.fr\/app\/produit\/mariniere-blanc-ultramarine-mixte\/","title":{"rendered":"Marini\u00e8re Blanc \/ UltraMarine, mixte"},"content":{"rendered":"<p>Variante de la marini\u00e8re classique bicolore, cette marini\u00e8re affiche un marine tr\u00e8s fonc\u00e9. Parfaite pour ceux qui ont banni de leur garde robe le noir<\/p>\n<p>L&#8217;authentique marini\u00e8re Blanc \/ UltraMarine en coton lourd.<\/p>\n<p>Variante de la marini\u00e8re classique bicolore, cette marini\u00e8re affiche un marine tr\u00e8s fonc\u00e9. Parfaite pour ceux qui ont banni de leur garde robe le noir, ce marine fonc\u00e9 en fonction de la lumi\u00e8re r\u00e9v\u00e8lera ses tons bleus.<\/p>\n<p>Faite pour durer notre marini\u00e8re vous accompagnera durant de nombreuses ann\u00e9es. Facile \u00e0 associer aux autres pi\u00e8ces de son vestiaire, elle convient \u00e0 toutes les occasions \u00e0 n&#8217;importe quelle saison.\u00a0<\/p>\n<p>La marini\u00e8re Orcival se reconnait d&#8217;apr\u00e8s ses caract\u00e9ristiques :\u00a0<\/p>\n<p>&#8211; Col bateau<\/p>\n<p>&#8211; Ecusson abeille<\/p>\n<p>&#8211; 100% coton lourd<\/p>\n<p>&#8211; Fabrication fran\u00e7aise<\/p>\n<p>&#8211; Coupe droite<\/p><\/p>\n","protected":false},"excerpt":{"rendered":"<p>Variante de la marini\u00e8re classique bicolore, cette marini\u00e8re affiche un marine tr\u00e8s fonc\u00e9. Parfaite pour ceux qui ont banni de leur garde robe le noir L&#8217;authentique marini\u00e8re Blanc \/ UltraMarine en coton lourd. Variante de la marini\u00e8re classique bicolore, cette marini\u00e8re affiche un marine tr\u00e8s fonc\u00e9. Parfaite pour ceux qui ont banni de leur garde [&hellip;]<\/p>\n","protected":false},"featured_media":729765,"comment_status":"open","ping_status":"closed","template":"","meta":[],"product_brand":[],"product_cat":[1756,1762],"product_tag":[1810,1811],"acf":[],"_links":{"self":[{"href":"https:\/\/streetmarkets.fr\/app\/wp-json\/wp\/v2\/product\/729764"}],"collection":[{"href":"https:\/\/streetmarkets.fr\/app\/wp-json\/wp\/v2\/product"}],"about":[{"href":"https:\/\/streetmarkets.fr\/app\/wp-json\/wp\/v2\/types\/product"}],"replies":[{"embeddable":true,"href":"https:\/\/streetmarkets.fr\/app\/wp-json\/wp\/v2\/comments?post=729764"}],"wp:featuredmedia":[{"embeddable":true,"href":"https:\/\/streetmarkets.fr\/app\/wp-json\/wp\/v2\/media\/729765"}],"wp:attachment":[{"href":"https:\/\/streetmarkets.fr\/app\/wp-json\/wp\/v2\/media?parent=729764"}],"wp:term":[{"taxonomy":"product_brand","embeddable":true,"href":"https:\/\/streetmarkets.fr\/app\/wp-json\/wp\/v2\/product_brand?post=729764"},{"taxonomy":"product_cat","embeddable":true,"href":"https:\/\/streetmarkets.fr\/app\/wp-json\/wp\/v2\/product_cat?post=729764"},{"taxonomy":"product_tag","embeddable":true,"href":"https:\/\/streetmarkets.fr\/app\/wp-json\/wp\/v2\/product_tag?post=729764"}],"curies":[{"name":"wp","href":"https:\/\/api.w.org\/{rel}","templated":true}]}}