{"id":729721,"date":"2024-10-16T16:46:37","date_gmt":"2024-10-16T14:46:37","guid":{"rendered":"https:\/\/streetmarkets.fr\/app\/produit\/pull-100-pure-laine-marine-mixte\/"},"modified":"2026-04-11T00:42:50","modified_gmt":"2026-04-10T22:42:50","slug":"pull-100-pure-laine-marine-mixte","status":"publish","type":"product","link":"https:\/\/streetmarkets.fr\/app\/produit\/pull-100-pure-laine-marine-mixte\/","title":{"rendered":"Pull 100% pure laine Marine, mixte"},"content":{"rendered":"<p>Les pulls marins sont le compl\u00e9ment du total look marin. Fabriqu\u00e9s dans la meilleure laine pour avoir bien chaud, les pulls Orcival sont confortables et fait pour durer. Doux au toucher et \u00e0 porter<\/p>\n<p>Le pull marine uni pure laine made in France Orcival.<\/p>\n<p>Les pulls marins sont le compl\u00e9ment du total look marin. Fabriqu\u00e9s dans la meilleure laine pour avoir bien chaud, les pulls Orcival sont confortables et fait pour durer. Doux au toucher et \u00e0 porter ils compl\u00e8tent parfaitement notre marini\u00e8re historique.\u00a0<\/p>\n<p>Le pull uni Marine est le classique que tout le monde a dans son vestiaire.\u00a0<\/p>\n<\/p>\n<p>100% pure laine<\/p>\n<p>100% Fabriqu\u00e9 en France<\/p><\/p>\n","protected":false},"excerpt":{"rendered":"<p>Les pulls marins sont le compl\u00e9ment du total look marin. Fabriqu\u00e9s dans la meilleure laine pour avoir bien chaud, les pulls Orcival sont confortables et fait pour durer. Doux au toucher et \u00e0 porter Le pull marine uni pure laine made in France Orcival. Les pulls marins sont le compl\u00e9ment du total look marin. Fabriqu\u00e9s [&hellip;]<\/p>\n","protected":false},"featured_media":729722,"comment_status":"open","ping_status":"closed","template":"","meta":[],"product_brand":[],"product_cat":[1756,1762],"product_tag":[1810,1811],"acf":[],"_links":{"self":[{"href":"https:\/\/streetmarkets.fr\/app\/wp-json\/wp\/v2\/product\/729721"}],"collection":[{"href":"https:\/\/streetmarkets.fr\/app\/wp-json\/wp\/v2\/product"}],"about":[{"href":"https:\/\/streetmarkets.fr\/app\/wp-json\/wp\/v2\/types\/product"}],"replies":[{"embeddable":true,"href":"https:\/\/streetmarkets.fr\/app\/wp-json\/wp\/v2\/comments?post=729721"}],"wp:featuredmedia":[{"embeddable":true,"href":"https:\/\/streetmarkets.fr\/app\/wp-json\/wp\/v2\/media\/729722"}],"wp:attachment":[{"href":"https:\/\/streetmarkets.fr\/app\/wp-json\/wp\/v2\/media?parent=729721"}],"wp:term":[{"taxonomy":"product_brand","embeddable":true,"href":"https:\/\/streetmarkets.fr\/app\/wp-json\/wp\/v2\/product_brand?post=729721"},{"taxonomy":"product_cat","embeddable":true,"href":"https:\/\/streetmarkets.fr\/app\/wp-json\/wp\/v2\/product_cat?post=729721"},{"taxonomy":"product_tag","embeddable":true,"href":"https:\/\/streetmarkets.fr\/app\/wp-json\/wp\/v2\/product_tag?post=729721"}],"curies":[{"name":"wp","href":"https:\/\/api.w.org\/{rel}","templated":true}]}}