{"id":729697,"date":"2024-10-16T16:46:34","date_gmt":"2024-10-16T14:46:34","guid":{"rendered":"https:\/\/streetmarkets.fr\/app\/produit\/mariniere-indigo-melange-ecru-mixte\/"},"modified":"2026-05-09T00:42:32","modified_gmt":"2026-05-08T22:42:32","slug":"mariniere-indigo-melange-ecru-mixte","status":"publish","type":"product","link":"https:\/\/streetmarkets.fr\/app\/produit\/mariniere-indigo-melange-ecru-mixte\/","title":{"rendered":"Marini\u00e8re Indigo M\u00e9lang\u00e9 \/ \u00c9cru, mixte"},"content":{"rendered":"<p>L&#8217;indigo m\u00e9lang\u00e9, couleur inspir\u00e9e de la couleur historique de la marini\u00e8re, est un r\u00e9sultat du savoir-faire technique de notre atelier. Coloris r\u00e9put\u00e9 et reconnu l&#8217;indigo poss\u00e8de une histoire li\u00e9e \u00e0 la France comme la marini\u00e8re authentique.<\/p>\n<p>La marini\u00e8re Indigo m\u00e9lang\u00e9 \/ Ecru en coton lourd.<\/p>\n<p>D\u00e9couvrez l&#8217;authenticit\u00e9 intemporelle de la marini\u00e8re made in France par Orcival, perp\u00e9tu\u00e9e depuis 1939. L&#8217;indigo m\u00e9lang\u00e9, une variante technique de la couleur embl\u00e9matique de la marini\u00e8re, s&#8217;inscrit dans une histoire profond\u00e9ment li\u00e9e \u00e0 la France, tout comme la marini\u00e8re authentique. Ce nouveau coloris, \u00e0 la fois rustique et \u00e9tonnamment moderne, repr\u00e9sente une interpr\u00e9tation mode d&#8217;un produit iconique, id\u00e9al pour les amateurs de pi\u00e8ces raffin\u00e9es.<\/p>\n<\/p>\n<p>Incontournable pour ceux qui appr\u00e9cient la qualit\u00e9, cette marini\u00e8re mixte ravira hommes et femmes, offrant un look intemporel \u00e0 tous les passionn\u00e9s de beaux produits. Les caract\u00e9ristiques distinctives de la marini\u00e8re Orcival incluent un col bateau, une composition en 100% coton lourd, le blason Orcival orn\u00e9 de l&#8217;abeille embl\u00e9matique, une coupe droite parfaite, et une fabrication enti\u00e8rement fran\u00e7aise depuis 1939 dans nos ateliers.<\/p>\n<\/p>\n<p>Plongez dans l&#8217;histoire de la mode fran\u00e7aise avec notre marini\u00e8re, un v\u00eatement empreint de tradition et de savoir-faire, con\u00e7u pour perdurer dans le temps. Optez pour le style intemporel et l&#8217;authenticit\u00e9 avec Orcival, une marque qui incarne l&#8217;excellence de la fabrication fran\u00e7aise depuis des d\u00e9cennies.<\/p>\n","protected":false},"excerpt":{"rendered":"<p>L&#8217;indigo m\u00e9lang\u00e9, couleur inspir\u00e9e de la couleur historique de la marini\u00e8re, est un r\u00e9sultat du savoir-faire technique de notre atelier. Coloris r\u00e9put\u00e9 et reconnu l&#8217;indigo poss\u00e8de une histoire li\u00e9e \u00e0 la France comme la marini\u00e8re authentique. La marini\u00e8re Indigo m\u00e9lang\u00e9 \/ Ecru en coton lourd. D\u00e9couvrez l&#8217;authenticit\u00e9 intemporelle de la marini\u00e8re made in France par [&hellip;]<\/p>\n","protected":false},"featured_media":729698,"comment_status":"open","ping_status":"closed","template":"","meta":[],"product_brand":[],"product_cat":[1756,1762],"product_tag":[1810,1811],"acf":[],"_links":{"self":[{"href":"https:\/\/streetmarkets.fr\/app\/wp-json\/wp\/v2\/product\/729697"}],"collection":[{"href":"https:\/\/streetmarkets.fr\/app\/wp-json\/wp\/v2\/product"}],"about":[{"href":"https:\/\/streetmarkets.fr\/app\/wp-json\/wp\/v2\/types\/product"}],"replies":[{"embeddable":true,"href":"https:\/\/streetmarkets.fr\/app\/wp-json\/wp\/v2\/comments?post=729697"}],"wp:featuredmedia":[{"embeddable":true,"href":"https:\/\/streetmarkets.fr\/app\/wp-json\/wp\/v2\/media\/729698"}],"wp:attachment":[{"href":"https:\/\/streetmarkets.fr\/app\/wp-json\/wp\/v2\/media?parent=729697"}],"wp:term":[{"taxonomy":"product_brand","embeddable":true,"href":"https:\/\/streetmarkets.fr\/app\/wp-json\/wp\/v2\/product_brand?post=729697"},{"taxonomy":"product_cat","embeddable":true,"href":"https:\/\/streetmarkets.fr\/app\/wp-json\/wp\/v2\/product_cat?post=729697"},{"taxonomy":"product_tag","embeddable":true,"href":"https:\/\/streetmarkets.fr\/app\/wp-json\/wp\/v2\/product_tag?post=729697"}],"curies":[{"name":"wp","href":"https:\/\/api.w.org\/{rel}","templated":true}]}}