{"id":729659,"date":"2024-10-16T16:46:30","date_gmt":"2024-10-16T14:46:30","guid":{"rendered":"https:\/\/streetmarkets.fr\/app\/produit\/mariniere-bistre-mixte\/"},"modified":"2026-05-07T00:42:30","modified_gmt":"2026-05-06T22:42:30","slug":"mariniere-bistre-mixte","status":"publish","type":"product","link":"https:\/\/streetmarkets.fr\/app\/produit\/mariniere-bistre-mixte\/","title":{"rendered":"Marini\u00e8re Bistre, mixte"},"content":{"rendered":"<p>Le coloris Bistre poss\u00e8de une histoire li\u00e9e \u00e0 la France comme la marini\u00e8re authentique.<\/p>\n<p>La marini\u00e8re Bistre en coton lourd.<\/p>\n<p>Le coloris Bistre \u00e0 l&#8217;aspect \u00e0 la fois rustique et pourtant tellement moderne, est une interpr\u00e9tation fashion d&#8217;un produit iconique. Indispensable pour tous les amoureux des beaux produits, cette marini\u00e8re mixte satisfera homme et femme pour un look intemporel.\u00a0<\/p>\n<p>Les caract\u00e9ristiques de la marini\u00e8re :\u00a0<\/p>\n<p>&#8211; Col bateau<\/p>\n<p>&#8211; 100% coton lourd<\/p>\n<p>&#8211; Blason Orcival avec l&#8217;abeille<\/p>\n<p>&#8211; Coupe droite parfaite<\/p>\n<p>&#8211; Fabrication 100% fran\u00e7aise depuis 1939 dans nos ateliers<\/p><\/p>\n","protected":false},"excerpt":{"rendered":"<p>Le coloris Bistre poss\u00e8de une histoire li\u00e9e \u00e0 la France comme la marini\u00e8re authentique. La marini\u00e8re Bistre en coton lourd. Le coloris Bistre \u00e0 l&#8217;aspect \u00e0 la fois rustique et pourtant tellement moderne, est une interpr\u00e9tation fashion d&#8217;un produit iconique. Indispensable pour tous les amoureux des beaux produits, cette marini\u00e8re mixte satisfera homme et femme [&hellip;]<\/p>\n","protected":false},"featured_media":729660,"comment_status":"open","ping_status":"closed","template":"","meta":[],"product_brand":[],"product_cat":[1756,1762],"product_tag":[1810,1811],"acf":[],"_links":{"self":[{"href":"https:\/\/streetmarkets.fr\/app\/wp-json\/wp\/v2\/product\/729659"}],"collection":[{"href":"https:\/\/streetmarkets.fr\/app\/wp-json\/wp\/v2\/product"}],"about":[{"href":"https:\/\/streetmarkets.fr\/app\/wp-json\/wp\/v2\/types\/product"}],"replies":[{"embeddable":true,"href":"https:\/\/streetmarkets.fr\/app\/wp-json\/wp\/v2\/comments?post=729659"}],"wp:featuredmedia":[{"embeddable":true,"href":"https:\/\/streetmarkets.fr\/app\/wp-json\/wp\/v2\/media\/729660"}],"wp:attachment":[{"href":"https:\/\/streetmarkets.fr\/app\/wp-json\/wp\/v2\/media?parent=729659"}],"wp:term":[{"taxonomy":"product_brand","embeddable":true,"href":"https:\/\/streetmarkets.fr\/app\/wp-json\/wp\/v2\/product_brand?post=729659"},{"taxonomy":"product_cat","embeddable":true,"href":"https:\/\/streetmarkets.fr\/app\/wp-json\/wp\/v2\/product_cat?post=729659"},{"taxonomy":"product_tag","embeddable":true,"href":"https:\/\/streetmarkets.fr\/app\/wp-json\/wp\/v2\/product_tag?post=729659"}],"curies":[{"name":"wp","href":"https:\/\/api.w.org\/{rel}","templated":true}]}}