{"id":729648,"date":"2024-10-16T16:46:29","date_gmt":"2024-10-16T14:46:29","guid":{"rendered":"https:\/\/streetmarkets.fr\/app\/produit\/mariniere-marine-sienne-mixte\/"},"modified":"2026-05-07T00:42:30","modified_gmt":"2026-05-06T22:42:30","slug":"mariniere-marine-sienne-mixte","status":"publish","type":"product","link":"https:\/\/streetmarkets.fr\/app\/produit\/mariniere-marine-sienne-mixte\/","title":{"rendered":"Marini\u00e8re Marine \/ Sienne, mixte"},"content":{"rendered":"<p>Marini\u00e8re aux couleurs de l&#8217;automne, ce tshirt ray\u00e9 orange donne un aspect sucr\u00e9 et ensoleill\u00e9 \u00e0 votre garde robe. Originale et moderne<\/p>\n<p>La marini\u00e8re Marine \/ Sienne en coton lourd.<\/p>\n<p>Marini\u00e8re aux couleurs du automnale, ce tshirt ray\u00e9 dans les tons orange donne un aspect lumineux au ton navy majoritaire. El\u00e9gant et original, tout en restant l&#8217;authentique marini\u00e8re made in France depuis 1939, la marque \u00e0 l&#8217;abeille vous propose toujours plus de couleurs pour satisfaire les hommes comme les femmes. Forte de son histoire la vraie marque de marini\u00e8re fran\u00e7aise s&#8217;inscrit naturellement dans la mode durable avec ses produits fait pour durer.\u00a0<\/p>\n<p>Marini\u00e8re authentique :\u00a0<\/p>\n<p>&#8211; Col bateau<\/p>\n<p>&#8211; 100% coton lourd<\/p>\n<p>&#8211; Fabrication fran\u00e7aise<\/p>\n<p>&#8211; Ecusson abeille<\/p>\n<p>&#8211; Coupe droite qui ne visse pas<\/p><\/p>\n","protected":false},"excerpt":{"rendered":"<p>Marini\u00e8re aux couleurs de l&#8217;automne, ce tshirt ray\u00e9 orange donne un aspect sucr\u00e9 et ensoleill\u00e9 \u00e0 votre garde robe. Originale et moderne La marini\u00e8re Marine \/ Sienne en coton lourd. Marini\u00e8re aux couleurs du automnale, ce tshirt ray\u00e9 dans les tons orange donne un aspect lumineux au ton navy majoritaire. El\u00e9gant et original, tout en [&hellip;]<\/p>\n","protected":false},"featured_media":729649,"comment_status":"open","ping_status":"closed","template":"","meta":[],"product_brand":[],"product_cat":[1756,1762],"product_tag":[1810,1811],"acf":[],"_links":{"self":[{"href":"https:\/\/streetmarkets.fr\/app\/wp-json\/wp\/v2\/product\/729648"}],"collection":[{"href":"https:\/\/streetmarkets.fr\/app\/wp-json\/wp\/v2\/product"}],"about":[{"href":"https:\/\/streetmarkets.fr\/app\/wp-json\/wp\/v2\/types\/product"}],"replies":[{"embeddable":true,"href":"https:\/\/streetmarkets.fr\/app\/wp-json\/wp\/v2\/comments?post=729648"}],"wp:featuredmedia":[{"embeddable":true,"href":"https:\/\/streetmarkets.fr\/app\/wp-json\/wp\/v2\/media\/729649"}],"wp:attachment":[{"href":"https:\/\/streetmarkets.fr\/app\/wp-json\/wp\/v2\/media?parent=729648"}],"wp:term":[{"taxonomy":"product_brand","embeddable":true,"href":"https:\/\/streetmarkets.fr\/app\/wp-json\/wp\/v2\/product_brand?post=729648"},{"taxonomy":"product_cat","embeddable":true,"href":"https:\/\/streetmarkets.fr\/app\/wp-json\/wp\/v2\/product_cat?post=729648"},{"taxonomy":"product_tag","embeddable":true,"href":"https:\/\/streetmarkets.fr\/app\/wp-json\/wp\/v2\/product_tag?post=729648"}],"curies":[{"name":"wp","href":"https:\/\/api.w.org\/{rel}","templated":true}]}}