{"id":729618,"date":"2024-10-16T16:46:22","date_gmt":"2024-10-16T14:46:22","guid":{"rendered":"https:\/\/streetmarkets.fr\/app\/produit\/mariniere-blanc-bleu-oversized\/"},"modified":"2026-05-07T00:42:30","modified_gmt":"2026-05-06T22:42:30","slug":"mariniere-blanc-bleu-oversized","status":"publish","type":"product","link":"https:\/\/streetmarkets.fr\/app\/produit\/mariniere-blanc-bleu-oversized\/","title":{"rendered":"Marini\u00e8re Blanc \/ Bleu Oversized"},"content":{"rendered":"<p>Version originale oversize de la c\u00e9l\u00e8bre marini\u00e8re Blanc \/ Bleu fabriqu\u00e9e pour la marine nationale par Orcival depuis sa fondation.<\/p>\n<p>La marini\u00e8re authentique Marine Nationale Oversized dans le tissu Rachel.<\/p>\n<p>La version oversized de la c\u00e9l\u00e8bre marini\u00e8re originale Blanc \/ Bleu fabriqu\u00e9e pour la marine nationale par Orcival depuis sa fondation.<\/p>\n<p>Cette marini\u00e8re tr\u00e8s f\u00e9minine est chic et \u00e9l\u00e9gante tout en \u00e9tant d\u00e9contract\u00e9e.\u00a0<\/p>\n<p>Le bleu France et la coupe large donne un vent de fraicheur et de printemps \u00e0 votre tenue.\u00a0<\/p>\n<p>Facile \u00e0 porter, ind\u00e9modable, la marini\u00e8re oversized est une valeur sure pour les gardes robes des amoureuses des beaux produits.\u00a0<\/p>\n<p>Faite pour durer depuis 1939, la marini\u00e8re Orcival est un gage de qualit\u00e9 et de mode responsable.\u00a0<\/p>\n<p>Nos marini\u00e8res respectent toutes les caract\u00e9ristiques historiques :\u00a0<\/p>\n<p>&#8211; Le col bateau\u00a0<\/p>\n<p>&#8211; L&#8217;\u00e9cusson avec notre abeille<\/p>\n<p>&#8211; Le jersey 100% coton<\/p>\n<p>&#8211; Une fabrication 100% fran\u00e7aise<\/p>\n","protected":false},"excerpt":{"rendered":"<p>Version originale oversize de la c\u00e9l\u00e8bre marini\u00e8re Blanc \/ Bleu fabriqu\u00e9e pour la marine nationale par Orcival depuis sa fondation. La marini\u00e8re authentique Marine Nationale Oversized dans le tissu Rachel. La version oversized de la c\u00e9l\u00e8bre marini\u00e8re originale Blanc \/ Bleu fabriqu\u00e9e pour la marine nationale par Orcival depuis sa fondation. Cette marini\u00e8re tr\u00e8s f\u00e9minine [&hellip;]<\/p>\n","protected":false},"featured_media":729619,"comment_status":"open","ping_status":"closed","template":"","meta":[],"product_brand":[],"product_cat":[1756,1762],"product_tag":[1810],"acf":[],"_links":{"self":[{"href":"https:\/\/streetmarkets.fr\/app\/wp-json\/wp\/v2\/product\/729618"}],"collection":[{"href":"https:\/\/streetmarkets.fr\/app\/wp-json\/wp\/v2\/product"}],"about":[{"href":"https:\/\/streetmarkets.fr\/app\/wp-json\/wp\/v2\/types\/product"}],"replies":[{"embeddable":true,"href":"https:\/\/streetmarkets.fr\/app\/wp-json\/wp\/v2\/comments?post=729618"}],"wp:featuredmedia":[{"embeddable":true,"href":"https:\/\/streetmarkets.fr\/app\/wp-json\/wp\/v2\/media\/729619"}],"wp:attachment":[{"href":"https:\/\/streetmarkets.fr\/app\/wp-json\/wp\/v2\/media?parent=729618"}],"wp:term":[{"taxonomy":"product_brand","embeddable":true,"href":"https:\/\/streetmarkets.fr\/app\/wp-json\/wp\/v2\/product_brand?post=729618"},{"taxonomy":"product_cat","embeddable":true,"href":"https:\/\/streetmarkets.fr\/app\/wp-json\/wp\/v2\/product_cat?post=729618"},{"taxonomy":"product_tag","embeddable":true,"href":"https:\/\/streetmarkets.fr\/app\/wp-json\/wp\/v2\/product_tag?post=729618"}],"curies":[{"name":"wp","href":"https:\/\/api.w.org\/{rel}","templated":true}]}}