{"id":729493,"date":"2024-10-16T16:46:10","date_gmt":"2024-10-16T14:46:10","guid":{"rendered":"https:\/\/streetmarkets.fr\/app\/produit\/kanaris-t-shirt-original-colore\/"},"modified":"2026-05-12T00:42:41","modified_gmt":"2026-05-11T22:42:41","slug":"kanaris-t-shirt-original-colore","status":"publish","type":"product","link":"https:\/\/streetmarkets.fr\/app\/produit\/kanaris-t-shirt-original-colore\/","title":{"rendered":"Kanaris, T-shirt original color\u00e9"},"content":{"rendered":"<p>T-shirt tr\u00e8s f\u00e9minin et color\u00e9, le Kanaris est un article fantaisie qui s&#8217;associe facilement avec de nombreux coloris d&#8217;\u00e9t\u00e9.<\/p>\n<p>T-shirt original et fantaisie, confortable et souple par son tissu coton \u00e9lasthanne.<\/p>\n<h3>Description<\/h3>\n<p>Le t-shirt Kanaris de la Maison Le Glazik.<\/p>\n<p>T-shirt tr\u00e8s f\u00e9minin et color\u00e9, le Kanaris est un article fantaisie qui s&#8217;associe facilement avec de nombreux coloris d&#8217;\u00e9t\u00e9.<\/p>\n<p>Parfait pour la plage ou encore les balades, il est tr\u00e8s confortable car en coton et souple de par les 7% d\u2019\u00e9lasthanne permettant une aisance suppl\u00e9mentaire.<\/p>\n<p>Produit fait pour durer, il vous accompagnera de nombreuses saisons et donnera une note estivale \u00e0 votre garde robe.<\/p>\n<\/p>\n<h3>Composition<\/h3>\n<p>93% Coton<br \/>7% Elasthanne<\/p><\/p>\n","protected":false},"excerpt":{"rendered":"<p>T-shirt tr\u00e8s f\u00e9minin et color\u00e9, le Kanaris est un article fantaisie qui s&#8217;associe facilement avec de nombreux coloris d&#8217;\u00e9t\u00e9. T-shirt original et fantaisie, confortable et souple par son tissu coton \u00e9lasthanne. Description Le t-shirt Kanaris de la Maison Le Glazik. T-shirt tr\u00e8s f\u00e9minin et color\u00e9, le Kanaris est un article fantaisie qui s&#8217;associe facilement avec [&hellip;]<\/p>\n","protected":false},"featured_media":729494,"comment_status":"open","ping_status":"closed","template":"","meta":[],"product_brand":[],"product_cat":[1756,1762],"product_tag":[1810],"acf":[],"_links":{"self":[{"href":"https:\/\/streetmarkets.fr\/app\/wp-json\/wp\/v2\/product\/729493"}],"collection":[{"href":"https:\/\/streetmarkets.fr\/app\/wp-json\/wp\/v2\/product"}],"about":[{"href":"https:\/\/streetmarkets.fr\/app\/wp-json\/wp\/v2\/types\/product"}],"replies":[{"embeddable":true,"href":"https:\/\/streetmarkets.fr\/app\/wp-json\/wp\/v2\/comments?post=729493"}],"wp:featuredmedia":[{"embeddable":true,"href":"https:\/\/streetmarkets.fr\/app\/wp-json\/wp\/v2\/media\/729494"}],"wp:attachment":[{"href":"https:\/\/streetmarkets.fr\/app\/wp-json\/wp\/v2\/media?parent=729493"}],"wp:term":[{"taxonomy":"product_brand","embeddable":true,"href":"https:\/\/streetmarkets.fr\/app\/wp-json\/wp\/v2\/product_brand?post=729493"},{"taxonomy":"product_cat","embeddable":true,"href":"https:\/\/streetmarkets.fr\/app\/wp-json\/wp\/v2\/product_cat?post=729493"},{"taxonomy":"product_tag","embeddable":true,"href":"https:\/\/streetmarkets.fr\/app\/wp-json\/wp\/v2\/product_tag?post=729493"}],"curies":[{"name":"wp","href":"https:\/\/api.w.org\/{rel}","templated":true}]}}