{"id":729256,"date":"2024-10-16T16:45:27","date_gmt":"2024-10-16T14:45:27","guid":{"rendered":"https:\/\/streetmarkets.fr\/app\/produit\/caban-authentique-breton-molene\/"},"modified":"2026-05-09T00:42:31","modified_gmt":"2026-05-08T22:42:31","slug":"caban-authentique-breton-molene","status":"publish","type":"product","link":"https:\/\/streetmarkets.fr\/app\/produit\/caban-authentique-breton-molene\/","title":{"rendered":"Caban Authentique Breton Mol\u00e8ne"},"content":{"rendered":"<p>Le caban homme authentique marin breton, fabriqu\u00e9 en France depuis 1928, en drap de laine extra-lourd. Le meilleur caban homme.<\/p>\n<p>Le vrai caban breton fabriqu\u00e9 depuis 1928 &#8211; 100% made in France par Le Glazik. 100% Laine.<\/p>\n<h3>Histoire<\/h3>\n<p style=\"text-align:justify\">D\u00e9couvrez le v\u00e9ritable caban breton fabriqu\u00e9 en France depuis 1928 par la marque historique Le Glazik. En tant que sp\u00e9cialiste du v\u00eatement marin, Le Glazik a su pr\u00e9server l&#8217;authenticit\u00e9 de son embl\u00e9matique caban marin.<\/p>\n<p style=\"text-align:justify\">\n<p style=\"text-align:justify\">La coupe, les d\u00e9tails et le tissu de ce caban maintiennent leur authenticit\u00e9, faisant de lui le manteau embl\u00e9matique du marin. Le drap de laine extra-lourd est la signature distinctive de Le Glazik, garantissant qualit\u00e9 et durabilit\u00e9 au fil du temps.<\/p>\n<p style=\"text-align:justify\">\n<p style=\"text-align:justify\">Veuillez noter que les tailles ont \u00e9t\u00e9 con\u00e7ues pour offrir suffisamment d&#8217;aisance afin de pouvoir porter des pulls d&#8217;hiver ou des vestes en dessous. Cependant, si vous pr\u00e9f\u00e9rez une coupe plus ajust\u00e9e, vous pouvez choisir une taille en dessous. N&#8217;h\u00e9sitez pas \u00e0 nous contacter pour obtenir plus de d\u00e9tails en pr\u00e9cisant votre tour de poitrine.<\/p>\n<p style=\"text-align:justify\">\n<p style=\"text-align:justify\">Le caban a une longueur d&#8217;environ 87 cm pour la taille 44 et des manches d&#8217;environ 64\/65 cm. Il est dot\u00e9 d&#8217;un col tailleur, d&#8217;une fermeture crois\u00e9e, de poches raglan, d&#8217;une patte de fermeture avec des boutons sous le col, de boutons orn\u00e9s d&#8217;une ancre marine et d&#8217;un bouton int\u00e9rieur pour assurer un ajustement parfait. De plus, il comporte deux poches int\u00e9rieures zipp\u00e9es renforc\u00e9es.<\/p>\n<p style=\"text-align:justify\">\n<p style=\"text-align:justify\">Le tissu d\u00e9perlant est fabriqu\u00e9 en France \u00e0 partir de 100% de drap de laine extra-lourd. La doublure satin\u00e9e est en 100% polyester.<\/p>\n<p style=\"text-align:justify\">\n<p style=\"text-align:justify\">Profitez de l&#8217;authenticit\u00e9 et de la qualit\u00e9 du v\u00e9ritable caban Le Glazik, un choix qui refl\u00e8te votre engagement envers la mode durable et intemporelle. Faites partie de l&#8217;h\u00e9ritage maritime avec Le Glazik et ajoutez cette pi\u00e8ce incontournable \u00e0 votre garde-robe.<\/p>\n<p style=\"text-align:justify\">\n<ul style=\"list-style-type:circle\">\n<li>Col tailleur.<\/li>\n<li>Boutonnage crois\u00e9.<\/li>\n<li>Poches raglan.<\/li>\n<li>Patte de fermeture avec boutons sous col<\/li>\n<li>Boutons avec ancre marine.<\/li>\n<li>Bouton int\u00e9rieur pour une tenue du crois\u00e9 parfait.<\/li>\n<li>2 Poches int\u00e9rieures zipp\u00e9es et renforc\u00e9es en drap de laine extra lourd d\u00e9perlant.<\/li>\n<\/ul>\n<ul style=\"list-style-type:circle\">\n<li>Tissu d\u00e9perlant made in France<\/li>\n<li>100% drap de laine extra-lourd<\/li>\n<\/ul>\n<p><strong> Doublure satin\u00e9e<\/strong> : 100% polyester<\/p>\n<\/p>\n<div class=\"ligne\">\n<div class=\"legende\"><\/div>\n<\/div>\n","protected":false},"excerpt":{"rendered":"<p>Le caban homme authentique marin breton, fabriqu\u00e9 en France depuis 1928, en drap de laine extra-lourd. Le meilleur caban homme. Le vrai caban breton fabriqu\u00e9 depuis 1928 &#8211; 100% made in France par Le Glazik. 100% Laine. Histoire D\u00e9couvrez le v\u00e9ritable caban breton fabriqu\u00e9 en France depuis 1928 par la marque historique Le Glazik. En [&hellip;]<\/p>\n","protected":false},"featured_media":729257,"comment_status":"open","ping_status":"closed","template":"","meta":[],"product_brand":[],"product_cat":[1756,1758],"product_tag":[1810,1813],"acf":[],"_links":{"self":[{"href":"https:\/\/streetmarkets.fr\/app\/wp-json\/wp\/v2\/product\/729256"}],"collection":[{"href":"https:\/\/streetmarkets.fr\/app\/wp-json\/wp\/v2\/product"}],"about":[{"href":"https:\/\/streetmarkets.fr\/app\/wp-json\/wp\/v2\/types\/product"}],"replies":[{"embeddable":true,"href":"https:\/\/streetmarkets.fr\/app\/wp-json\/wp\/v2\/comments?post=729256"}],"wp:featuredmedia":[{"embeddable":true,"href":"https:\/\/streetmarkets.fr\/app\/wp-json\/wp\/v2\/media\/729257"}],"wp:attachment":[{"href":"https:\/\/streetmarkets.fr\/app\/wp-json\/wp\/v2\/media?parent=729256"}],"wp:term":[{"taxonomy":"product_brand","embeddable":true,"href":"https:\/\/streetmarkets.fr\/app\/wp-json\/wp\/v2\/product_brand?post=729256"},{"taxonomy":"product_cat","embeddable":true,"href":"https:\/\/streetmarkets.fr\/app\/wp-json\/wp\/v2\/product_cat?post=729256"},{"taxonomy":"product_tag","embeddable":true,"href":"https:\/\/streetmarkets.fr\/app\/wp-json\/wp\/v2\/product_tag?post=729256"}],"curies":[{"name":"wp","href":"https:\/\/api.w.org\/{rel}","templated":true}]}}