{"id":728910,"date":"2024-10-16T16:44:55","date_gmt":"2024-10-16T14:44:55","guid":{"rendered":"https:\/\/streetmarkets.fr\/app\/produit\/la-mariniere-marine-nationale-authentique-homme\/"},"modified":"2026-05-02T00:42:34","modified_gmt":"2026-05-01T22:42:34","slug":"la-mariniere-marine-nationale-authentique-homme","status":"publish","type":"product","link":"https:\/\/streetmarkets.fr\/app\/produit\/la-mariniere-marine-nationale-authentique-homme\/","title":{"rendered":"La marini\u00e8re marine nationale authentique homme"},"content":{"rendered":"<p>La v\u00e9ritable marini\u00e8re marine nationale 100% fabriqu\u00e9e en France par Orcival<\/p>\n<p>La marini\u00e8re authentique de la Marine Nationale fran\u00e7aise.<\/p>\n<p>En tant que revendeur officiel de la marque historique Orcival, nous sommes fiers de vous pr\u00e9senter notre produit embl\u00e9matique : la marini\u00e8re Marine Nationale pour homme. Fabriqu\u00e9e en France par l&#8217;atelier Orcival depuis 1939, cette pi\u00e8ce authentique porte en elle toute l&#8217;histoire de la marini\u00e8re fran\u00e7aise.<\/p>\n<p><\/p>\n<p>La marini\u00e8re est un v\u00e9ritable symbole de l&#8217;histoire maritime et de la mode fran\u00e7aise. Originellement port\u00e9e par les marins de la Marine Nationale au 19e si\u00e8cle, elle est devenue une ic\u00f4ne intemporelle du style fran\u00e7ais. Orcival a \u00e0 c\u0153ur de perp\u00e9tuer cette tradition en cr\u00e9ant des marini\u00e8res de qualit\u00e9 exceptionnelle, respectant les codes et l&#8217;histoire de cette pi\u00e8ce embl\u00e9matique.<\/p>\n<p><\/p>\n<p>Chaque marini\u00e8re Marine Nationale d&#8217;Orcival est fabriqu\u00e9e avec un souci du d\u00e9tail et une expertise artisanale transmise de g\u00e9n\u00e9ration en g\u00e9n\u00e9ration. Les meilleurs cotons sont s\u00e9lectionn\u00e9s pour vous offrir un produit de haute qualit\u00e9, \u00e0 la fois durable et confortable. Chaque rayure, chaque couture est le fruit d&#8217;un savoir-faire h\u00e9rit\u00e9 de d\u00e9cennies d&#8217;exp\u00e9rience.<\/p>\n<p><\/p>\n<p>En choisissant une marini\u00e8re Marine Nationale d&#8217;Orcival, vous portez un v\u00eatement qui a travers\u00e9 l&#8217;histoire. Des marins de la Marine Nationale aux ic\u00f4nes de la mode, notamment certaines grandes c\u00e9l\u00e9brit\u00e9s, la marini\u00e8re est devenue un symbole de style et de sophistication. Elle incarne le chic \u00e0 la fran\u00e7aise et s&#8217;adapte \u00e0 tous les styles et toutes les occasions, que ce soit pour une tenue d\u00e9contract\u00e9e ou plus habill\u00e9e.<\/p>\n<p><\/p>\n<p>Nous sommes ravis de vous proposer cette marini\u00e8re authentique, fabriqu\u00e9e en France par l&#8217;atelier Orcival qui, depuis plus de 80 ans, perp\u00e9tue la tradition et l&#8217;art de la marini\u00e8re. Commandez d\u00e8s maintenant sur notre boutique en ligne et faites l&#8217;acquisition d&#8217;un morceau d&#8217;histoire de la mode fran\u00e7aise.<\/p>\n<p><\/p>\n<p>Explorez \u00e9galement notre collection compl\u00e8te de marini\u00e8res Orcival, o\u00f9 vous trouverez des mod\u00e8les vari\u00e9s pour exprimer votre style unique.\u00a0<\/p>\n<p><\/p>\n<p>N&#8217;h\u00e9sitez plus et rejoignez l&#8217;histoire de la marini\u00e8re fran\u00e7aise en choisissant une marini\u00e8re Marine Nationale d&#8217;Orcival. Commandez d\u00e8s maintenant et affirmez votre \u00e9l\u00e9gance intemporelle avec une pi\u00e8ce charg\u00e9e d&#8217;histoire.<\/p>\n","protected":false},"excerpt":{"rendered":"<p>La v\u00e9ritable marini\u00e8re marine nationale 100% fabriqu\u00e9e en France par Orcival La marini\u00e8re authentique de la Marine Nationale fran\u00e7aise. En tant que revendeur officiel de la marque historique Orcival, nous sommes fiers de vous pr\u00e9senter notre produit embl\u00e9matique : la marini\u00e8re Marine Nationale pour homme. Fabriqu\u00e9e en France par l&#8217;atelier Orcival depuis 1939, cette pi\u00e8ce [&hellip;]<\/p>\n","protected":false},"featured_media":728911,"comment_status":"open","ping_status":"closed","template":"","meta":[],"product_brand":[],"product_cat":[1756,1758],"product_tag":[1810,1813],"acf":[],"_links":{"self":[{"href":"https:\/\/streetmarkets.fr\/app\/wp-json\/wp\/v2\/product\/728910"}],"collection":[{"href":"https:\/\/streetmarkets.fr\/app\/wp-json\/wp\/v2\/product"}],"about":[{"href":"https:\/\/streetmarkets.fr\/app\/wp-json\/wp\/v2\/types\/product"}],"replies":[{"embeddable":true,"href":"https:\/\/streetmarkets.fr\/app\/wp-json\/wp\/v2\/comments?post=728910"}],"wp:featuredmedia":[{"embeddable":true,"href":"https:\/\/streetmarkets.fr\/app\/wp-json\/wp\/v2\/media\/728911"}],"wp:attachment":[{"href":"https:\/\/streetmarkets.fr\/app\/wp-json\/wp\/v2\/media?parent=728910"}],"wp:term":[{"taxonomy":"product_brand","embeddable":true,"href":"https:\/\/streetmarkets.fr\/app\/wp-json\/wp\/v2\/product_brand?post=728910"},{"taxonomy":"product_cat","embeddable":true,"href":"https:\/\/streetmarkets.fr\/app\/wp-json\/wp\/v2\/product_cat?post=728910"},{"taxonomy":"product_tag","embeddable":true,"href":"https:\/\/streetmarkets.fr\/app\/wp-json\/wp\/v2\/product_tag?post=728910"}],"curies":[{"name":"wp","href":"https:\/\/api.w.org\/{rel}","templated":true}]}}