{"id":728853,"date":"2024-10-16T16:44:51","date_gmt":"2024-10-16T14:44:51","guid":{"rendered":"https:\/\/streetmarkets.fr\/app\/produit\/gilet-workwear-en-toile-legere-4n-937p\/"},"modified":"2026-05-05T00:42:29","modified_gmt":"2026-05-04T22:42:29","slug":"gilet-workwear-en-toile-legere-4n-937p","status":"publish","type":"product","link":"https:\/\/streetmarkets.fr\/app\/produit\/gilet-workwear-en-toile-legere-4n-937p\/","title":{"rendered":"Gilet workwear en toile l\u00e9g\u00e8re 4N\/937P"},"content":{"rendered":"<p>D\u00e9couvrez notre authentique gilet en 100% coton l\u00e9ger, un incontournable du v\u00eatement de travail fran\u00e7ais.<\/p>\n<p>Gilet\u00a0authentique et iconique en toile l\u00e9g\u00e8re\u00a0100% coton<\/p>\n<p>5\u00a0boutons, 2\u00a0poches.<\/p>\n<p>D\u00e9couvrez notre authentique gilet en 100% coton l\u00e9ger, un incontournable du v\u00eatement de travail fran\u00e7ais. Inspir\u00e9 des mod\u00e8les qui ont fait leur succ\u00e8s depuis 1927, ce gilet est tr\u00e8s appr\u00e9ci\u00e9 en tant qu&#8217;accessoire id\u00e9al pour compl\u00e9ter votre tenue avec la veste et le pantalon assortis. Soyez \u00e0 la fois styl\u00e9 et confortable dans ce gilet de travail intemporel, con\u00e7u pour r\u00e9pondre \u00e0 vos besoins professionnels.<\/p>\n","protected":false},"excerpt":{"rendered":"<p>D\u00e9couvrez notre authentique gilet en 100% coton l\u00e9ger, un incontournable du v\u00eatement de travail fran\u00e7ais. Gilet\u00a0authentique et iconique en toile l\u00e9g\u00e8re\u00a0100% coton 5\u00a0boutons, 2\u00a0poches. D\u00e9couvrez notre authentique gilet en 100% coton l\u00e9ger, un incontournable du v\u00eatement de travail fran\u00e7ais. Inspir\u00e9 des mod\u00e8les qui ont fait leur succ\u00e8s depuis 1927, ce gilet est tr\u00e8s appr\u00e9ci\u00e9 en [&hellip;]<\/p>\n","protected":false},"featured_media":728854,"comment_status":"open","ping_status":"closed","template":"","meta":[],"product_brand":[],"product_cat":[1756,1758],"product_tag":[1810,1813],"acf":[],"_links":{"self":[{"href":"https:\/\/streetmarkets.fr\/app\/wp-json\/wp\/v2\/product\/728853"}],"collection":[{"href":"https:\/\/streetmarkets.fr\/app\/wp-json\/wp\/v2\/product"}],"about":[{"href":"https:\/\/streetmarkets.fr\/app\/wp-json\/wp\/v2\/types\/product"}],"replies":[{"embeddable":true,"href":"https:\/\/streetmarkets.fr\/app\/wp-json\/wp\/v2\/comments?post=728853"}],"wp:featuredmedia":[{"embeddable":true,"href":"https:\/\/streetmarkets.fr\/app\/wp-json\/wp\/v2\/media\/728854"}],"wp:attachment":[{"href":"https:\/\/streetmarkets.fr\/app\/wp-json\/wp\/v2\/media?parent=728853"}],"wp:term":[{"taxonomy":"product_brand","embeddable":true,"href":"https:\/\/streetmarkets.fr\/app\/wp-json\/wp\/v2\/product_brand?post=728853"},{"taxonomy":"product_cat","embeddable":true,"href":"https:\/\/streetmarkets.fr\/app\/wp-json\/wp\/v2\/product_cat?post=728853"},{"taxonomy":"product_tag","embeddable":true,"href":"https:\/\/streetmarkets.fr\/app\/wp-json\/wp\/v2\/product_tag?post=728853"}],"curies":[{"name":"wp","href":"https:\/\/api.w.org\/{rel}","templated":true}]}}