{"id":728792,"date":"2024-10-16T16:44:46","date_gmt":"2024-10-16T14:44:46","guid":{"rendered":"https:\/\/streetmarkets.fr\/app\/produit\/la-mariniere-marine-nationale-blanc-noir-homme\/"},"modified":"2026-05-09T00:42:30","modified_gmt":"2026-05-08T22:42:30","slug":"la-mariniere-marine-nationale-blanc-noir-homme","status":"publish","type":"product","link":"https:\/\/streetmarkets.fr\/app\/produit\/la-mariniere-marine-nationale-blanc-noir-homme\/","title":{"rendered":"La marini\u00e8re marine nationale Blanc \/ Noir homme"},"content":{"rendered":"<p>La v\u00e9ritable marini\u00e8re marine nationale dans sa version Blanc \/ Noir 100% fabriqu\u00e9e en France par Orcival<\/p>\n<p>La marini\u00e8re authentique de la Marine Nationale fran\u00e7aise.<\/p>\n<p>La marini\u00e8re Marine Nationale dans sa version Blanc \/ Noir pour homme. Fabriqu\u00e9e en France par l&#8217;atelier Orcival depuis 1939, cette pi\u00e8ce authentique incarne l&#8217;h\u00e9ritage historique de la marini\u00e8re fran\u00e7aise.<\/p>\n<\/p>\n<p>La marini\u00e8re est un symbole v\u00e9ritable de l&#8217;histoire maritime et de la mode \u00e0 la fran\u00e7aise. Port\u00e9e \u00e0 l&#8217;origine par les marins de la Marine Nationale au 19e si\u00e8cle, elle est devenue une ic\u00f4ne intemporelle du style fran\u00e7ais. Orcival s&#8217;engage \u00e0 perp\u00e9tuer cette tradition en cr\u00e9ant des marini\u00e8res d&#8217;une qualit\u00e9 exceptionnelle, respectant les codes et l&#8217;histoire de cette pi\u00e8ce embl\u00e9matique.<\/p>\n<\/p>\n<p>Chaque marini\u00e8re Marine Nationale d&#8217;Orcival est m\u00e9ticuleusement confectionn\u00e9e avec une attention aux d\u00e9tails et un savoir-faire transmis de g\u00e9n\u00e9ration en g\u00e9n\u00e9ration. Les meilleurs cotons sont s\u00e9lectionn\u00e9s pour vous offrir un produit de haute qualit\u00e9, \u00e0 la fois durable et confortable. Chaque rayure, chaque couture est le fruit d&#8217;un artisanat h\u00e9rit\u00e9 de d\u00e9cennies d&#8217;exp\u00e9rience.<\/p>\n<\/p>\n<p>En choisissant une marini\u00e8re Marine Nationale d&#8217;Orcival, vous portez un v\u00eatement qui traverse les \u00e9poques. Des marins de la Marine Nationale aux ic\u00f4nes de la mode, incluant certaines grandes c\u00e9l\u00e9brit\u00e9s, la marini\u00e8re est devenue un symbole de style et de sophistication. Elle incarne l&#8217;\u00e9l\u00e9gance \u00e0 la fran\u00e7aise et s&#8217;adapte \u00e0 tous les styles et toutes les occasions, que ce soit pour une tenue d\u00e9contract\u00e9e ou plus habill\u00e9e.<\/p>\n<\/p>\n<p>Nous sommes enchant\u00e9s de vous offrir cette marini\u00e8re authentique, fabriqu\u00e9e en France par l&#8217;atelier Orcival qui, depuis plus de 80 ans, perp\u00e9tue la tradition et l&#8217;art de la marini\u00e8re. Passez votre commande d\u00e8s maintenant sur notre boutique en ligne et ajoutez une pi\u00e8ce charg\u00e9e d&#8217;histoire \u00e0 votre garde-robe.<\/p><\/p>\n","protected":false},"excerpt":{"rendered":"<p>La v\u00e9ritable marini\u00e8re marine nationale dans sa version Blanc \/ Noir 100% fabriqu\u00e9e en France par Orcival La marini\u00e8re authentique de la Marine Nationale fran\u00e7aise. La marini\u00e8re Marine Nationale dans sa version Blanc \/ Noir pour homme. Fabriqu\u00e9e en France par l&#8217;atelier Orcival depuis 1939, cette pi\u00e8ce authentique incarne l&#8217;h\u00e9ritage historique de la marini\u00e8re fran\u00e7aise. [&hellip;]<\/p>\n","protected":false},"featured_media":728793,"comment_status":"open","ping_status":"closed","template":"","meta":[],"product_brand":[],"product_cat":[1756,1758],"product_tag":[1810,1813],"acf":[],"_links":{"self":[{"href":"https:\/\/streetmarkets.fr\/app\/wp-json\/wp\/v2\/product\/728792"}],"collection":[{"href":"https:\/\/streetmarkets.fr\/app\/wp-json\/wp\/v2\/product"}],"about":[{"href":"https:\/\/streetmarkets.fr\/app\/wp-json\/wp\/v2\/types\/product"}],"replies":[{"embeddable":true,"href":"https:\/\/streetmarkets.fr\/app\/wp-json\/wp\/v2\/comments?post=728792"}],"wp:featuredmedia":[{"embeddable":true,"href":"https:\/\/streetmarkets.fr\/app\/wp-json\/wp\/v2\/media\/728793"}],"wp:attachment":[{"href":"https:\/\/streetmarkets.fr\/app\/wp-json\/wp\/v2\/media?parent=728792"}],"wp:term":[{"taxonomy":"product_brand","embeddable":true,"href":"https:\/\/streetmarkets.fr\/app\/wp-json\/wp\/v2\/product_brand?post=728792"},{"taxonomy":"product_cat","embeddable":true,"href":"https:\/\/streetmarkets.fr\/app\/wp-json\/wp\/v2\/product_cat?post=728792"},{"taxonomy":"product_tag","embeddable":true,"href":"https:\/\/streetmarkets.fr\/app\/wp-json\/wp\/v2\/product_tag?post=728792"}],"curies":[{"name":"wp","href":"https:\/\/api.w.org\/{rel}","templated":true}]}}