{"id":728505,"date":"2024-10-16T01:58:00","date_gmt":"2024-10-15T23:58:00","guid":{"rendered":"https:\/\/streetmarkets.fr\/app\/produit\/pull-col-rond-h24-homme-navy-2\/"},"modified":"2025-03-10T01:08:07","modified_gmt":"2025-03-10T00:08:07","slug":"pull-col-rond-h24-homme-navy-2","status":"publish","type":"product","link":"https:\/\/streetmarkets.fr\/app\/produit\/pull-col-rond-h24-homme-navy-2\/","title":{"rendered":"Pull Col Rond (H24 \/ HOMME \/ Navy)"},"content":{"rendered":"<p>R\u00e9haussez votre allure avec ce pull confectionn\u00e9 en cachemire. Muni d&#8217;un col rond, il affiche des bandes bicolores le long des manches, de quoi apporter une touche d&#8217;audace \u00e0 votre silhouette. Compl\u00e9tez votre look avec un pantalon droit et des sneakers.<\/p>\n<p>&#8211; Pull en cachemire certifi\u00e9 GCS\u00ae Homme<br \/>\n<br \/>&#8211; Col rond<br \/>\n<br \/>&#8211; Bandes bicolores<br \/>\n<br \/>&#8211; Manches longues<br \/>\n<br \/>&#8211; Bords c\u00f4tel\u00e9s<br \/>\n<br \/>&#8211; Coupe regular<br \/>\n<br \/>&#8211; Le Good Cashmere Standard\u00ae (GCS) est une norme ind\u00e9pendante pour un cachemire plus durable et plus responsable. Il vise \u00e0 am\u00e9liorer le bien-\u00eatre des ch\u00e8vres cachemire, les conditions de travail des \u00e9leveurs ainsi qu&#8217;\u00e0 prot\u00e9ger l&#8217;environnement.<br \/>&#8211; <u>Cachemire 4 fils<\/u> <\/p>\n","protected":false},"excerpt":{"rendered":"<p>R\u00e9haussez votre allure avec ce pull confectionn\u00e9 en cachemire. Muni d&#8217;un col rond, il affiche des bandes bicolores le long des manches, de quoi apporter une touche d&#8217;audace \u00e0 votre silhouette. Compl\u00e9tez votre look avec un pantalon droit et des sneakers. &#8211; Pull en cachemire certifi\u00e9 GCS\u00ae Homme &#8211; Col rond &#8211; Bandes bicolores &#8211; [&hellip;]<\/p>\n","protected":false},"featured_media":728506,"comment_status":"open","ping_status":"closed","template":"","meta":[],"product_brand":[6868],"product_cat":[1756,1758],"product_tag":[2244],"acf":[],"_links":{"self":[{"href":"https:\/\/streetmarkets.fr\/app\/wp-json\/wp\/v2\/product\/728505"}],"collection":[{"href":"https:\/\/streetmarkets.fr\/app\/wp-json\/wp\/v2\/product"}],"about":[{"href":"https:\/\/streetmarkets.fr\/app\/wp-json\/wp\/v2\/types\/product"}],"replies":[{"embeddable":true,"href":"https:\/\/streetmarkets.fr\/app\/wp-json\/wp\/v2\/comments?post=728505"}],"wp:featuredmedia":[{"embeddable":true,"href":"https:\/\/streetmarkets.fr\/app\/wp-json\/wp\/v2\/media\/728506"}],"wp:attachment":[{"href":"https:\/\/streetmarkets.fr\/app\/wp-json\/wp\/v2\/media?parent=728505"}],"wp:term":[{"taxonomy":"product_brand","embeddable":true,"href":"https:\/\/streetmarkets.fr\/app\/wp-json\/wp\/v2\/product_brand?post=728505"},{"taxonomy":"product_cat","embeddable":true,"href":"https:\/\/streetmarkets.fr\/app\/wp-json\/wp\/v2\/product_cat?post=728505"},{"taxonomy":"product_tag","embeddable":true,"href":"https:\/\/streetmarkets.fr\/app\/wp-json\/wp\/v2\/product_tag?post=728505"}],"curies":[{"name":"wp","href":"https:\/\/api.w.org\/{rel}","templated":true}]}}