{"id":728471,"date":"2024-10-16T01:57:45","date_gmt":"2024-10-15T23:57:45","guid":{"rendered":"https:\/\/streetmarkets.fr\/app\/produit\/pull-col-roule-basique-epais-h24-homme-navy\/"},"modified":"2025-03-05T00:59:29","modified_gmt":"2025-03-04T23:59:29","slug":"pull-col-roule-basique-epais-h24-homme-navy","status":"publish","type":"product","link":"https:\/\/streetmarkets.fr\/app\/produit\/pull-col-roule-basique-epais-h24-homme-navy\/","title":{"rendered":"Pull Col Roul\u00e9 Basique Epais (H24 \/ HOMME \/ Navy)"},"content":{"rendered":"<p>Enveloppez-vous de douceur avec ce pull confectionn\u00e9 en cachemire \u00e9pais 4 fils. Muni de manches longues, de bords c\u00f4tel\u00e9s et d&#8217;un col roul\u00e9, il dessine une silhouette intemporelle aux lignes \u00e9pur\u00e9es. \u00c0 mixer selon vos envies, il s&#8217;associe parfaitement \u00e0 un jean casual et un manteau structur\u00e9.<\/p>\n<p>&#8211; Pull en cachemire \u00e9pais 4 fils certifi\u00e9 GCS\u00ae Homme<br \/>\n<br \/>&#8211; Col roul\u00e9<br \/>\n<br \/>&#8211; Bords c\u00f4tel\u00e9s<br \/>\n<br \/>&#8211; Manches longues<br \/>\n<br \/>&#8211; Coupe regular<br \/>\n<br \/>&#8211; Le Good Cashmere Standard\u00ae (GCS) est une norme ind\u00e9pendante pour un cachemire plus durable et plus responsable. Il vise \u00e0 am\u00e9liorer le bien-\u00eatre des ch\u00e8vres cachemire, les conditions de travail des \u00e9leveurs ainsi qu&#8217;\u00e0 prot\u00e9ger l&#8217;environnement.<\/p>\n","protected":false},"excerpt":{"rendered":"<p>Enveloppez-vous de douceur avec ce pull confectionn\u00e9 en cachemire \u00e9pais 4 fils. Muni de manches longues, de bords c\u00f4tel\u00e9s et d&#8217;un col roul\u00e9, il dessine une silhouette intemporelle aux lignes \u00e9pur\u00e9es. \u00c0 mixer selon vos envies, il s&#8217;associe parfaitement \u00e0 un jean casual et un manteau structur\u00e9. &#8211; Pull en cachemire \u00e9pais 4 fils certifi\u00e9 [&hellip;]<\/p>\n","protected":false},"featured_media":728472,"comment_status":"open","ping_status":"closed","template":"","meta":[],"product_brand":[6868],"product_cat":[1756,1758],"product_tag":[2244],"acf":[],"_links":{"self":[{"href":"https:\/\/streetmarkets.fr\/app\/wp-json\/wp\/v2\/product\/728471"}],"collection":[{"href":"https:\/\/streetmarkets.fr\/app\/wp-json\/wp\/v2\/product"}],"about":[{"href":"https:\/\/streetmarkets.fr\/app\/wp-json\/wp\/v2\/types\/product"}],"replies":[{"embeddable":true,"href":"https:\/\/streetmarkets.fr\/app\/wp-json\/wp\/v2\/comments?post=728471"}],"wp:featuredmedia":[{"embeddable":true,"href":"https:\/\/streetmarkets.fr\/app\/wp-json\/wp\/v2\/media\/728472"}],"wp:attachment":[{"href":"https:\/\/streetmarkets.fr\/app\/wp-json\/wp\/v2\/media?parent=728471"}],"wp:term":[{"taxonomy":"product_brand","embeddable":true,"href":"https:\/\/streetmarkets.fr\/app\/wp-json\/wp\/v2\/product_brand?post=728471"},{"taxonomy":"product_cat","embeddable":true,"href":"https:\/\/streetmarkets.fr\/app\/wp-json\/wp\/v2\/product_cat?post=728471"},{"taxonomy":"product_tag","embeddable":true,"href":"https:\/\/streetmarkets.fr\/app\/wp-json\/wp\/v2\/product_tag?post=728471"}],"curies":[{"name":"wp","href":"https:\/\/api.w.org\/{rel}","templated":true}]}}