{"id":728466,"date":"2024-10-16T01:57:45","date_gmt":"2024-10-15T23:57:45","guid":{"rendered":"https:\/\/streetmarkets.fr\/app\/produit\/pull-col-rond-h24-femme-dreamy-pink\/"},"modified":"2025-03-05T00:59:29","modified_gmt":"2025-03-04T23:59:29","slug":"pull-col-rond-h24-femme-dreamy-pink","status":"publish","type":"product","link":"https:\/\/streetmarkets.fr\/app\/produit\/pull-col-rond-h24-femme-dreamy-pink\/","title":{"rendered":"Pull Col Rond (H24 \/ FEMME \/ Dreamy Pink)"},"content":{"rendered":"<p>Une maille douce et moelleuse s&#8217;invite sur ce pull en 100% cachemire. Muni d&#8217;un col rond, des manches longues et bords c\u00f4tel\u00e9s, il conf\u00e8re une allure d\u00e9contract\u00e9e en toute \u00e9l\u00e9gance. Glissez-le sur une robe fluide ou une jupe structur\u00e9e pour un look chic et casual.<\/p>\n<p>&#8211; Pull en cachemire certifi\u00e9 GCS\u00ae Femme<br \/>\n<br \/>&#8211; Col rond<br \/>\n<br \/>&#8211; Manches longues<br \/>\n<br \/>&#8211; Bords c\u00f4tel\u00e9s<br \/>\n<br \/>&#8211; Coupe regular<br \/>\n<br \/>&#8211; Le Good Cashmere Standard\u00ae (GCS) est une norme ind\u00e9pendante pour un cachemire plus durable et plus responsable. Il vise \u00e0 am\u00e9liorer le bien-\u00eatre des ch\u00e8vres cachemire, les conditions de travail des \u00e9leveurs ainsi qu&#8217;\u00e0 prot\u00e9ger l&#8217;environnement.<br \/>&#8211; <u>Cachemire 4 fils<\/u> <\/p>\n","protected":false},"excerpt":{"rendered":"<p>Une maille douce et moelleuse s&#8217;invite sur ce pull en 100% cachemire. Muni d&#8217;un col rond, des manches longues et bords c\u00f4tel\u00e9s, il conf\u00e8re une allure d\u00e9contract\u00e9e en toute \u00e9l\u00e9gance. Glissez-le sur une robe fluide ou une jupe structur\u00e9e pour un look chic et casual. &#8211; Pull en cachemire certifi\u00e9 GCS\u00ae Femme &#8211; Col rond [&hellip;]<\/p>\n","protected":false},"featured_media":728467,"comment_status":"open","ping_status":"closed","template":"","meta":[],"product_brand":[6868],"product_cat":[1756,1762],"product_tag":[2244],"acf":[],"_links":{"self":[{"href":"https:\/\/streetmarkets.fr\/app\/wp-json\/wp\/v2\/product\/728466"}],"collection":[{"href":"https:\/\/streetmarkets.fr\/app\/wp-json\/wp\/v2\/product"}],"about":[{"href":"https:\/\/streetmarkets.fr\/app\/wp-json\/wp\/v2\/types\/product"}],"replies":[{"embeddable":true,"href":"https:\/\/streetmarkets.fr\/app\/wp-json\/wp\/v2\/comments?post=728466"}],"wp:featuredmedia":[{"embeddable":true,"href":"https:\/\/streetmarkets.fr\/app\/wp-json\/wp\/v2\/media\/728467"}],"wp:attachment":[{"href":"https:\/\/streetmarkets.fr\/app\/wp-json\/wp\/v2\/media?parent=728466"}],"wp:term":[{"taxonomy":"product_brand","embeddable":true,"href":"https:\/\/streetmarkets.fr\/app\/wp-json\/wp\/v2\/product_brand?post=728466"},{"taxonomy":"product_cat","embeddable":true,"href":"https:\/\/streetmarkets.fr\/app\/wp-json\/wp\/v2\/product_cat?post=728466"},{"taxonomy":"product_tag","embeddable":true,"href":"https:\/\/streetmarkets.fr\/app\/wp-json\/wp\/v2\/product_tag?post=728466"}],"curies":[{"name":"wp","href":"https:\/\/api.w.org\/{rel}","templated":true}]}}