{"id":728458,"date":"2024-10-16T01:57:45","date_gmt":"2024-10-15T23:57:45","guid":{"rendered":"https:\/\/streetmarkets.fr\/app\/produit\/pull-col-montant-strass-leger-h24-femme-ecru\/"},"modified":"2025-02-04T01:07:21","modified_gmt":"2025-02-04T00:07:21","slug":"pull-col-montant-strass-leger-h24-femme-ecru","status":"publish","type":"product","link":"https:\/\/streetmarkets.fr\/app\/produit\/pull-col-montant-strass-leger-h24-femme-ecru\/","title":{"rendered":"Pull Col Montant Strass L\u00e9ger (H24 \/ FEMME \/ Ecru)"},"content":{"rendered":"<p>Confectionn\u00e9 en cachemire l\u00e9ger, ce pull court est parsem\u00e9 de strass \u00e9tincelants, qui soulignent d\u00e9licatement le col montant. Les manches longues et les bords c\u00f4tel\u00e9s lui conf\u00e8rent une allure structur\u00e9e, tout en douceur. Optez pour un look chic en l&#8217;associant \u00e0 une jupe fluide et des escarpins.<\/p>\n<p>&#8211; Pull court en cachemire l\u00e9ger certifi\u00e9 GCS\u00ae Femme<br \/>\n<br \/>&#8211; Strass<br \/>\n<br \/>&#8211; Col montant<br \/>\n<br \/>&#8211; Manches longues<br \/>\n<br \/>&#8211; Bords c\u00f4tel\u00e9s<br \/>\n<br \/>&#8211; Coupe regular<br \/>\n<br \/>&#8211; Le Good Cashmere Standard\u00ae (GCS) est une norme ind\u00e9pendante pour un cachemire plus durable et plus responsable. Il vise \u00e0 am\u00e9liorer le bien-\u00eatre des ch\u00e8vres cachemire, les conditions de travail des \u00e9leveurs ainsi qu&#8217;\u00e0 prot\u00e9ger l&#8217;environnement.<br \/>&#8211; <u>Cachemire 2 fils<\/u> <\/p>\n","protected":false},"excerpt":{"rendered":"<p>Confectionn\u00e9 en cachemire l\u00e9ger, ce pull court est parsem\u00e9 de strass \u00e9tincelants, qui soulignent d\u00e9licatement le col montant. Les manches longues et les bords c\u00f4tel\u00e9s lui conf\u00e8rent une allure structur\u00e9e, tout en douceur. Optez pour un look chic en l&#8217;associant \u00e0 une jupe fluide et des escarpins. &#8211; Pull court en cachemire l\u00e9ger certifi\u00e9 GCS\u00ae [&hellip;]<\/p>\n","protected":false},"featured_media":728459,"comment_status":"open","ping_status":"closed","template":"","meta":[],"product_brand":[6868],"product_cat":[1756,1762],"product_tag":[2244],"acf":[],"_links":{"self":[{"href":"https:\/\/streetmarkets.fr\/app\/wp-json\/wp\/v2\/product\/728458"}],"collection":[{"href":"https:\/\/streetmarkets.fr\/app\/wp-json\/wp\/v2\/product"}],"about":[{"href":"https:\/\/streetmarkets.fr\/app\/wp-json\/wp\/v2\/types\/product"}],"replies":[{"embeddable":true,"href":"https:\/\/streetmarkets.fr\/app\/wp-json\/wp\/v2\/comments?post=728458"}],"wp:featuredmedia":[{"embeddable":true,"href":"https:\/\/streetmarkets.fr\/app\/wp-json\/wp\/v2\/media\/728459"}],"wp:attachment":[{"href":"https:\/\/streetmarkets.fr\/app\/wp-json\/wp\/v2\/media?parent=728458"}],"wp:term":[{"taxonomy":"product_brand","embeddable":true,"href":"https:\/\/streetmarkets.fr\/app\/wp-json\/wp\/v2\/product_brand?post=728458"},{"taxonomy":"product_cat","embeddable":true,"href":"https:\/\/streetmarkets.fr\/app\/wp-json\/wp\/v2\/product_cat?post=728458"},{"taxonomy":"product_tag","embeddable":true,"href":"https:\/\/streetmarkets.fr\/app\/wp-json\/wp\/v2\/product_tag?post=728458"}],"curies":[{"name":"wp","href":"https:\/\/api.w.org\/{rel}","templated":true}]}}