{"id":728438,"date":"2024-10-16T01:57:44","date_gmt":"2024-10-15T23:57:44","guid":{"rendered":"https:\/\/streetmarkets.fr\/app\/produit\/pull-hoodie-bandes-manches-multicolore-leger-h24-femme-gris-chine-clair\/"},"modified":"2025-03-07T01:04:02","modified_gmt":"2025-03-07T00:04:02","slug":"pull-hoodie-bandes-manches-multicolore-leger-h24-femme-gris-chine-clair","status":"publish","type":"product","link":"https:\/\/streetmarkets.fr\/app\/produit\/pull-hoodie-bandes-manches-multicolore-leger-h24-femme-gris-chine-clair\/","title":{"rendered":"Pull Hoodie Bandes Manches Multicolore L\u00e9ger (H24 \/ FEMME \/ Gris Chin\u00e9 Clair)"},"content":{"rendered":"<p>Pi\u00e8ce iconique du vestiaire From Future, ce pull hoodie court se pare de bandes multicolores le long des manches pour r\u00e9veiller votre silhouette de saison. Confectionn\u00e9 en cachemire doux et l\u00e9ger, il d\u00e9voile une capuche \u00e0 cordons, une fermeture zipp\u00e9e et deux poches.<\/p>\n<p>&#8211; Pull hoodie court en cachemire l\u00e9ger certifi\u00e9 GCS\u00ae Femme<br \/>\n<br \/>&#8211; Bandes multicolores<br \/>\n<br \/>&#8211; Capuche \u00e0 cordons<br \/>\n<br \/>&#8211; Fermeture zipp\u00e9e<br \/>\n<br \/>&#8211; 2 poches<br \/>\n<br \/>&#8211; Manches longues<br \/>\n<br \/>&#8211; Bords c\u00f4tel\u00e9s<br \/>\n<br \/>&#8211; Coupe regular<br \/>\n<br \/>&#8211; Le Good Cashmere Standard\u00ae (GCS) est une norme ind\u00e9pendante pour un cachemire plus durable et plus responsable. Il vise \u00e0 am\u00e9liorer le bien-\u00eatre des ch\u00e8vres cachemire, les conditions de travail des \u00e9leveurs ainsi qu&#8217;\u00e0 prot\u00e9ger l&#8217;environnement.<br \/>&#8211; <u>Cachemire 4 fils<\/u> <\/p>\n","protected":false},"excerpt":{"rendered":"<p>Pi\u00e8ce iconique du vestiaire From Future, ce pull hoodie court se pare de bandes multicolores le long des manches pour r\u00e9veiller votre silhouette de saison. Confectionn\u00e9 en cachemire doux et l\u00e9ger, il d\u00e9voile une capuche \u00e0 cordons, une fermeture zipp\u00e9e et deux poches. &#8211; Pull hoodie court en cachemire l\u00e9ger certifi\u00e9 GCS\u00ae Femme &#8211; Bandes [&hellip;]<\/p>\n","protected":false},"featured_media":728439,"comment_status":"open","ping_status":"closed","template":"","meta":[],"product_brand":[6868],"product_cat":[1756,1762],"product_tag":[2244],"acf":[],"_links":{"self":[{"href":"https:\/\/streetmarkets.fr\/app\/wp-json\/wp\/v2\/product\/728438"}],"collection":[{"href":"https:\/\/streetmarkets.fr\/app\/wp-json\/wp\/v2\/product"}],"about":[{"href":"https:\/\/streetmarkets.fr\/app\/wp-json\/wp\/v2\/types\/product"}],"replies":[{"embeddable":true,"href":"https:\/\/streetmarkets.fr\/app\/wp-json\/wp\/v2\/comments?post=728438"}],"wp:featuredmedia":[{"embeddable":true,"href":"https:\/\/streetmarkets.fr\/app\/wp-json\/wp\/v2\/media\/728439"}],"wp:attachment":[{"href":"https:\/\/streetmarkets.fr\/app\/wp-json\/wp\/v2\/media?parent=728438"}],"wp:term":[{"taxonomy":"product_brand","embeddable":true,"href":"https:\/\/streetmarkets.fr\/app\/wp-json\/wp\/v2\/product_brand?post=728438"},{"taxonomy":"product_cat","embeddable":true,"href":"https:\/\/streetmarkets.fr\/app\/wp-json\/wp\/v2\/product_cat?post=728438"},{"taxonomy":"product_tag","embeddable":true,"href":"https:\/\/streetmarkets.fr\/app\/wp-json\/wp\/v2\/product_tag?post=728438"}],"curies":[{"name":"wp","href":"https:\/\/api.w.org\/{rel}","templated":true}]}}