{"id":728429,"date":"2024-10-16T01:57:43","date_gmt":"2024-10-15T23:57:43","guid":{"rendered":"https:\/\/streetmarkets.fr\/app\/produit\/pull-col-montant-h24-femme-gris-chine-fonce\/"},"modified":"2025-01-20T01:14:56","modified_gmt":"2025-01-20T00:14:56","slug":"pull-col-montant-h24-femme-gris-chine-fonce","status":"publish","type":"product","link":"https:\/\/streetmarkets.fr\/app\/produit\/pull-col-montant-h24-femme-gris-chine-fonce\/","title":{"rendered":"Pull Col Montant (H24 \/ FEMME \/ Gris Chin\u00e9 Fonc\u00e9)"},"content":{"rendered":"<p>Muni de manches longues et de bords c\u00f4tel\u00e9s, ce pull en cachemire allie confort et \u00e9l\u00e9gance. Le d\u00e9tail qui fait la diff\u00e9rence : des liser\u00e9s contrast\u00e9s soulignent d\u00e9licatement le col montant et les poignets. Optez pour un look chic en l&#8217;associant \u00e0 une jupe fluide et des escarpins.<\/p>\n<p>&#8211; Pull en cachemire certifi\u00e9 GCS\u00ae Femme<br \/>\n<br \/>&#8211; Col montant<br \/>\n<br \/>&#8211; Manches longues<br \/>\n<br \/>&#8211; Bords c\u00f4tel\u00e9s \u00e0 liser\u00e9s contrast\u00e9s<br \/>\n<br \/>&#8211; Coupe regular<br \/>\n<br \/>&#8211; Le Good Cashmere Standard\u00ae (GCS) est une norme ind\u00e9pendante pour un cachemire plus durable et plus responsable. Il vise \u00e0 am\u00e9liorer le bien-\u00eatre des ch\u00e8vres cachemire, les conditions de travail des \u00e9leveurs ainsi qu&#8217;\u00e0 prot\u00e9ger l&#8217;environnement.<br \/>&#8211; <u>Cachemire 4 fils<\/u> <\/p>\n","protected":false},"excerpt":{"rendered":"<p>Muni de manches longues et de bords c\u00f4tel\u00e9s, ce pull en cachemire allie confort et \u00e9l\u00e9gance. Le d\u00e9tail qui fait la diff\u00e9rence : des liser\u00e9s contrast\u00e9s soulignent d\u00e9licatement le col montant et les poignets. Optez pour un look chic en l&#8217;associant \u00e0 une jupe fluide et des escarpins. &#8211; Pull en cachemire certifi\u00e9 GCS\u00ae Femme [&hellip;]<\/p>\n","protected":false},"featured_media":728430,"comment_status":"open","ping_status":"closed","template":"","meta":[],"product_brand":[6868],"product_cat":[1756,1762],"product_tag":[2244],"acf":[],"_links":{"self":[{"href":"https:\/\/streetmarkets.fr\/app\/wp-json\/wp\/v2\/product\/728429"}],"collection":[{"href":"https:\/\/streetmarkets.fr\/app\/wp-json\/wp\/v2\/product"}],"about":[{"href":"https:\/\/streetmarkets.fr\/app\/wp-json\/wp\/v2\/types\/product"}],"replies":[{"embeddable":true,"href":"https:\/\/streetmarkets.fr\/app\/wp-json\/wp\/v2\/comments?post=728429"}],"wp:featuredmedia":[{"embeddable":true,"href":"https:\/\/streetmarkets.fr\/app\/wp-json\/wp\/v2\/media\/728430"}],"wp:attachment":[{"href":"https:\/\/streetmarkets.fr\/app\/wp-json\/wp\/v2\/media?parent=728429"}],"wp:term":[{"taxonomy":"product_brand","embeddable":true,"href":"https:\/\/streetmarkets.fr\/app\/wp-json\/wp\/v2\/product_brand?post=728429"},{"taxonomy":"product_cat","embeddable":true,"href":"https:\/\/streetmarkets.fr\/app\/wp-json\/wp\/v2\/product_cat?post=728429"},{"taxonomy":"product_tag","embeddable":true,"href":"https:\/\/streetmarkets.fr\/app\/wp-json\/wp\/v2\/product_tag?post=728429"}],"curies":[{"name":"wp","href":"https:\/\/api.w.org\/{rel}","templated":true}]}}