{"id":728423,"date":"2024-10-16T01:57:43","date_gmt":"2024-10-15T23:57:43","guid":{"rendered":"https:\/\/streetmarkets.fr\/app\/produit\/pull-col-v-h24-femme-gris-chine-fonce\/"},"modified":"2025-03-10T01:16:18","modified_gmt":"2025-03-10T00:16:18","slug":"pull-col-v-h24-femme-gris-chine-fonce","status":"publish","type":"product","link":"https:\/\/streetmarkets.fr\/app\/produit\/pull-col-v-h24-femme-gris-chine-fonce\/","title":{"rendered":"Pull Col V (H24 \/ FEMME \/ Gris Chin\u00e9 Fonc\u00e9)"},"content":{"rendered":"<p>Ce pull en cachemire se distingue par un d\u00e9collet\u00e9 en V, orn\u00e9 de surpiq\u00fbres contrast\u00e9es, et de bandes tricolores. Muni de manches longues et de bords c\u00f4tel\u00e9s, il d\u00e9voile une silhouette structur\u00e9e avec une touche d&#8217;audace.<\/p>\n<p>&#8211; Pull en cachemire certifi\u00e9 GCS\u00ae Femme<br \/>\n<br \/>&#8211; Bandes contrast\u00e9es<br \/>\n<br \/>&#8211; Col V et surpiq\u00fbres contrast\u00e9es<br \/>\n<br \/>&#8211; Manches longues<br \/>\n<br \/>&#8211; Bords c\u00f4tel\u00e9s<br \/>\n<br \/>&#8211; Coupe regular<br \/>\n<br \/>&#8211; Le Good Cashmere Standard\u00ae (GCS) est une norme ind\u00e9pendante pour un cachemire plus durable et plus responsable. Il vise \u00e0 am\u00e9liorer le bien-\u00eatre des ch\u00e8vres cachemire, les conditions de travail des \u00e9leveurs ainsi qu&#8217;\u00e0 prot\u00e9ger l&#8217;environnement.<br \/>&#8211; <u>Cachemire 4 fils<\/u> <\/p>\n","protected":false},"excerpt":{"rendered":"<p>Ce pull en cachemire se distingue par un d\u00e9collet\u00e9 en V, orn\u00e9 de surpiq\u00fbres contrast\u00e9es, et de bandes tricolores. Muni de manches longues et de bords c\u00f4tel\u00e9s, il d\u00e9voile une silhouette structur\u00e9e avec une touche d&#8217;audace. &#8211; Pull en cachemire certifi\u00e9 GCS\u00ae Femme &#8211; Bandes contrast\u00e9es &#8211; Col V et surpiq\u00fbres contrast\u00e9es &#8211; Manches longues [&hellip;]<\/p>\n","protected":false},"featured_media":728424,"comment_status":"open","ping_status":"closed","template":"","meta":[],"product_brand":[6868],"product_cat":[1756,1762],"product_tag":[2244],"acf":[],"_links":{"self":[{"href":"https:\/\/streetmarkets.fr\/app\/wp-json\/wp\/v2\/product\/728423"}],"collection":[{"href":"https:\/\/streetmarkets.fr\/app\/wp-json\/wp\/v2\/product"}],"about":[{"href":"https:\/\/streetmarkets.fr\/app\/wp-json\/wp\/v2\/types\/product"}],"replies":[{"embeddable":true,"href":"https:\/\/streetmarkets.fr\/app\/wp-json\/wp\/v2\/comments?post=728423"}],"wp:featuredmedia":[{"embeddable":true,"href":"https:\/\/streetmarkets.fr\/app\/wp-json\/wp\/v2\/media\/728424"}],"wp:attachment":[{"href":"https:\/\/streetmarkets.fr\/app\/wp-json\/wp\/v2\/media?parent=728423"}],"wp:term":[{"taxonomy":"product_brand","embeddable":true,"href":"https:\/\/streetmarkets.fr\/app\/wp-json\/wp\/v2\/product_brand?post=728423"},{"taxonomy":"product_cat","embeddable":true,"href":"https:\/\/streetmarkets.fr\/app\/wp-json\/wp\/v2\/product_cat?post=728423"},{"taxonomy":"product_tag","embeddable":true,"href":"https:\/\/streetmarkets.fr\/app\/wp-json\/wp\/v2\/product_tag?post=728423"}],"curies":[{"name":"wp","href":"https:\/\/api.w.org\/{rel}","templated":true}]}}