{"id":728414,"date":"2024-10-16T01:57:38","date_gmt":"2024-10-15T23:57:38","guid":{"rendered":"https:\/\/streetmarkets.fr\/app\/produit\/pull-col-rond-h24-femme-hot-red-2\/"},"modified":"2025-03-10T01:16:18","modified_gmt":"2025-03-10T00:16:18","slug":"pull-col-rond-h24-femme-hot-red-2","status":"publish","type":"product","link":"https:\/\/streetmarkets.fr\/app\/produit\/pull-col-rond-h24-femme-hot-red-2\/","title":{"rendered":"Pull Col Rond (H24 \/ FEMME \/ Hot Red)"},"content":{"rendered":"<p>Ce pull oversize, orn\u00e9 d&#8217;une signature &#8220;FF&#8221; \u00e0 l&#8217;avant, d\u00e9voile un col rond et des manches longues. Confectionn\u00e9 en cachemire, ses bords bicolores contrast\u00e9es structurent la silhouette avec \u00e9l\u00e9gance. Optez pour un look casual en le mixant \u00e0 un jean droit ou une jupe fluide.<\/p>\n<p>&#8211; Pull en cachemire certifi\u00e9 GCS\u00ae Femme<br \/>\n<br \/>&#8211; Bicolore<br \/>\n<br \/>&#8211; Logo &#8220;FF&#8221;<br \/>\n<br \/>&#8211; Col rond<br \/>\n<br \/>&#8211; Bords c\u00f4tel\u00e9s<br \/>\n<br \/>&#8211; Manches longues<br \/>\n<br \/>&#8211; Coupe oversize<br \/>\n<br \/>&#8211; Le Good Cashmere Standard\u00ae (GCS) est une norme ind\u00e9pendante pour un cachemire plus durable et plus responsable. Il vise \u00e0 am\u00e9liorer le bien-\u00eatre des ch\u00e8vres cachemire, les conditions de travail des \u00e9leveurs ainsi qu&#8217;\u00e0 prot\u00e9ger l&#8217;environnement.<br \/>&#8211; <u>Cachemire 4 fils<\/u> <\/p>\n","protected":false},"excerpt":{"rendered":"<p>Ce pull oversize, orn\u00e9 d&#8217;une signature &#8220;FF&#8221; \u00e0 l&#8217;avant, d\u00e9voile un col rond et des manches longues. Confectionn\u00e9 en cachemire, ses bords bicolores contrast\u00e9es structurent la silhouette avec \u00e9l\u00e9gance. Optez pour un look casual en le mixant \u00e0 un jean droit ou une jupe fluide. &#8211; Pull en cachemire certifi\u00e9 GCS\u00ae Femme &#8211; Bicolore &#8211; [&hellip;]<\/p>\n","protected":false},"featured_media":728415,"comment_status":"open","ping_status":"closed","template":"","meta":[],"product_brand":[6868],"product_cat":[1756,1762],"product_tag":[2244],"acf":[],"_links":{"self":[{"href":"https:\/\/streetmarkets.fr\/app\/wp-json\/wp\/v2\/product\/728414"}],"collection":[{"href":"https:\/\/streetmarkets.fr\/app\/wp-json\/wp\/v2\/product"}],"about":[{"href":"https:\/\/streetmarkets.fr\/app\/wp-json\/wp\/v2\/types\/product"}],"replies":[{"embeddable":true,"href":"https:\/\/streetmarkets.fr\/app\/wp-json\/wp\/v2\/comments?post=728414"}],"wp:featuredmedia":[{"embeddable":true,"href":"https:\/\/streetmarkets.fr\/app\/wp-json\/wp\/v2\/media\/728415"}],"wp:attachment":[{"href":"https:\/\/streetmarkets.fr\/app\/wp-json\/wp\/v2\/media?parent=728414"}],"wp:term":[{"taxonomy":"product_brand","embeddable":true,"href":"https:\/\/streetmarkets.fr\/app\/wp-json\/wp\/v2\/product_brand?post=728414"},{"taxonomy":"product_cat","embeddable":true,"href":"https:\/\/streetmarkets.fr\/app\/wp-json\/wp\/v2\/product_cat?post=728414"},{"taxonomy":"product_tag","embeddable":true,"href":"https:\/\/streetmarkets.fr\/app\/wp-json\/wp\/v2\/product_tag?post=728414"}],"curies":[{"name":"wp","href":"https:\/\/api.w.org\/{rel}","templated":true}]}}