{"id":726921,"date":"2024-10-15T18:34:52","date_gmt":"2024-10-15T16:34:52","guid":{"rendered":"https:\/\/streetmarkets.fr\/app\/produit\/sac-pliable-swirl-in-pink\/"},"modified":"2026-05-02T01:15:23","modified_gmt":"2026-05-01T23:15:23","slug":"sac-pliable-swirl-in-pink","status":"publish","type":"product","link":"https:\/\/streetmarkets.fr\/app\/produit\/sac-pliable-swirl-in-pink\/","title":{"rendered":"Sac Pliable Swirl in Pink"},"content":{"rendered":"<h4><a href=\"https:\/\/frenchtouche.com\/collections\/original-duckhead\" title=\"Collection Original Duckhead\">Collection Original Duckhead<\/a><\/h4>\n<p>Un joli sac pliable l\u00e9ger et costaud qui vous accompagnera partout !<\/p>\n<ul>\n<li>Tissu imperm\u00e9able et l\u00e9ger<\/li>\n<li>Se replie dans une petit pochette<\/li>\n<li>Peut contenir jusqu&#8217;\u00e0 20 kg<\/li>\n<li>Large bandouli\u00e8re r\u00e9partissant le poids confortablement<\/li>\n<li>Lavable en machine \u00e0 30\u00b0\n<\/li>\n<li>Tissu durable fabriqu\u00e9 \u00e0 100% \u00e0 partir de PET recycl\u00e9 (un sac est constitu\u00e9 de 6 bouteilles en plastique recycl\u00e9es post-consommation)<\/li>\n<li>Dimensions : Dans sa pochette : 12 x 12 cm \/ Sac ouvert : 38 x 64 cm<\/li>\n<\/ul>\n","protected":false},"excerpt":{"rendered":"<p>Collection Original Duckhead Un joli sac pliable l\u00e9ger et costaud qui vous accompagnera partout ! Tissu imperm\u00e9able et l\u00e9ger Se replie dans une petit pochette Peut contenir jusqu&#8217;\u00e0 20 kg Large bandouli\u00e8re r\u00e9partissant le poids confortablement Lavable en machine \u00e0 30\u00b0 Tissu durable fabriqu\u00e9 \u00e0 100% \u00e0 partir de PET recycl\u00e9 (un sac est constitu\u00e9 [&hellip;]<\/p>\n","protected":false},"featured_media":726922,"comment_status":"open","ping_status":"closed","template":"","meta":[],"product_brand":[],"product_cat":[1756,1764],"product_tag":[2244],"acf":[],"_links":{"self":[{"href":"https:\/\/streetmarkets.fr\/app\/wp-json\/wp\/v2\/product\/726921"}],"collection":[{"href":"https:\/\/streetmarkets.fr\/app\/wp-json\/wp\/v2\/product"}],"about":[{"href":"https:\/\/streetmarkets.fr\/app\/wp-json\/wp\/v2\/types\/product"}],"replies":[{"embeddable":true,"href":"https:\/\/streetmarkets.fr\/app\/wp-json\/wp\/v2\/comments?post=726921"}],"wp:featuredmedia":[{"embeddable":true,"href":"https:\/\/streetmarkets.fr\/app\/wp-json\/wp\/v2\/media\/726922"}],"wp:attachment":[{"href":"https:\/\/streetmarkets.fr\/app\/wp-json\/wp\/v2\/media?parent=726921"}],"wp:term":[{"taxonomy":"product_brand","embeddable":true,"href":"https:\/\/streetmarkets.fr\/app\/wp-json\/wp\/v2\/product_brand?post=726921"},{"taxonomy":"product_cat","embeddable":true,"href":"https:\/\/streetmarkets.fr\/app\/wp-json\/wp\/v2\/product_cat?post=726921"},{"taxonomy":"product_tag","embeddable":true,"href":"https:\/\/streetmarkets.fr\/app\/wp-json\/wp\/v2\/product_tag?post=726921"}],"curies":[{"name":"wp","href":"https:\/\/api.w.org\/{rel}","templated":true}]}}