{"id":726844,"date":"2024-10-15T18:34:20","date_gmt":"2024-10-15T16:34:20","guid":{"rendered":"https:\/\/streetmarkets.fr\/app\/produit\/bague-zita\/"},"modified":"2026-05-04T01:16:48","modified_gmt":"2026-05-03T23:16:48","slug":"bague-zita","status":"publish","type":"product","link":"https:\/\/streetmarkets.fr\/app\/produit\/bague-zita\/","title":{"rendered":"Bague Zita"},"content":{"rendered":"<p class=\"\"><a href=\"\/collections\/alix-d-reynis\" title=\"Collection Alix D. Reynis\"><strong>Collection Alix D. Reynis<\/strong><\/a><\/p>\n<p class=\"\">Bague en vermeil (argent plaqu\u00e9 or 5 microns) et oxyde de zirconium rouge<\/p>\n<p class=\"\">Les bijoux Alix D. Reynis sont livr\u00e9s dans une jolie boite et accompagn\u00e9s d&#8217;un certificat d&#8217;authenticit\u00e9 qui t\u00e9moigne de la teneur en m\u00e9taux pr\u00e9cieux et de la d\u00e9nomination des pierres utilis\u00e9es.<\/p>\n<p><span>:: Conseils d&#8217;entretien de vos bijoux en vermeil ::<\/span><\/p>\n<p><span><em>&#8220;Afin de conserver vos bijoux en vermeil en parfait \u00e9tat, il est d\u00e9conseill\u00e9 de les porter lorsque vous dormez, vous baignez ou faites du sport. La patine peut venir \u00e0 s&#8217;estomper avec le temps, et est consid\u00e9r\u00e9e comme de l\u2019usure naturelle. La rapidit\u00e9 avec laquelle celle-ci dispara\u00eet d\u00e9pend de la fa\u00e7on dont le bijou est entretenu.<\/em><br \/><em>Nous vous conseillons de les ranger \u00e0 l\u2019abri de l\u2019humidit\u00e9, et de ne pas utiliser de produit nettoyant ou solvant.&#8221;<\/em><br \/><\/span><\/p>\n","protected":false},"excerpt":{"rendered":"<p>Collection Alix D. Reynis Bague en vermeil (argent plaqu\u00e9 or 5 microns) et oxyde de zirconium rouge Les bijoux Alix D. Reynis sont livr\u00e9s dans une jolie boite et accompagn\u00e9s d&#8217;un certificat d&#8217;authenticit\u00e9 qui t\u00e9moigne de la teneur en m\u00e9taux pr\u00e9cieux et de la d\u00e9nomination des pierres utilis\u00e9es. :: Conseils d&#8217;entretien de vos bijoux en [&hellip;]<\/p>\n","protected":false},"featured_media":726845,"comment_status":"open","ping_status":"closed","template":"","meta":[],"product_brand":[],"product_cat":[1807,1756],"product_tag":[2244,1813],"acf":[],"_links":{"self":[{"href":"https:\/\/streetmarkets.fr\/app\/wp-json\/wp\/v2\/product\/726844"}],"collection":[{"href":"https:\/\/streetmarkets.fr\/app\/wp-json\/wp\/v2\/product"}],"about":[{"href":"https:\/\/streetmarkets.fr\/app\/wp-json\/wp\/v2\/types\/product"}],"replies":[{"embeddable":true,"href":"https:\/\/streetmarkets.fr\/app\/wp-json\/wp\/v2\/comments?post=726844"}],"wp:featuredmedia":[{"embeddable":true,"href":"https:\/\/streetmarkets.fr\/app\/wp-json\/wp\/v2\/media\/726845"}],"wp:attachment":[{"href":"https:\/\/streetmarkets.fr\/app\/wp-json\/wp\/v2\/media?parent=726844"}],"wp:term":[{"taxonomy":"product_brand","embeddable":true,"href":"https:\/\/streetmarkets.fr\/app\/wp-json\/wp\/v2\/product_brand?post=726844"},{"taxonomy":"product_cat","embeddable":true,"href":"https:\/\/streetmarkets.fr\/app\/wp-json\/wp\/v2\/product_cat?post=726844"},{"taxonomy":"product_tag","embeddable":true,"href":"https:\/\/streetmarkets.fr\/app\/wp-json\/wp\/v2\/product_tag?post=726844"}],"curies":[{"name":"wp","href":"https:\/\/api.w.org\/{rel}","templated":true}]}}