{"id":726378,"date":"2024-10-15T18:32:54","date_gmt":"2024-10-15T16:32:54","guid":{"rendered":"https:\/\/streetmarkets.fr\/app\/produit\/pins-emmy\/"},"modified":"2026-04-11T01:14:19","modified_gmt":"2026-04-10T23:14:19","slug":"pins-emmy","status":"publish","type":"product","link":"https:\/\/streetmarkets.fr\/app\/produit\/pins-emmy\/","title":{"rendered":"Pin&#8217;s Emmy"},"content":{"rendered":"<p><a href=\"https:\/\/frenchtouche.com\/collections\/titlee\" title=\"Collection Titlee\"><span style=\"text-decoration: underline\"><strong>Collection Titlee<\/strong><\/span><\/a><\/p>\n<p>Emmy la d\u00e9capotable ! En voiture Simone, cheveux au vent !<\/p>\n<p>Pin&#8217;s en laiton dor\u00e9 \u00e0 l&#8217;or fin (24K) et r\u00e9sine rouge coquelicot<br \/>Dimensions : 1,2 x 3,9 cm<\/p>\n<p>Pour pr\u00e9server votre bijou, \u00e9vitez tout contact avec l&#8217;eau, la transpiration ou l&#8217;humidit\u00e9 en g\u00e9n\u00e9ral. Pensez \u00e0 retirer vos bijoux lors de l&#8217;utilisation de produits chimiques ou d&#8217;entretien, et autres cr\u00e8mes ou parfums. Ces quelques conseils peuvent prolonger consid\u00e9rablement la vie de votre bijou.<\/p>\n<p>:: Bijou fabriqu\u00e9 en France et livr\u00e9 dans un petit pochon en coton ::<\/p>\n<p><em>S\u00e9verine Balanqueux a fond\u00e9 Titlee (papillon en hindi) en 2009, au retour de son voyage de noces en Inde du Sud avec le d\u00e9sir de cr\u00e9er des collections d\u2019accessoires intemporelles, \u00e0 la fois classiques et graphiques. Aussi d\u00e9licates, l\u00e9g\u00e8res et subtiles qu\u2019un papillon. <\/em><em><\/em><em>Elle voulait \u00e9galement que ses collections soient enti\u00e8rement fabriqu\u00e9es en France, \u00e0 Paris, l\u00e0 o\u00f9 elle vit, en collaboration avec des artisans de talents, et compos\u00e9es majoritairement de mod\u00e8les permanents que l\u2019on pourrait adopter, pour ne plus les quitter. <\/em><em>Enti\u00e8rement fabriqu\u00e9s \u00e0 la main, en France, les bijoux Titlee prennent vie sous les mains d&#8217;artisans de talent. Chaque saison, S\u00e9verine dessine un th\u00e8me graphique et un th\u00e8me classique, saupoudr\u00e9s de fi\u00e8res et cr\u00e9atives capsules.<\/em><\/p>\n","protected":false},"excerpt":{"rendered":"<p>Collection Titlee Emmy la d\u00e9capotable ! En voiture Simone, cheveux au vent ! Pin&#8217;s en laiton dor\u00e9 \u00e0 l&#8217;or fin (24K) et r\u00e9sine rouge coquelicotDimensions : 1,2 x 3,9 cm Pour pr\u00e9server votre bijou, \u00e9vitez tout contact avec l&#8217;eau, la transpiration ou l&#8217;humidit\u00e9 en g\u00e9n\u00e9ral. Pensez \u00e0 retirer vos bijoux lors de l&#8217;utilisation de produits [&hellip;]<\/p>\n","protected":false},"featured_media":726379,"comment_status":"open","ping_status":"closed","template":"","meta":[],"product_brand":[],"product_cat":[1756,1764],"product_tag":[2244],"acf":[],"_links":{"self":[{"href":"https:\/\/streetmarkets.fr\/app\/wp-json\/wp\/v2\/product\/726378"}],"collection":[{"href":"https:\/\/streetmarkets.fr\/app\/wp-json\/wp\/v2\/product"}],"about":[{"href":"https:\/\/streetmarkets.fr\/app\/wp-json\/wp\/v2\/types\/product"}],"replies":[{"embeddable":true,"href":"https:\/\/streetmarkets.fr\/app\/wp-json\/wp\/v2\/comments?post=726378"}],"wp:featuredmedia":[{"embeddable":true,"href":"https:\/\/streetmarkets.fr\/app\/wp-json\/wp\/v2\/media\/726379"}],"wp:attachment":[{"href":"https:\/\/streetmarkets.fr\/app\/wp-json\/wp\/v2\/media?parent=726378"}],"wp:term":[{"taxonomy":"product_brand","embeddable":true,"href":"https:\/\/streetmarkets.fr\/app\/wp-json\/wp\/v2\/product_brand?post=726378"},{"taxonomy":"product_cat","embeddable":true,"href":"https:\/\/streetmarkets.fr\/app\/wp-json\/wp\/v2\/product_cat?post=726378"},{"taxonomy":"product_tag","embeddable":true,"href":"https:\/\/streetmarkets.fr\/app\/wp-json\/wp\/v2\/product_tag?post=726378"}],"curies":[{"name":"wp","href":"https:\/\/api.w.org\/{rel}","templated":true}]}}