{"id":726208,"date":"2024-10-15T18:32:07","date_gmt":"2024-10-15T16:32:07","guid":{"rendered":"https:\/\/streetmarkets.fr\/app\/produit\/bracelet-emerson\/"},"modified":"2026-05-06T01:13:50","modified_gmt":"2026-05-05T23:13:50","slug":"bracelet-emerson","status":"publish","type":"product","link":"https:\/\/streetmarkets.fr\/app\/produit\/bracelet-emerson\/","title":{"rendered":"Bracelet Emerson"},"content":{"rendered":"<p><a title=\"Collection Titlee\" href=\"https:\/\/frenchtouche.com\/collections\/titlee\"><span style=\"text-decoration: underline\"><strong>Collection Titlee<\/strong><\/span><\/a><\/p>\n<p>Emerson, un classique revisit\u00e9 et un bracelet qui ne vous quittera plus !<br \/>Titlee r\u00e9-interpr\u00e8te la gourmette dans une version d\u00e9licate et \u00e9l\u00e9gante.<\/p>\n<p>Bracelet en laiton dor\u00e9 \u00e0 l\u2019or fin (24K gold)<br \/>Longueur : 16,5 \u00e0 17,5 cm (ajustable)<\/p>\n<p>Pour pr\u00e9server votre bijou, \u00e9vitez tout contact avec l&#8217;eau, la transpiration ou l&#8217;humidit\u00e9 en g\u00e9n\u00e9ral. Pensez \u00e0 retirer vos bijoux lors de l&#8217;utilisation de produits chimiques ou d&#8217;entretien, et autres cr\u00e8mes ou parfums. Lorsque vous ne le portez pas, afin d&#8217;en conserver tout l&#8217;\u00e9clat et la brillance, \u00e9vitez de le laisser \u00e0 l&#8217;air libre ou \u00e0 la lumi\u00e8re en le rangeant dans son \u00e9crin d&#8217;origine.<\/p>\n<p>Ce bijou est garanti 1 an.<\/p>\n<p>:: Bijou fabriqu\u00e9 en France et livr\u00e9 dans un \u00e9crin gris ::<\/p>\n<p><em>S\u00e9verine Balanqueux a fond\u00e9 Titlee (papillon en hindi) en 2009, au retour de son voyage de noces en Inde du Sud avec le d\u00e9sir de cr\u00e9er des collections d\u2019accessoires intemporelles, \u00e0 la fois classiques et graphiques. Aussi d\u00e9licates, l\u00e9g\u00e8res et subtiles qu\u2019un papillon. <\/em><em><\/em><em>Elle voulait \u00e9galement que ses collections soient enti\u00e8rement fabriqu\u00e9es en France, \u00e0 Paris, l\u00e0 o\u00f9 elle vit, en collaboration avec des artisans de talents, et compos\u00e9es majoritairement de mod\u00e8les permanents que l\u2019on pourrait adopter, pour ne plus les quitter. <\/em><em>Enti\u00e8rement fabriqu\u00e9s \u00e0 la main, en France, les bijoux Titlee prennent vie sous les mains d&#8217;artisans de talent. Chaque saison, S\u00e9verine dessine un th\u00e8me graphique et un th\u00e8me classique, saupoudr\u00e9s de fi\u00e8res et cr\u00e9atives capsules.<\/em><\/p>\n","protected":false},"excerpt":{"rendered":"<p>Collection Titlee Emerson, un classique revisit\u00e9 et un bracelet qui ne vous quittera plus !Titlee r\u00e9-interpr\u00e8te la gourmette dans une version d\u00e9licate et \u00e9l\u00e9gante. Bracelet en laiton dor\u00e9 \u00e0 l\u2019or fin (24K gold)Longueur : 16,5 \u00e0 17,5 cm (ajustable) Pour pr\u00e9server votre bijou, \u00e9vitez tout contact avec l&#8217;eau, la transpiration ou l&#8217;humidit\u00e9 en g\u00e9n\u00e9ral. Pensez [&hellip;]<\/p>\n","protected":false},"featured_media":726209,"comment_status":"open","ping_status":"closed","template":"","meta":[],"product_brand":[],"product_cat":[1807,1756],"product_tag":[2244],"acf":[],"_links":{"self":[{"href":"https:\/\/streetmarkets.fr\/app\/wp-json\/wp\/v2\/product\/726208"}],"collection":[{"href":"https:\/\/streetmarkets.fr\/app\/wp-json\/wp\/v2\/product"}],"about":[{"href":"https:\/\/streetmarkets.fr\/app\/wp-json\/wp\/v2\/types\/product"}],"replies":[{"embeddable":true,"href":"https:\/\/streetmarkets.fr\/app\/wp-json\/wp\/v2\/comments?post=726208"}],"wp:featuredmedia":[{"embeddable":true,"href":"https:\/\/streetmarkets.fr\/app\/wp-json\/wp\/v2\/media\/726209"}],"wp:attachment":[{"href":"https:\/\/streetmarkets.fr\/app\/wp-json\/wp\/v2\/media?parent=726208"}],"wp:term":[{"taxonomy":"product_brand","embeddable":true,"href":"https:\/\/streetmarkets.fr\/app\/wp-json\/wp\/v2\/product_brand?post=726208"},{"taxonomy":"product_cat","embeddable":true,"href":"https:\/\/streetmarkets.fr\/app\/wp-json\/wp\/v2\/product_cat?post=726208"},{"taxonomy":"product_tag","embeddable":true,"href":"https:\/\/streetmarkets.fr\/app\/wp-json\/wp\/v2\/product_tag?post=726208"}],"curies":[{"name":"wp","href":"https:\/\/api.w.org\/{rel}","templated":true}]}}