{"id":725872,"date":"2024-10-15T18:30:53","date_gmt":"2024-10-15T16:30:53","guid":{"rendered":"https:\/\/streetmarkets.fr\/app\/produit\/chaussettes-transparentes-cafe\/"},"modified":"2026-05-11T01:13:22","modified_gmt":"2026-05-10T23:13:22","slug":"chaussettes-transparentes-cafe","status":"publish","type":"product","link":"https:\/\/streetmarkets.fr\/app\/produit\/chaussettes-transparentes-cafe\/","title":{"rendered":"Chaussettes Transparentes Caf\u00e9"},"content":{"rendered":"<p class=\"p1\"><a title=\"Collection Coucou Suzette\" href=\"\/collections\/coucou-suzette\"><strong>Collection Coucou Suzette<\/strong><\/a><\/p>\n<p><span>Des chaussettes transparentes \u00e0 motifs petites tasses de caf\u00e9. On adore le d\u00e9tail des traces de rouge \u00e0 l\u00e8vres, si typiques, et ses jolies extr\u00e9mit\u00e9s bleu ciel.<\/span><\/p>\n<ul>\n<li class=\"p1\">Taille Unique (36-40)\n<\/li>\n<li class=\"p1\"><span>Composition : Polyester 60%, Coton 39%, Elasthanne 1%<\/span><\/li>\n<li>Laver \u00e0 30\u00b0, s\u00e9cher \u00e0 l&#8217;air libre, ne pas repasser<span><\/span>\n<\/li>\n<li class=\"p1\"><span>Fabriqu\u00e9es en Chine dans une usine audit\u00e9e<\/span><\/li>\n<\/ul>\n","protected":false},"excerpt":{"rendered":"<p>Collection Coucou Suzette Des chaussettes transparentes \u00e0 motifs petites tasses de caf\u00e9. On adore le d\u00e9tail des traces de rouge \u00e0 l\u00e8vres, si typiques, et ses jolies extr\u00e9mit\u00e9s bleu ciel. Taille Unique (36-40) Composition : Polyester 60%, Coton 39%, Elasthanne 1% Laver \u00e0 30\u00b0, s\u00e9cher \u00e0 l&#8217;air libre, ne pas repasser Fabriqu\u00e9es en Chine dans [&hellip;]<\/p>\n","protected":false},"featured_media":725873,"comment_status":"open","ping_status":"closed","template":"","meta":[],"product_brand":[],"product_cat":[1756,1762],"product_tag":[2244],"acf":[],"_links":{"self":[{"href":"https:\/\/streetmarkets.fr\/app\/wp-json\/wp\/v2\/product\/725872"}],"collection":[{"href":"https:\/\/streetmarkets.fr\/app\/wp-json\/wp\/v2\/product"}],"about":[{"href":"https:\/\/streetmarkets.fr\/app\/wp-json\/wp\/v2\/types\/product"}],"replies":[{"embeddable":true,"href":"https:\/\/streetmarkets.fr\/app\/wp-json\/wp\/v2\/comments?post=725872"}],"wp:featuredmedia":[{"embeddable":true,"href":"https:\/\/streetmarkets.fr\/app\/wp-json\/wp\/v2\/media\/725873"}],"wp:attachment":[{"href":"https:\/\/streetmarkets.fr\/app\/wp-json\/wp\/v2\/media?parent=725872"}],"wp:term":[{"taxonomy":"product_brand","embeddable":true,"href":"https:\/\/streetmarkets.fr\/app\/wp-json\/wp\/v2\/product_brand?post=725872"},{"taxonomy":"product_cat","embeddable":true,"href":"https:\/\/streetmarkets.fr\/app\/wp-json\/wp\/v2\/product_cat?post=725872"},{"taxonomy":"product_tag","embeddable":true,"href":"https:\/\/streetmarkets.fr\/app\/wp-json\/wp\/v2\/product_tag?post=725872"}],"curies":[{"name":"wp","href":"https:\/\/api.w.org\/{rel}","templated":true}]}}