{"id":725807,"date":"2024-10-15T18:30:51","date_gmt":"2024-10-15T16:30:51","guid":{"rendered":"https:\/\/streetmarkets.fr\/app\/produit\/boucles-doreilles-baguette\/"},"modified":"2026-05-06T01:13:40","modified_gmt":"2026-05-05T23:13:40","slug":"boucles-doreilles-baguette","status":"publish","type":"product","link":"https:\/\/streetmarkets.fr\/app\/produit\/boucles-doreilles-baguette\/","title":{"rendered":"Boucles d&#8217;oreilles Baguette"},"content":{"rendered":"<div class=\"rte-content\" id=\"product-description-short-41\">\n<div class=\"rte-content\" id=\"product-description-short-123\">\n<p><strong><a title=\"Collection Coucou Suzette\" href=\"\/collections\/coucou-suzette\">Collection Coucou Suzette<\/a><\/strong><\/p>\n<p style=\"font-weight: 400\"><span>\u00ab Que vois-je ? Serait-ce une bien belle paire de petites baguettes qui se balancent \u00e0 vos oreilles? \u00bb Mais oui, pardi ! On adore ce bijou dor\u00e9 hyper original qui nous rappelle de chouettes souvenirs de petits d\u00e9jeuner \u00e0 rallonge le dimanche matin.<\/span><\/p>\n<ul>\n<li><em><span>\u00a0Composition : 100% laiton, dor\u00e9es \u00e0 l&#8217;or fin et \u00e9maill\u00e9es \u00e0 la main<\/span><\/em><\/li>\n<li><em>Tiges hypoallerg\u00e9niques en acier inoxydable<\/em><\/li>\n<li><em>Type d\u2019attache : clou<\/em><\/li>\n<li>\n<em>Conseils d\u2019utilisation : \u00e9viter le contact avec l\u2019eau<\/em><em><\/em>\n<\/li>\n<li><em><span>Fabriqu\u00e9e en Chine dans une usine audit\u00e9e<\/span><\/em><\/li>\n<\/ul>\n<\/div>\n<\/div>\n","protected":false},"excerpt":{"rendered":"<p>Collection Coucou Suzette \u00ab Que vois-je ? Serait-ce une bien belle paire de petites baguettes qui se balancent \u00e0 vos oreilles? \u00bb Mais oui, pardi ! On adore ce bijou dor\u00e9 hyper original qui nous rappelle de chouettes souvenirs de petits d\u00e9jeuner \u00e0 rallonge le dimanche matin. \u00a0Composition : 100% laiton, dor\u00e9es \u00e0 l&#8217;or fin [&hellip;]<\/p>\n","protected":false},"featured_media":725808,"comment_status":"open","ping_status":"closed","template":"","meta":[],"product_brand":[],"product_cat":[1807,1756],"product_tag":[2244,1811],"acf":[],"_links":{"self":[{"href":"https:\/\/streetmarkets.fr\/app\/wp-json\/wp\/v2\/product\/725807"}],"collection":[{"href":"https:\/\/streetmarkets.fr\/app\/wp-json\/wp\/v2\/product"}],"about":[{"href":"https:\/\/streetmarkets.fr\/app\/wp-json\/wp\/v2\/types\/product"}],"replies":[{"embeddable":true,"href":"https:\/\/streetmarkets.fr\/app\/wp-json\/wp\/v2\/comments?post=725807"}],"wp:featuredmedia":[{"embeddable":true,"href":"https:\/\/streetmarkets.fr\/app\/wp-json\/wp\/v2\/media\/725808"}],"wp:attachment":[{"href":"https:\/\/streetmarkets.fr\/app\/wp-json\/wp\/v2\/media?parent=725807"}],"wp:term":[{"taxonomy":"product_brand","embeddable":true,"href":"https:\/\/streetmarkets.fr\/app\/wp-json\/wp\/v2\/product_brand?post=725807"},{"taxonomy":"product_cat","embeddable":true,"href":"https:\/\/streetmarkets.fr\/app\/wp-json\/wp\/v2\/product_cat?post=725807"},{"taxonomy":"product_tag","embeddable":true,"href":"https:\/\/streetmarkets.fr\/app\/wp-json\/wp\/v2\/product_tag?post=725807"}],"curies":[{"name":"wp","href":"https:\/\/api.w.org\/{rel}","templated":true}]}}