{"id":724940,"date":"2024-10-15T18:28:05","date_gmt":"2024-10-15T16:28:05","guid":{"rendered":"https:\/\/streetmarkets.fr\/app\/produit\/sac-banane-custine-xl-ete-2024\/"},"modified":"2026-04-11T01:13:41","modified_gmt":"2026-04-10T23:13:41","slug":"sac-banane-custine-xl-ete-2024","status":"publish","type":"product","link":"https:\/\/streetmarkets.fr\/app\/produit\/sac-banane-custine-xl-ete-2024\/","title":{"rendered":"Sac Banane Custine XL &#8211; \u00c9t\u00e9 2024"},"content":{"rendered":"<p class=\"p1\"><a href=\"\/collections\/rive-droite-paris\" title=\"Collection Rive Droite Paris\"><strong>Collection Rive Droite Paris<\/strong><\/a><\/p>\n<div style=\"text-align: left\">\n<p><span>Plongez dans l&#8217;univers color\u00e9 de la nouvelle collection Moroccan Heritage !<\/span><br data-mce-fragment=\"1\"><span>Laissez-vous tenter par la douceur de ses 4<\/span><span style=\"font-size: 0.875rem\"> coloris tr\u00e8s joyeux : &#8220;Turmeric Orange&#8221;, &#8220;Mediterranean Blue&#8221; et &#8220;Palm Green&#8221;.<\/span><\/p>\n<div style=\"text-align: left\" data-mce-fragment=\"1\"><span>Ses doublures int\u00e9rieures sont issues, comme toujours, de fins de stocks de tissus de l&#8217;industrie textile unie \u00e0 qui on donne une seconde vie, sur lesquelles sont imprim\u00e9es des rayures Bleu M\u00e9diterran\u00e9e\/Orange Turmeric ou \u00a0M\u00e9dina Rose\/Vert Palmier pour encore plus de good vibes !<\/span><\/div>\n<\/div>\n<div style=\"text-align: left\">\n<span class=\"font51\"><\/span>\n<\/div>\n<p><span>Custine le sac banane se d\u00e9cline d\u00e9sormais en version XL. Vous allez adorer sa forme arrondie et sa grande poche int\u00e9rieure zipp\u00e9e qui vous permettra de s\u00e9parer vos affaires \u00e0 l&#8217;int\u00e9rieur. Avec Custine XL, plus besoin de sac pour emporter portefeuille, chargeur, t\u00e9l\u00e9phone, lunettes, m\u00e9dicaments, masques etc. Sa taille s&#8217;ajuste hyper facilement gr\u00e2ce \u00e0 sa anse r\u00e9glable.<\/span><\/p>\n<p>\u00a0<\/p>\n<ul data-mce-fragment=\"1\">\n<ul data-mce-fragment=\"1\">\n<li data-mce-fragment=\"1\">\n<strong data-mce-fragment=\"1\">Composition<\/strong><span data-mce-fragment=\"1\">\u00a0<\/span>:\u00a0<span data-mce-fragment=\"1\">Coton recycl\u00e9 &#8211; 84% Coton &amp; 16% Polyester<\/span>\n<\/li>\n<li data-mce-fragment=\"1\">\n<span data-mce-fragment=\"1\"><strong data-mce-fragment=\"1\">Emballage :\u00a0<\/strong><\/span>Ce produit est emball\u00e9 avec soin dans un pochon en coton r\u00e9utilisable avec un lien coulissant.<\/li>\n<li data-mce-fragment=\"1\">\n<strong data-mce-fragment=\"1\">Doublure<\/strong><span data-mce-fragment=\"1\">\u00a0<\/span>: 100% polycoton upcycl\u00e9 issu de fins de stocks de tissus de l&#8217;industrie textile. Doublures ray\u00e9s Bleu M\u00e9diterran\u00e9e\/Orange Turmeric ou M\u00e9dina Pink\/Vert Palmier.<\/li>\n<li data-mce-fragment=\"1\">\n<strong style=\"font-family: -apple-system, BlinkMacSystemFont, 'San Francisco', 'Segoe UI', Roboto, 'Helvetica Neue', sans-serif;font-size: 0.875rem\" data-mce-fragment=\"1\">Dimensions<\/strong><span style=\"font-family: -apple-system, BlinkMacSystemFont, 'San Francisco', 'Segoe UI', Roboto, 'Helvetica Neue', sans-serif;font-size: 0.875rem\" data-mce-fragment=\"1\">\u00a0<\/span><span style=\"font-family: -apple-system, BlinkMacSystemFont, 'San Francisco', 'Segoe UI', Roboto, 'Helvetica Neue', sans-serif;font-size: 0.875rem\">: Lx32 Hx22 Px6,5 cm<\/span>\n<\/li>\n<li data-mce-fragment=\"1\">\n<strong style=\"font-family: -apple-system, BlinkMacSystemFont, 'San Francisco', 'Segoe UI', Roboto, 'Helvetica Neue', sans-serif;font-size: 0.875rem\" data-mce-fragment=\"1\">Conseils d&#8217;entretien<\/strong><span style=\"font-family: -apple-system, BlinkMacSystemFont, 'San Francisco', 'Segoe UI', Roboto, 'Helvetica Neue', sans-serif;font-size: 0.875rem\" data-mce-fragment=\"1\">\u00a0<\/span><span style=\"font-family: -apple-system, BlinkMacSystemFont, 'San Francisco', 'Segoe UI', Roboto, 'Helvetica Neue', sans-serif;font-size: 0.875rem\">:\u00a0<\/span><span style=\"font-family: -apple-system, BlinkMacSystemFont, 'San Francisco', 'Segoe UI', Roboto, 'Helvetica Neue', sans-serif;font-size: 0.875rem\" data-mce-fragment=\"1\">\u00a0Lavage seul en machine \u00e0 froid, programme fragile.\u00a0<\/span>\n<\/li>\n<\/ul>\n<\/ul>\n","protected":false},"excerpt":{"rendered":"<p>Collection Rive Droite Paris Plongez dans l&#8217;univers color\u00e9 de la nouvelle collection Moroccan Heritage !Laissez-vous tenter par la douceur de ses 4 coloris tr\u00e8s joyeux : &#8220;Turmeric Orange&#8221;, &#8220;Mediterranean Blue&#8221; et &#8220;Palm Green&#8221;. Ses doublures int\u00e9rieures sont issues, comme toujours, de fins de stocks de tissus de l&#8217;industrie textile unie \u00e0 qui on donne une [&hellip;]<\/p>\n","protected":false},"featured_media":724941,"comment_status":"open","ping_status":"closed","template":"","meta":[],"product_brand":[],"product_cat":[1756,1764],"product_tag":[2244,1811],"acf":[],"_links":{"self":[{"href":"https:\/\/streetmarkets.fr\/app\/wp-json\/wp\/v2\/product\/724940"}],"collection":[{"href":"https:\/\/streetmarkets.fr\/app\/wp-json\/wp\/v2\/product"}],"about":[{"href":"https:\/\/streetmarkets.fr\/app\/wp-json\/wp\/v2\/types\/product"}],"replies":[{"embeddable":true,"href":"https:\/\/streetmarkets.fr\/app\/wp-json\/wp\/v2\/comments?post=724940"}],"wp:featuredmedia":[{"embeddable":true,"href":"https:\/\/streetmarkets.fr\/app\/wp-json\/wp\/v2\/media\/724941"}],"wp:attachment":[{"href":"https:\/\/streetmarkets.fr\/app\/wp-json\/wp\/v2\/media?parent=724940"}],"wp:term":[{"taxonomy":"product_brand","embeddable":true,"href":"https:\/\/streetmarkets.fr\/app\/wp-json\/wp\/v2\/product_brand?post=724940"},{"taxonomy":"product_cat","embeddable":true,"href":"https:\/\/streetmarkets.fr\/app\/wp-json\/wp\/v2\/product_cat?post=724940"},{"taxonomy":"product_tag","embeddable":true,"href":"https:\/\/streetmarkets.fr\/app\/wp-json\/wp\/v2\/product_tag?post=724940"}],"curies":[{"name":"wp","href":"https:\/\/api.w.org\/{rel}","templated":true}]}}