{"id":724743,"date":"2024-10-15T18:27:24","date_gmt":"2024-10-15T16:27:24","guid":{"rendered":"https:\/\/streetmarkets.fr\/app\/produit\/grand-carre-soie-tesselles\/"},"modified":"2026-04-11T01:13:40","modified_gmt":"2026-04-10T23:13:40","slug":"grand-carre-soie-tesselles","status":"publish","type":"product","link":"https:\/\/streetmarkets.fr\/app\/produit\/grand-carre-soie-tesselles\/","title":{"rendered":"Grand Carr\u00e9 Soie TESSELLES"},"content":{"rendered":"<p data-mce-fragment=\"1\"><strong data-mce-fragment=\"1\"><a title=\"Collection De Novembre\" href=\"https:\/\/frenchtouche.com\/collections\/de-novembre\" data-mce-fragment=\"1\" data-mce-href=\"https:\/\/frenchtouche.com\/collections\/de-novembre\">Collection De Novembre<\/a><\/strong><\/p>\n<p><span data-mce-fragment=\"1\">TESSELLES, un carr\u00e9 de soie aux motifs graphiques, \u00e9voquant de larges carreaux de mosa\u00efque.<\/span><br \/><span style=\"font-family: -apple-system, BlinkMacSystemFont, 'San Francisco', 'Segoe UI', Roboto, 'Helvetica Neue', sans-serif;font-size: 0.875rem\">Cr\u00e9\u00e9<\/span><span style=\"font-family: -apple-system, BlinkMacSystemFont, 'San Francisco', 'Segoe UI', Roboto, 'Helvetica Neue', sans-serif;font-size: 0.875rem\">\u00a0en teinture artisanale.<\/span><\/p>\n<p>Coloris Bleu &amp; Noir.<\/p>\n<p>100% Twill de soie.<\/p>\n<p>Dimensions : 110 x 110 cm<\/p>\n<p data-mce-fragment=\"1\"><span>Confectionn\u00e9 artisanalement en Inde, dans le respect des valeurs \u00e9thiques, sociales et environnementales de la marque.\u00a0Judith Bourdin, la cr\u00e9atrice, collabore depuis plus de 10 ans avec des artisans et coop\u00e9ratives de la r\u00e9gion du Gujarat et du Cachemire riches de nombreux savoir-faire ancestraux.<\/span><\/p>\n<p data-mce-fragment=\"1\">Conseils d&#8217;entretien : lavage \u00e0 sec et repassage doux.<\/p>\n","protected":false},"excerpt":{"rendered":"<p>Collection De Novembre TESSELLES, un carr\u00e9 de soie aux motifs graphiques, \u00e9voquant de larges carreaux de mosa\u00efque.Cr\u00e9\u00e9\u00a0en teinture artisanale. Coloris Bleu &amp; Noir. 100% Twill de soie. Dimensions : 110 x 110 cm Confectionn\u00e9 artisanalement en Inde, dans le respect des valeurs \u00e9thiques, sociales et environnementales de la marque.\u00a0Judith Bourdin, la cr\u00e9atrice, collabore depuis plus [&hellip;]<\/p>\n","protected":false},"featured_media":724744,"comment_status":"open","ping_status":"closed","template":"","meta":[],"product_brand":[],"product_cat":[1756,1764],"product_tag":[2244,1811,1813],"acf":[],"_links":{"self":[{"href":"https:\/\/streetmarkets.fr\/app\/wp-json\/wp\/v2\/product\/724743"}],"collection":[{"href":"https:\/\/streetmarkets.fr\/app\/wp-json\/wp\/v2\/product"}],"about":[{"href":"https:\/\/streetmarkets.fr\/app\/wp-json\/wp\/v2\/types\/product"}],"replies":[{"embeddable":true,"href":"https:\/\/streetmarkets.fr\/app\/wp-json\/wp\/v2\/comments?post=724743"}],"wp:featuredmedia":[{"embeddable":true,"href":"https:\/\/streetmarkets.fr\/app\/wp-json\/wp\/v2\/media\/724744"}],"wp:attachment":[{"href":"https:\/\/streetmarkets.fr\/app\/wp-json\/wp\/v2\/media?parent=724743"}],"wp:term":[{"taxonomy":"product_brand","embeddable":true,"href":"https:\/\/streetmarkets.fr\/app\/wp-json\/wp\/v2\/product_brand?post=724743"},{"taxonomy":"product_cat","embeddable":true,"href":"https:\/\/streetmarkets.fr\/app\/wp-json\/wp\/v2\/product_cat?post=724743"},{"taxonomy":"product_tag","embeddable":true,"href":"https:\/\/streetmarkets.fr\/app\/wp-json\/wp\/v2\/product_tag?post=724743"}],"curies":[{"name":"wp","href":"https:\/\/api.w.org\/{rel}","templated":true}]}}