{"id":723601,"date":"2024-10-15T18:22:51","date_gmt":"2024-10-15T16:22:51","guid":{"rendered":"https:\/\/streetmarkets.fr\/app\/produit\/sac-celestins-zebre-couleur\/"},"modified":"2026-04-20T01:12:55","modified_gmt":"2026-04-19T23:12:55","slug":"sac-celestins-zebre-couleur","status":"publish","type":"product","link":"https:\/\/streetmarkets.fr\/app\/produit\/sac-celestins-zebre-couleur\/","title":{"rendered":"Sac C\u00e9lestins Z\u00e8bre Couleur"},"content":{"rendered":"<p><span><a href=\"\/collections\/rive-droite-paris\" title=\"Collection Rive Droite Paris\"><strong>Collection Rive Droite Paris<\/strong><\/a><\/span><\/p>\n<p><span>Retrouvez C\u00e9lestins dans sa version Z\u00e8bre Moutarde ! Cette couleur intemporelle viendra complimenter parfaitement vos tenues automnales. <\/span><span>C&#8217;est le sac 24h id\u00e9al pour les vadrouilles du quotidien ou pour un court week-end.<\/span><br data-mce-fragment=\"1\"><br data-mce-fragment=\"1\"><span>Vous y glissez facilement une tenue de sport, vos affaires de boulot (ordinateur, cahier etc), et toutes vos affaires personnelles comme un porte monnaie, une trousse make-up.<\/span><br data-mce-fragment=\"1\"><span>Pour un court week-end : vous y mettrez 2 jeans, un pull, un sweat, un tee-shirt, une blouse, une paire de chaussures. Et bien s\u00fbr votre trousse de toilette.<\/span><br data-mce-fragment=\"1\"><span>Son plus : sa poche int\u00e9rieure zipp\u00e9e pour garder cl\u00e9s et t\u00e9l\u00e9phone \u00e0 port\u00e9e de main.<\/span><br data-mce-fragment=\"1\"><br data-mce-fragment=\"1\"><span>Les doublures de cette collection sont unies, de couleur noire; toujours issues de fins de stocks de tissus de l&#8217;industrie textile \u00e0 qui on donne une seconde vie.<\/span><\/p>\n<ul>\n<li>\n<strong>Composition<\/strong><span>\u00a0<\/span>:<span>\u00a0<\/span><span data-mce-fragment=\"1\">Coton recycl\u00e9 &#8211; 84% Coton &amp; 16% Polyester<\/span>\n<\/li>\n<li>\n<span><strong>Emballage :\u00a0<\/strong><\/span>Ce produit est emball\u00e9 avec soin dans un pochon en coton r\u00e9utilisable avec un lien coulissant<\/li>\n<li>\n<strong>Doublure<\/strong><span>\u00a0<\/span>:\u00a0100% polycoton upcycl\u00e9 issu de fins de stocks de tissus de l&#8217;industrie textile. Doublures unies<br data-mce-fragment=\"1\">\n<\/li>\n<li>\n<strong>Dimensions<\/strong><span>\u00a0<\/span>:<span>\u00a0<\/span><span data-mce-fragment=\"1\">L42xH33xP20 cm<\/span>\n<\/li>\n<li>\n<strong>Conseils d&#8217;entretien<\/strong><span>\u00a0<\/span>:  <span data-mce-fragment=\"1\">Lavage \u00e0 sec uniquement. Repasser sur l&#8217;envers.<\/span>\n<\/li>\n<\/ul>\n","protected":false},"excerpt":{"rendered":"<p>Collection Rive Droite Paris Retrouvez C\u00e9lestins dans sa version Z\u00e8bre Moutarde ! Cette couleur intemporelle viendra complimenter parfaitement vos tenues automnales. C&#8217;est le sac 24h id\u00e9al pour les vadrouilles du quotidien ou pour un court week-end.Vous y glissez facilement une tenue de sport, vos affaires de boulot (ordinateur, cahier etc), et toutes vos affaires personnelles [&hellip;]<\/p>\n","protected":false},"featured_media":723602,"comment_status":"open","ping_status":"closed","template":"","meta":[],"product_brand":[],"product_cat":[1756,1764],"product_tag":[2244,1811],"acf":[],"_links":{"self":[{"href":"https:\/\/streetmarkets.fr\/app\/wp-json\/wp\/v2\/product\/723601"}],"collection":[{"href":"https:\/\/streetmarkets.fr\/app\/wp-json\/wp\/v2\/product"}],"about":[{"href":"https:\/\/streetmarkets.fr\/app\/wp-json\/wp\/v2\/types\/product"}],"replies":[{"embeddable":true,"href":"https:\/\/streetmarkets.fr\/app\/wp-json\/wp\/v2\/comments?post=723601"}],"wp:featuredmedia":[{"embeddable":true,"href":"https:\/\/streetmarkets.fr\/app\/wp-json\/wp\/v2\/media\/723602"}],"wp:attachment":[{"href":"https:\/\/streetmarkets.fr\/app\/wp-json\/wp\/v2\/media?parent=723601"}],"wp:term":[{"taxonomy":"product_brand","embeddable":true,"href":"https:\/\/streetmarkets.fr\/app\/wp-json\/wp\/v2\/product_brand?post=723601"},{"taxonomy":"product_cat","embeddable":true,"href":"https:\/\/streetmarkets.fr\/app\/wp-json\/wp\/v2\/product_cat?post=723601"},{"taxonomy":"product_tag","embeddable":true,"href":"https:\/\/streetmarkets.fr\/app\/wp-json\/wp\/v2\/product_tag?post=723601"}],"curies":[{"name":"wp","href":"https:\/\/api.w.org\/{rel}","templated":true}]}}