{"id":722191,"date":"2024-10-15T18:20:27","date_gmt":"2024-10-15T16:20:27","guid":{"rendered":"https:\/\/streetmarkets.fr\/app\/produit\/dph-foulard-nojo-jojo\/"},"modified":"2024-10-15T18:20:35","modified_gmt":"2024-10-15T16:20:35","slug":"dph-foulard-nojo-jojo","status":"publish","type":"product","link":"https:\/\/streetmarkets.fr\/app\/produit\/dph-foulard-nojo-jojo\/","title":{"rendered":"DPH &#8211; FOULARD NOJO JOJO"},"content":{"rendered":"<p>Accessoire indispensable pour se prot\u00e9ger du froid et finaliser un look, le foulard en coton est imprim\u00e9 d&#8217;un motif floral XXL pour le printemps. Boh\u00e8me chic, il trouvera toute sa place dans votre collection.<br \/>\u2022 Foulard en coton<br \/>\u2022 Motifs fleurs<br \/>\u2022 Foulard imprim\u00e9 selon une technique d&#8217;impression artisanale au cadre donnant un aspect unique<br \/>\u2022 Imprim\u00e9 exclusif Des Petits Hauts Jojo bicolore dessinant des crocodiles cach\u00e9s dans une abondance de fleurs graphiques<br \/>\u2022 Mod\u00e8le dessin\u00e9 \u00e0 Paris par notre styliste<br \/>\u2022 Dimensions : 100 x 100 cm<br \/>COMPOSITION100% COTONFabriqu\u00e9 en Inde<\/p>\n","protected":false},"excerpt":{"rendered":"<p>Accessoire indispensable pour se prot\u00e9ger du froid et finaliser un look, le foulard en coton est imprim\u00e9 d&#8217;un motif floral XXL pour le printemps. Boh\u00e8me chic, il trouvera toute sa place dans votre collection.\u2022 Foulard en coton\u2022 Motifs fleurs\u2022 Foulard imprim\u00e9 selon une technique d&#8217;impression artisanale au cadre donnant un aspect unique\u2022 Imprim\u00e9 exclusif Des [&hellip;]<\/p>\n","protected":false},"featured_media":722192,"comment_status":"open","ping_status":"closed","template":"","meta":[],"product_brand":[],"product_cat":[1756,1764],"product_tag":[],"acf":[],"_links":{"self":[{"href":"https:\/\/streetmarkets.fr\/app\/wp-json\/wp\/v2\/product\/722191"}],"collection":[{"href":"https:\/\/streetmarkets.fr\/app\/wp-json\/wp\/v2\/product"}],"about":[{"href":"https:\/\/streetmarkets.fr\/app\/wp-json\/wp\/v2\/types\/product"}],"replies":[{"embeddable":true,"href":"https:\/\/streetmarkets.fr\/app\/wp-json\/wp\/v2\/comments?post=722191"}],"wp:featuredmedia":[{"embeddable":true,"href":"https:\/\/streetmarkets.fr\/app\/wp-json\/wp\/v2\/media\/722192"}],"wp:attachment":[{"href":"https:\/\/streetmarkets.fr\/app\/wp-json\/wp\/v2\/media?parent=722191"}],"wp:term":[{"taxonomy":"product_brand","embeddable":true,"href":"https:\/\/streetmarkets.fr\/app\/wp-json\/wp\/v2\/product_brand?post=722191"},{"taxonomy":"product_cat","embeddable":true,"href":"https:\/\/streetmarkets.fr\/app\/wp-json\/wp\/v2\/product_cat?post=722191"},{"taxonomy":"product_tag","embeddable":true,"href":"https:\/\/streetmarkets.fr\/app\/wp-json\/wp\/v2\/product_tag?post=722191"}],"curies":[{"name":"wp","href":"https:\/\/api.w.org\/{rel}","templated":true}]}}