{"id":722131,"date":"2024-10-15T18:20:22","date_gmt":"2024-10-15T16:20:22","guid":{"rendered":"https:\/\/streetmarkets.fr\/app\/produit\/maison-hotel-indira-pantalon-blue-poppy\/"},"modified":"2024-10-15T18:20:34","modified_gmt":"2024-10-15T16:20:34","slug":"maison-hotel-indira-pantalon-blue-poppy","status":"publish","type":"product","link":"https:\/\/streetmarkets.fr\/app\/produit\/maison-hotel-indira-pantalon-blue-poppy\/","title":{"rendered":"Maison Hotel &#8211; Indira Pantalon &#8211; Blue Poppy"},"content":{"rendered":"<p>Le pantalon Indira en bleu coquelicot.<\/p>\n<p>&nbsp;<\/p>\n<p>Rendu en coton rustique, ce pantalon facile \u00e0 porter pr\u00e9sente une combinaison de teintes indigo et pastel qui le rend facile \u00e0 combiner.<\/p>\n<p>&nbsp;<\/p>\n<p>Pr\u00e9sent\u00e9 ici avec les blouses Bonifacio et Noa.<\/p>\n<p>&#8211; 80% Coton 20% Lin.<\/p>\n<p>&#8211; Nous recommandons le lavage \u00e0 la main uniquement.<\/p>\n<p>&#8211; Taille normalement &#8211; choisissez votre taille habituelle.<\/p>\n<p>&#8211; Si vous \u00eates entre deux tailles, choisissez la petite taille.<\/p>\n<p>&#8211; Les mannequins mesurent 1,75 cm et 1,84 cm et portent une taille S.<\/p>\n","protected":false},"excerpt":{"rendered":"<p>Le pantalon Indira en bleu coquelicot. &nbsp; Rendu en coton rustique, ce pantalon facile \u00e0 porter pr\u00e9sente une combinaison de teintes indigo et pastel qui le rend facile \u00e0 combiner. &nbsp; Pr\u00e9sent\u00e9 ici avec les blouses Bonifacio et Noa. &#8211; 80% Coton 20% Lin. &#8211; Nous recommandons le lavage \u00e0 la main uniquement. &#8211; Taille [&hellip;]<\/p>\n","protected":false},"featured_media":722132,"comment_status":"open","ping_status":"closed","template":"","meta":[],"product_brand":[],"product_cat":[1756,1762],"product_tag":[],"acf":[],"_links":{"self":[{"href":"https:\/\/streetmarkets.fr\/app\/wp-json\/wp\/v2\/product\/722131"}],"collection":[{"href":"https:\/\/streetmarkets.fr\/app\/wp-json\/wp\/v2\/product"}],"about":[{"href":"https:\/\/streetmarkets.fr\/app\/wp-json\/wp\/v2\/types\/product"}],"replies":[{"embeddable":true,"href":"https:\/\/streetmarkets.fr\/app\/wp-json\/wp\/v2\/comments?post=722131"}],"wp:featuredmedia":[{"embeddable":true,"href":"https:\/\/streetmarkets.fr\/app\/wp-json\/wp\/v2\/media\/722132"}],"wp:attachment":[{"href":"https:\/\/streetmarkets.fr\/app\/wp-json\/wp\/v2\/media?parent=722131"}],"wp:term":[{"taxonomy":"product_brand","embeddable":true,"href":"https:\/\/streetmarkets.fr\/app\/wp-json\/wp\/v2\/product_brand?post=722131"},{"taxonomy":"product_cat","embeddable":true,"href":"https:\/\/streetmarkets.fr\/app\/wp-json\/wp\/v2\/product_cat?post=722131"},{"taxonomy":"product_tag","embeddable":true,"href":"https:\/\/streetmarkets.fr\/app\/wp-json\/wp\/v2\/product_tag?post=722131"}],"curies":[{"name":"wp","href":"https:\/\/api.w.org\/{rel}","templated":true}]}}