{"id":721863,"date":"2024-10-15T18:19:48","date_gmt":"2024-10-15T16:19:48","guid":{"rendered":"https:\/\/streetmarkets.fr\/app\/produit\/maison-hotel-indira-pant-white-stripes\/"},"modified":"2024-10-15T18:20:17","modified_gmt":"2024-10-15T16:20:17","slug":"maison-hotel-indira-pant-white-stripes","status":"publish","type":"product","link":"https:\/\/streetmarkets.fr\/app\/produit\/maison-hotel-indira-pant-white-stripes\/","title":{"rendered":"Maison Hotel &#8211; Indira Pant &#8211; White Stripes"},"content":{"rendered":"<p>Le pantalon Indira \u00e0 rayures blanches.<\/p>\n<p>&nbsp;<\/p>\n<p>Rendu dans un type sp\u00e9cial et rustique de tissu \u00e0 rayures en coton, le pantalon Indira facile \u00e0 ajuster pr\u00e9sente une broderie de motifs floraux sur tout le pourtour, ainsi que des poches lat\u00e9rales et arri\u00e8re.<\/p>\n<p>&nbsp;<\/p>\n<p>Associ\u00e9 ici \u00e0 notre tout aussi magnifique chemisier \u00e0 broderies en dentelle Cecilia et \u00e0 l&#8217;une de nos ceintures en cuir r\u00e9plique vintage.<\/p>\n<p>&nbsp;<\/p>\n<p>&#8211; 80% Coton 20% Lin.<\/p>\n<p>&#8211; Nous recommandons le lavage \u00e0 la main uniquement.<\/p>\n<p>&#8211; Taille normalement &#8211; choisissez votre taille habituelle.<\/p>\n<p>&#8211; Si vous \u00eates entre deux tailles, choisissez la petite taille.<\/p>\n<p>&#8211; Les mannequins mesurent 1,70 cm et 1,84 cm et portent une taille S.<\/p>\n<p>&#8211; La longueur totale est de 106 cm en taille S.<\/p>\n","protected":false},"excerpt":{"rendered":"<p>Le pantalon Indira \u00e0 rayures blanches. &nbsp; Rendu dans un type sp\u00e9cial et rustique de tissu \u00e0 rayures en coton, le pantalon Indira facile \u00e0 ajuster pr\u00e9sente une broderie de motifs floraux sur tout le pourtour, ainsi que des poches lat\u00e9rales et arri\u00e8re. &nbsp; Associ\u00e9 ici \u00e0 notre tout aussi magnifique chemisier \u00e0 broderies en [&hellip;]<\/p>\n","protected":false},"featured_media":721864,"comment_status":"open","ping_status":"closed","template":"","meta":[],"product_brand":[],"product_cat":[1756,1762],"product_tag":[],"acf":[],"_links":{"self":[{"href":"https:\/\/streetmarkets.fr\/app\/wp-json\/wp\/v2\/product\/721863"}],"collection":[{"href":"https:\/\/streetmarkets.fr\/app\/wp-json\/wp\/v2\/product"}],"about":[{"href":"https:\/\/streetmarkets.fr\/app\/wp-json\/wp\/v2\/types\/product"}],"replies":[{"embeddable":true,"href":"https:\/\/streetmarkets.fr\/app\/wp-json\/wp\/v2\/comments?post=721863"}],"wp:featuredmedia":[{"embeddable":true,"href":"https:\/\/streetmarkets.fr\/app\/wp-json\/wp\/v2\/media\/721864"}],"wp:attachment":[{"href":"https:\/\/streetmarkets.fr\/app\/wp-json\/wp\/v2\/media?parent=721863"}],"wp:term":[{"taxonomy":"product_brand","embeddable":true,"href":"https:\/\/streetmarkets.fr\/app\/wp-json\/wp\/v2\/product_brand?post=721863"},{"taxonomy":"product_cat","embeddable":true,"href":"https:\/\/streetmarkets.fr\/app\/wp-json\/wp\/v2\/product_cat?post=721863"},{"taxonomy":"product_tag","embeddable":true,"href":"https:\/\/streetmarkets.fr\/app\/wp-json\/wp\/v2\/product_tag?post=721863"}],"curies":[{"name":"wp","href":"https:\/\/api.w.org\/{rel}","templated":true}]}}