{"id":721828,"date":"2024-10-15T18:19:46","date_gmt":"2024-10-15T16:19:46","guid":{"rendered":"https:\/\/streetmarkets.fr\/app\/produit\/maison-hotel-uma-blouse-shine-hummus\/"},"modified":"2024-10-15T18:20:16","modified_gmt":"2024-10-15T16:20:16","slug":"maison-hotel-uma-blouse-shine-hummus","status":"publish","type":"product","link":"https:\/\/streetmarkets.fr\/app\/produit\/maison-hotel-uma-blouse-shine-hummus\/","title":{"rendered":"Maison Hotel &#8211; Uma Blouse &#8211; Shine Hummus"},"content":{"rendered":"<p>Le chemisier Uma en Shine Hummus.<\/p>\n<p>&nbsp;<\/p>\n<p>Chez Maison Hotel, nous nous effor\u00e7ons de trouver l&#8217;\u00e9quilibre parfait entre subtil et sp\u00e9cial, et ce chemisier Uma en est une excellente repr\u00e9sentation : la broderie assortie de paillettes et de fils sur un authentique tie-dye Jaipur offre juste ce qu&#8217;il faut de \u00ab brillance \u00bb \u00e0 un autrement discret \u00ab houmous \u00bb. Le houmous est mont\u00e9 d&#8217;un cran. Un peu comme le Houmous Beyrouth. Ou&#8230; ouais. Peu importe.<\/p>\n<p>&#8211; 100% Coton.<\/p>\n<p>&#8211; Nous recommandons le lavage \u00e0 la main uniquement.<\/p>\n<p>&nbsp;<\/p>\n","protected":false},"excerpt":{"rendered":"<p>Le chemisier Uma en Shine Hummus. &nbsp; Chez Maison Hotel, nous nous effor\u00e7ons de trouver l&#8217;\u00e9quilibre parfait entre subtil et sp\u00e9cial, et ce chemisier Uma en est une excellente repr\u00e9sentation : la broderie assortie de paillettes et de fils sur un authentique tie-dye Jaipur offre juste ce qu&#8217;il faut de \u00ab brillance \u00bb \u00e0 un [&hellip;]<\/p>\n","protected":false},"featured_media":721829,"comment_status":"open","ping_status":"closed","template":"","meta":[],"product_brand":[],"product_cat":[1756,1762],"product_tag":[],"acf":[],"_links":{"self":[{"href":"https:\/\/streetmarkets.fr\/app\/wp-json\/wp\/v2\/product\/721828"}],"collection":[{"href":"https:\/\/streetmarkets.fr\/app\/wp-json\/wp\/v2\/product"}],"about":[{"href":"https:\/\/streetmarkets.fr\/app\/wp-json\/wp\/v2\/types\/product"}],"replies":[{"embeddable":true,"href":"https:\/\/streetmarkets.fr\/app\/wp-json\/wp\/v2\/comments?post=721828"}],"wp:featuredmedia":[{"embeddable":true,"href":"https:\/\/streetmarkets.fr\/app\/wp-json\/wp\/v2\/media\/721829"}],"wp:attachment":[{"href":"https:\/\/streetmarkets.fr\/app\/wp-json\/wp\/v2\/media?parent=721828"}],"wp:term":[{"taxonomy":"product_brand","embeddable":true,"href":"https:\/\/streetmarkets.fr\/app\/wp-json\/wp\/v2\/product_brand?post=721828"},{"taxonomy":"product_cat","embeddable":true,"href":"https:\/\/streetmarkets.fr\/app\/wp-json\/wp\/v2\/product_cat?post=721828"},{"taxonomy":"product_tag","embeddable":true,"href":"https:\/\/streetmarkets.fr\/app\/wp-json\/wp\/v2\/product_tag?post=721828"}],"curies":[{"name":"wp","href":"https:\/\/api.w.org\/{rel}","templated":true}]}}