{"id":721685,"date":"2024-10-15T18:19:35","date_gmt":"2024-10-15T16:19:35","guid":{"rendered":"https:\/\/streetmarkets.fr\/app\/produit\/nunoo-veneda-suede-black\/"},"modified":"2024-10-15T18:20:15","modified_gmt":"2024-10-15T16:20:15","slug":"nunoo-veneda-suede-black","status":"publish","type":"product","link":"https:\/\/streetmarkets.fr\/app\/produit\/nunoo-veneda-suede-black\/","title":{"rendered":"N\u00fanoo &#8211; Veneda Suede Black"},"content":{"rendered":"<p>Veneda en daim, poss\u00e8de un grand compartiment avec une poche int\u00e9rieure.<\/p>\n<p>Les deux pi\u00e8ces se ferment avec des fermetures \u00e9clair.<\/p>\n<p>&nbsp;<\/p>\n<p>Le sac a une sangle r\u00e9glable.<\/p>\n<p>&nbsp;<\/p>\n<p>Qualit\u00e9 : 90% Cuir \/ 10% Coton<\/p>\n<p>Dimensions : L:30 cm l:11 cm H:12 cm<\/p>\n","protected":false},"excerpt":{"rendered":"<p>Veneda en daim, poss\u00e8de un grand compartiment avec une poche int\u00e9rieure. Les deux pi\u00e8ces se ferment avec des fermetures \u00e9clair. &nbsp; Le sac a une sangle r\u00e9glable. &nbsp; Qualit\u00e9 : 90% Cuir \/ 10% Coton Dimensions : L:30 cm l:11 cm H:12 cm<\/p>\n","protected":false},"featured_media":721686,"comment_status":"open","ping_status":"closed","template":"","meta":[],"product_brand":[],"product_cat":[1756,1764],"product_tag":[],"acf":[],"_links":{"self":[{"href":"https:\/\/streetmarkets.fr\/app\/wp-json\/wp\/v2\/product\/721685"}],"collection":[{"href":"https:\/\/streetmarkets.fr\/app\/wp-json\/wp\/v2\/product"}],"about":[{"href":"https:\/\/streetmarkets.fr\/app\/wp-json\/wp\/v2\/types\/product"}],"replies":[{"embeddable":true,"href":"https:\/\/streetmarkets.fr\/app\/wp-json\/wp\/v2\/comments?post=721685"}],"wp:featuredmedia":[{"embeddable":true,"href":"https:\/\/streetmarkets.fr\/app\/wp-json\/wp\/v2\/media\/721686"}],"wp:attachment":[{"href":"https:\/\/streetmarkets.fr\/app\/wp-json\/wp\/v2\/media?parent=721685"}],"wp:term":[{"taxonomy":"product_brand","embeddable":true,"href":"https:\/\/streetmarkets.fr\/app\/wp-json\/wp\/v2\/product_brand?post=721685"},{"taxonomy":"product_cat","embeddable":true,"href":"https:\/\/streetmarkets.fr\/app\/wp-json\/wp\/v2\/product_cat?post=721685"},{"taxonomy":"product_tag","embeddable":true,"href":"https:\/\/streetmarkets.fr\/app\/wp-json\/wp\/v2\/product_tag?post=721685"}],"curies":[{"name":"wp","href":"https:\/\/api.w.org\/{rel}","templated":true}]}}