{"id":721671,"date":"2024-10-15T18:19:34","date_gmt":"2024-10-15T16:19:34","guid":{"rendered":"https:\/\/streetmarkets.fr\/app\/produit\/nunoo-juno-glitter-recycled-nylon-gold\/"},"modified":"2024-10-15T18:20:14","modified_gmt":"2024-10-15T16:20:14","slug":"nunoo-juno-glitter-recycled-nylon-gold","status":"publish","type":"product","link":"https:\/\/streetmarkets.fr\/app\/produit\/nunoo-juno-glitter-recycled-nylon-gold\/","title":{"rendered":"N\u00fanoo &#8211; Juno Glitter Recycled Nylon Gold"},"content":{"rendered":"<p>Juno se ferme par une fermeture \u00e9clair et poss\u00e8de une bandouli\u00e8re r\u00e9glable.<\/p>\n<p>&nbsp;<\/p>\n<p>Qualit\u00e9 : 90 % nylon recycl\u00e9 \/ 10 % Pu<\/p>\n<p>Dimensions : H : 13,5 cm L : 19 cm P : 12 cm<\/p>\n","protected":false},"excerpt":{"rendered":"<p>Juno se ferme par une fermeture \u00e9clair et poss\u00e8de une bandouli\u00e8re r\u00e9glable. &nbsp; Qualit\u00e9 : 90 % nylon recycl\u00e9 \/ 10 % Pu Dimensions : H : 13,5 cm L : 19 cm P : 12 cm<\/p>\n","protected":false},"featured_media":721673,"comment_status":"open","ping_status":"closed","template":"","meta":[],"product_brand":[],"product_cat":[1756,1764],"product_tag":[1810],"acf":[],"_links":{"self":[{"href":"https:\/\/streetmarkets.fr\/app\/wp-json\/wp\/v2\/product\/721671"}],"collection":[{"href":"https:\/\/streetmarkets.fr\/app\/wp-json\/wp\/v2\/product"}],"about":[{"href":"https:\/\/streetmarkets.fr\/app\/wp-json\/wp\/v2\/types\/product"}],"replies":[{"embeddable":true,"href":"https:\/\/streetmarkets.fr\/app\/wp-json\/wp\/v2\/comments?post=721671"}],"wp:featuredmedia":[{"embeddable":true,"href":"https:\/\/streetmarkets.fr\/app\/wp-json\/wp\/v2\/media\/721673"}],"wp:attachment":[{"href":"https:\/\/streetmarkets.fr\/app\/wp-json\/wp\/v2\/media?parent=721671"}],"wp:term":[{"taxonomy":"product_brand","embeddable":true,"href":"https:\/\/streetmarkets.fr\/app\/wp-json\/wp\/v2\/product_brand?post=721671"},{"taxonomy":"product_cat","embeddable":true,"href":"https:\/\/streetmarkets.fr\/app\/wp-json\/wp\/v2\/product_cat?post=721671"},{"taxonomy":"product_tag","embeddable":true,"href":"https:\/\/streetmarkets.fr\/app\/wp-json\/wp\/v2\/product_tag?post=721671"}],"curies":[{"name":"wp","href":"https:\/\/api.w.org\/{rel}","templated":true}]}}