{"id":721622,"date":"2024-10-15T18:19:30","date_gmt":"2024-10-15T16:19:30","guid":{"rendered":"https:\/\/streetmarkets.fr\/app\/produit\/msch-nicolette-ullas-skirt-mocha\/"},"modified":"2024-10-15T18:20:14","modified_gmt":"2024-10-15T16:20:14","slug":"msch-nicolette-ullas-skirt-mocha","status":"publish","type":"product","link":"https:\/\/streetmarkets.fr\/app\/produit\/msch-nicolette-ullas-skirt-mocha\/","title":{"rendered":"MSCH &#8211; Nicolette Ullas Skirt &#8211; MOCHA"},"content":{"rendered":"<p>Raccord<\/p>\n<p>Cette jupe a une coupe classique. Le mannequin mesure 183 cm et porte du S.<\/p>\n<p>&nbsp;<\/p>\n<p>Composition<\/p>\n<p>71 % viscose et 29 % polyester. Cliquez ici pour en lire plus.<\/p>\n<p>&nbsp;<\/p>\n<p>Jupe Nicolette<\/p>\n<p>Nicolette est une jupe longue, fluide et douce en polysilk. Il comporte une ceinture \u00e9lastique pour \u00e0 la fois un confort et une ambiance plus contemporaine. La jupe est facile \u00e0 porter de haut en bas selon l&#8217;occasion, elle peut facilement \u00eatre port\u00e9e avec des talons et des baskets.<\/p>\n","protected":false},"excerpt":{"rendered":"<p>Raccord Cette jupe a une coupe classique. Le mannequin mesure 183 cm et porte du S. &nbsp; Composition 71 % viscose et 29 % polyester. Cliquez ici pour en lire plus. &nbsp; Jupe Nicolette Nicolette est une jupe longue, fluide et douce en polysilk. Il comporte une ceinture \u00e9lastique pour \u00e0 la fois un confort [&hellip;]<\/p>\n","protected":false},"featured_media":721623,"comment_status":"open","ping_status":"closed","template":"","meta":[],"product_brand":[],"product_cat":[1756,1762],"product_tag":[],"acf":[],"_links":{"self":[{"href":"https:\/\/streetmarkets.fr\/app\/wp-json\/wp\/v2\/product\/721622"}],"collection":[{"href":"https:\/\/streetmarkets.fr\/app\/wp-json\/wp\/v2\/product"}],"about":[{"href":"https:\/\/streetmarkets.fr\/app\/wp-json\/wp\/v2\/types\/product"}],"replies":[{"embeddable":true,"href":"https:\/\/streetmarkets.fr\/app\/wp-json\/wp\/v2\/comments?post=721622"}],"wp:featuredmedia":[{"embeddable":true,"href":"https:\/\/streetmarkets.fr\/app\/wp-json\/wp\/v2\/media\/721623"}],"wp:attachment":[{"href":"https:\/\/streetmarkets.fr\/app\/wp-json\/wp\/v2\/media?parent=721622"}],"wp:term":[{"taxonomy":"product_brand","embeddable":true,"href":"https:\/\/streetmarkets.fr\/app\/wp-json\/wp\/v2\/product_brand?post=721622"},{"taxonomy":"product_cat","embeddable":true,"href":"https:\/\/streetmarkets.fr\/app\/wp-json\/wp\/v2\/product_cat?post=721622"},{"taxonomy":"product_tag","embeddable":true,"href":"https:\/\/streetmarkets.fr\/app\/wp-json\/wp\/v2\/product_tag?post=721622"}],"curies":[{"name":"wp","href":"https:\/\/api.w.org\/{rel}","templated":true}]}}