{"id":721561,"date":"2024-10-15T18:19:26","date_gmt":"2024-10-15T16:19:26","guid":{"rendered":"https:\/\/streetmarkets.fr\/app\/produit\/compania-fantastica-chemise-oversize-a-fleurs-jacaranda\/"},"modified":"2024-10-15T18:20:13","modified_gmt":"2024-10-15T16:20:13","slug":"compania-fantastica-chemise-oversize-a-fleurs-jacaranda","status":"publish","type":"product","link":"https:\/\/streetmarkets.fr\/app\/produit\/compania-fantastica-chemise-oversize-a-fleurs-jacaranda\/","title":{"rendered":"COMPANIA FANTASTICA &#8211; Chemise oversize \u00e0 fleurs Jacaranda"},"content":{"rendered":"<p>Chemise large en voile de coton \u00e0 imprim\u00e9 floral Jacaranda. Avec col \u00e0 revers et manches longues termin\u00e9es par poignets et boutons.<\/p>\n","protected":false},"excerpt":{"rendered":"<p>Chemise large en voile de coton \u00e0 imprim\u00e9 floral Jacaranda. Avec col \u00e0 revers et manches longues termin\u00e9es par poignets et boutons.<\/p>\n","protected":false},"featured_media":721562,"comment_status":"open","ping_status":"closed","template":"","meta":[],"product_brand":[],"product_cat":[1756,1762],"product_tag":[],"acf":[],"_links":{"self":[{"href":"https:\/\/streetmarkets.fr\/app\/wp-json\/wp\/v2\/product\/721561"}],"collection":[{"href":"https:\/\/streetmarkets.fr\/app\/wp-json\/wp\/v2\/product"}],"about":[{"href":"https:\/\/streetmarkets.fr\/app\/wp-json\/wp\/v2\/types\/product"}],"replies":[{"embeddable":true,"href":"https:\/\/streetmarkets.fr\/app\/wp-json\/wp\/v2\/comments?post=721561"}],"wp:featuredmedia":[{"embeddable":true,"href":"https:\/\/streetmarkets.fr\/app\/wp-json\/wp\/v2\/media\/721562"}],"wp:attachment":[{"href":"https:\/\/streetmarkets.fr\/app\/wp-json\/wp\/v2\/media?parent=721561"}],"wp:term":[{"taxonomy":"product_brand","embeddable":true,"href":"https:\/\/streetmarkets.fr\/app\/wp-json\/wp\/v2\/product_brand?post=721561"},{"taxonomy":"product_cat","embeddable":true,"href":"https:\/\/streetmarkets.fr\/app\/wp-json\/wp\/v2\/product_cat?post=721561"},{"taxonomy":"product_tag","embeddable":true,"href":"https:\/\/streetmarkets.fr\/app\/wp-json\/wp\/v2\/product_tag?post=721561"}],"curies":[{"name":"wp","href":"https:\/\/api.w.org\/{rel}","templated":true}]}}