{"id":721464,"date":"2024-10-15T18:19:22","date_gmt":"2024-10-15T16:19:22","guid":{"rendered":"https:\/\/streetmarkets.fr\/app\/produit\/lois-jeans-push-up-evase-bleu-clair\/"},"modified":"2024-10-15T18:20:12","modified_gmt":"2024-10-15T16:20:12","slug":"lois-jeans-push-up-evase-bleu-clair","status":"publish","type":"product","link":"https:\/\/streetmarkets.fr\/app\/produit\/lois-jeans-push-up-evase-bleu-clair\/","title":{"rendered":"LOIS &#8211; Jeans push up \u00e9vas\u00e9 &#8211; bleu clair"},"content":{"rendered":"<p>Mati\u00e8res :&nbsp;95% ALGODON 3% POLIESTER 2% ELASTANO<\/p>\n<p>Soins:&nbsp;Pour de meilleurs r\u00e9sultats, laver \u00e0 la machine selon les instructions sur l&#8217;\u00e9tiquette. Laver \u00e0 30 degr\u00e9s maximum. N&#8217;utilisez pas d&#8217;eau de Javel. Laver et repasser \u00e0 l&#8217;envers.<\/p>\n<p>&nbsp;<\/p>\n","protected":false},"excerpt":{"rendered":"<p>Mati\u00e8res :&nbsp;95% ALGODON 3% POLIESTER 2% ELASTANO Soins:&nbsp;Pour de meilleurs r\u00e9sultats, laver \u00e0 la machine selon les instructions sur l&#8217;\u00e9tiquette. Laver \u00e0 30 degr\u00e9s maximum. N&#8217;utilisez pas d&#8217;eau de Javel. Laver et repasser \u00e0 l&#8217;envers. &nbsp;<\/p>\n","protected":false},"featured_media":721465,"comment_status":"open","ping_status":"closed","template":"","meta":[],"product_brand":[],"product_cat":[1756,1762],"product_tag":[],"acf":[],"_links":{"self":[{"href":"https:\/\/streetmarkets.fr\/app\/wp-json\/wp\/v2\/product\/721464"}],"collection":[{"href":"https:\/\/streetmarkets.fr\/app\/wp-json\/wp\/v2\/product"}],"about":[{"href":"https:\/\/streetmarkets.fr\/app\/wp-json\/wp\/v2\/types\/product"}],"replies":[{"embeddable":true,"href":"https:\/\/streetmarkets.fr\/app\/wp-json\/wp\/v2\/comments?post=721464"}],"wp:featuredmedia":[{"embeddable":true,"href":"https:\/\/streetmarkets.fr\/app\/wp-json\/wp\/v2\/media\/721465"}],"wp:attachment":[{"href":"https:\/\/streetmarkets.fr\/app\/wp-json\/wp\/v2\/media?parent=721464"}],"wp:term":[{"taxonomy":"product_brand","embeddable":true,"href":"https:\/\/streetmarkets.fr\/app\/wp-json\/wp\/v2\/product_brand?post=721464"},{"taxonomy":"product_cat","embeddable":true,"href":"https:\/\/streetmarkets.fr\/app\/wp-json\/wp\/v2\/product_cat?post=721464"},{"taxonomy":"product_tag","embeddable":true,"href":"https:\/\/streetmarkets.fr\/app\/wp-json\/wp\/v2\/product_tag?post=721464"}],"curies":[{"name":"wp","href":"https:\/\/api.w.org\/{rel}","templated":true}]}}