{"id":721433,"date":"2024-10-15T18:19:21","date_gmt":"2024-10-15T16:19:21","guid":{"rendered":"https:\/\/streetmarkets.fr\/app\/produit\/msch-mschjuniper-lynette-jupe\/"},"modified":"2024-10-15T18:20:11","modified_gmt":"2024-10-15T16:20:11","slug":"msch-mschjuniper-lynette-jupe","status":"publish","type":"product","link":"https:\/\/streetmarkets.fr\/app\/produit\/msch-mschjuniper-lynette-jupe\/","title":{"rendered":"MSCH &#8211; MSCHJuniper Lynette Jupe"},"content":{"rendered":"<p>Raccord<\/p>\n<p>Cette jupe a une coupe l\u00e9g\u00e8rement ample.<\/p>\n<p>&nbsp;<\/p>\n<p>Composition<\/p>\n<p>68 % modal Lenzing et 32 % polyester. Cliquez ici pour en lire plus.<\/p>\n<p>&nbsp;<\/p>\n<p>Jupe longue<\/p>\n<p>Notre jupe Juniper a une coupe l\u00e9g\u00e8rement ample et donne une ambiance sans effort. La jupe pr\u00e9sente une taille \u00e9lastique et une jupe longue fluide. Portez-le avec une chemise ou un t-shirt oversize.<\/p>\n","protected":false},"excerpt":{"rendered":"<p>Raccord Cette jupe a une coupe l\u00e9g\u00e8rement ample. &nbsp; Composition 68 % modal Lenzing et 32 % polyester. Cliquez ici pour en lire plus. &nbsp; Jupe longue Notre jupe Juniper a une coupe l\u00e9g\u00e8rement ample et donne une ambiance sans effort. La jupe pr\u00e9sente une taille \u00e9lastique et une jupe longue fluide. Portez-le avec une [&hellip;]<\/p>\n","protected":false},"featured_media":721437,"comment_status":"open","ping_status":"closed","template":"","meta":[],"product_brand":[],"product_cat":[1756,1762],"product_tag":[],"acf":[],"_links":{"self":[{"href":"https:\/\/streetmarkets.fr\/app\/wp-json\/wp\/v2\/product\/721433"}],"collection":[{"href":"https:\/\/streetmarkets.fr\/app\/wp-json\/wp\/v2\/product"}],"about":[{"href":"https:\/\/streetmarkets.fr\/app\/wp-json\/wp\/v2\/types\/product"}],"replies":[{"embeddable":true,"href":"https:\/\/streetmarkets.fr\/app\/wp-json\/wp\/v2\/comments?post=721433"}],"wp:featuredmedia":[{"embeddable":true,"href":"https:\/\/streetmarkets.fr\/app\/wp-json\/wp\/v2\/media\/721437"}],"wp:attachment":[{"href":"https:\/\/streetmarkets.fr\/app\/wp-json\/wp\/v2\/media?parent=721433"}],"wp:term":[{"taxonomy":"product_brand","embeddable":true,"href":"https:\/\/streetmarkets.fr\/app\/wp-json\/wp\/v2\/product_brand?post=721433"},{"taxonomy":"product_cat","embeddable":true,"href":"https:\/\/streetmarkets.fr\/app\/wp-json\/wp\/v2\/product_cat?post=721433"},{"taxonomy":"product_tag","embeddable":true,"href":"https:\/\/streetmarkets.fr\/app\/wp-json\/wp\/v2\/product_tag?post=721433"}],"curies":[{"name":"wp","href":"https:\/\/api.w.org\/{rel}","templated":true}]}}