{"id":721162,"date":"2024-10-15T18:18:49","date_gmt":"2024-10-15T16:18:49","guid":{"rendered":"https:\/\/streetmarkets.fr\/app\/produit\/compania-fantastica-midi-dress-imprime-fleurs-bleu-marais\/"},"modified":"2024-10-15T18:19:19","modified_gmt":"2024-10-15T16:19:19","slug":"compania-fantastica-midi-dress-imprime-fleurs-bleu-marais","status":"publish","type":"product","link":"https:\/\/streetmarkets.fr\/app\/produit\/compania-fantastica-midi-dress-imprime-fleurs-bleu-marais\/","title":{"rendered":"COMPANIA FANTASTICA &#8211; Midi Dress imprim\u00e9 fleurs bleu marais"},"content":{"rendered":"<p>Robe chemise midi en serg\u00e9 de viscose \u00e0 imprim\u00e9 fleurs bleu marais. Avec col \u00e0 revers et manches courtes. Fermeture avant avec boutons et ceinture. Le mannequin mesure 177 cm et porte une taille S.<\/p>\n<p>41C\/12001\/5<\/p>\n<p>COMPOSITION : 100% viscose<\/p>\n","protected":false},"excerpt":{"rendered":"<p>Robe chemise midi en serg\u00e9 de viscose \u00e0 imprim\u00e9 fleurs bleu marais. Avec col \u00e0 revers et manches courtes. Fermeture avant avec boutons et ceinture. Le mannequin mesure 177 cm et porte une taille S. 41C\/12001\/5 COMPOSITION : 100% viscose<\/p>\n","protected":false},"featured_media":721163,"comment_status":"open","ping_status":"closed","template":"","meta":[],"product_brand":[],"product_cat":[1756,1758],"product_tag":[],"acf":[],"_links":{"self":[{"href":"https:\/\/streetmarkets.fr\/app\/wp-json\/wp\/v2\/product\/721162"}],"collection":[{"href":"https:\/\/streetmarkets.fr\/app\/wp-json\/wp\/v2\/product"}],"about":[{"href":"https:\/\/streetmarkets.fr\/app\/wp-json\/wp\/v2\/types\/product"}],"replies":[{"embeddable":true,"href":"https:\/\/streetmarkets.fr\/app\/wp-json\/wp\/v2\/comments?post=721162"}],"wp:featuredmedia":[{"embeddable":true,"href":"https:\/\/streetmarkets.fr\/app\/wp-json\/wp\/v2\/media\/721163"}],"wp:attachment":[{"href":"https:\/\/streetmarkets.fr\/app\/wp-json\/wp\/v2\/media?parent=721162"}],"wp:term":[{"taxonomy":"product_brand","embeddable":true,"href":"https:\/\/streetmarkets.fr\/app\/wp-json\/wp\/v2\/product_brand?post=721162"},{"taxonomy":"product_cat","embeddable":true,"href":"https:\/\/streetmarkets.fr\/app\/wp-json\/wp\/v2\/product_cat?post=721162"},{"taxonomy":"product_tag","embeddable":true,"href":"https:\/\/streetmarkets.fr\/app\/wp-json\/wp\/v2\/product_tag?post=721162"}],"curies":[{"name":"wp","href":"https:\/\/api.w.org\/{rel}","templated":true}]}}